{"id":42858,"date":"2022-05-29T11:29:10","date_gmt":"2022-05-29T09:29:10","guid":{"rendered":"https:\/\/bojungle.eu\/shop\/product\/b-light-music-rattle-giraf\/"},"modified":"2024-10-03T16:24:23","modified_gmt":"2024-10-03T14:24:23","slug":"b-light-music-rattle-giraf","status":"publish","type":"product","link":"https:\/\/www.bojungle.eu\/cs\/produkt\/b-light-music-rattle-giraf\/","title":{"rendered":"B-Light &amp; Music Rattle Giraf"},"content":{"rendered":"<p>Seznamte sv\u00e9 d\u00edt\u011b se sv\u011btem smyslov\u00e9 z\u00e1bavy s chrast\u00edtkem Light  Music! Toto rozko\u0161n\u00e9 chrast\u00edtko je navr\u017eeno tak, aby zaujalo nejmen\u0161\u00ed, blik\u00e1 hrav\u00fdmi sv\u011bt\u00fdlky a pouh\u00fdm zat\u0159esen\u00edm p\u0159ehr\u00e1v\u00e1 hudbu. Va\u0161e d\u00edt\u011b si zamiluje \u017ev\u00fdk\u00e1n\u00ed jeho m\u011bkk\u00fdch a bezpe\u010dn\u00fdch u\u0161\u00ed, tak\u017ee se stane jeho nov\u00fdm obl\u00edben\u00fdm spole\u010dn\u00edkem!   Key features: <\/p>\n<ul>\n<li><strong>Lehk\u00fd a snadno uchopiteln\u00fd:<\/strong> Ide\u00e1ln\u00ed pro drobn\u00e9 ruce, kter\u00e9 jej snadno uchop\u00ed a prot\u0159epou.<\/li>\n<li><strong>Bezpe\u010dn\u00fd materi\u00e1l bez n\u00e1t\u011br\u016f: <\/strong>Vyrobeno z netoxick\u00fdch materi\u00e1l\u016f, kter\u00e9 jsou bezpe\u010dn\u00e9 pro zkoum\u00e1n\u00ed d\u011btmi.<\/li>\n<li><strong>\u010cty\u0159i z\u00e1bavn\u00e9 re\u017eimy: <\/strong>Vyberte si z blikaj\u00edc\u00edch sv\u011btel, hudby nebo kombinace, kter\u00e1 v\u00e1s zabav\u00ed a uklidn\u00ed.<\/li>\n<li><strong>Vestav\u011bn\u00fd senzor: <\/strong>Senzor: Automatick\u00e1 aktivace sv\u011btel a zvuk\u016f p\u0159i zat\u0159esen\u00ed.<\/li>\n<li><strong>M\u011bkk\u00e9 kous\u00e1tko: <\/strong>\u0160etrn\u00e9 k d\u00e1sn\u00edm, ide\u00e1ln\u00ed pro d\u011bti p\u0159i pro\u0159ez\u00e1v\u00e1n\u00ed zoubk\u016f.<\/li>\n<\/ul>\n<p> Toto chrast\u00edtko, kter\u00e9 je dokonalou kombinac\u00ed z\u00e1bavy a funk\u010dnosti, va\u0161e d\u00edt\u011b jist\u011b zabav\u00ed a zaujme!<\/p>\n","protected":false},"excerpt":{"rendered":"<div class=\"flex max-w-full flex-col flex-grow\">\n<div class=\"min-h-8 text-message flex w-full flex-col items-end gap-2 whitespace-normal break-words [.text-message+&amp;]:mt-5\" dir=\"auto\" data-message-author-role=\"assistant\" data-message-id=\"cf1fb747-2e09-4348-b15e-3b3c290653a5\">\n<div class=\"flex w-full flex-col gap-1 empty:hidden first:pt-[3px]\">\n<div class=\"markdown prose w-full break-words dark:prose-invert light\"> Zat\u0159este, abyste rozz\u00e1\u0159ili sv\u011bt sv\u00e9ho d\u00edt\u011bte! Chrast\u00edtko Light  Music blik\u00e1 barevn\u00fdmi sv\u011bt\u00fdlky a hraje hudbu, zat\u00edmco jeho m\u011bkk\u00e1 kousac\u00ed ou\u0161ka uklid\u0148uj\u00ed d\u00e1sn\u011b. Chrast\u00edtko je vyrobeno z bezpe\u010dn\u00e9ho materi\u00e1lu bez barvy a m\u00e1 lehkou konstrukci, tak\u017ee se snadno uchopuje a je pln\u00e9 smyslov\u00e9 z\u00e1bavy!   <\/div>\n<\/div>\n<\/div>\n<\/div>\n<div class=\"mb-2 flex gap-3 empty:hidden -ml-2\">\n<div class=\"items-center justify-start rounded-xl p-1 flex\">\n<div class=\"flex items-center\">\n<div class=\"flex\"><\/div>\n<div class=\"flex items-center pb-0\"><\/div>\n<\/div>\n<\/div>\n<\/div>\n","protected":false},"featured_media":78191,"comment_status":"closed","ping_status":"closed","template":"","meta":{"_lmt_disableupdate":"","_lmt_disable":""},"product_brand":[],"product_cat":[483,669,605,608,471],"product_tag":[],"woo-feed-brand":[],"class_list":{"0":"post-42858","1":"product","2":"type-product","3":"status-publish","4":"has-post-thumbnail","6":"product_cat-barevne-hracky","7":"product_cat-chrastitka","8":"product_cat-hracky-pro-aktivity","9":"product_cat-hudebni-hracky","10":"product_cat-playtime-cs","12":"first","13":"instock","14":"taxable","15":"shipping-taxable","16":"purchasable","17":"product-type-simple"},"_links":{"self":[{"href":"https:\/\/www.bojungle.eu\/cs\/wp-json\/wp\/v2\/product\/42858","targetHints":{"allow":["GET"]}}],"collection":[{"href":"https:\/\/www.bojungle.eu\/cs\/wp-json\/wp\/v2\/product"}],"about":[{"href":"https:\/\/www.bojungle.eu\/cs\/wp-json\/wp\/v2\/types\/product"}],"replies":[{"embeddable":true,"href":"https:\/\/www.bojungle.eu\/cs\/wp-json\/wp\/v2\/comments?post=42858"}],"version-history":[{"count":2,"href":"https:\/\/www.bojungle.eu\/cs\/wp-json\/wp\/v2\/product\/42858\/revisions"}],"predecessor-version":[{"id":78222,"href":"https:\/\/www.bojungle.eu\/cs\/wp-json\/wp\/v2\/product\/42858\/revisions\/78222"}],"wp:featuredmedia":[{"embeddable":true,"href":"https:\/\/www.bojungle.eu\/cs\/wp-json\/wp\/v2\/media\/78191"}],"wp:attachment":[{"href":"https:\/\/www.bojungle.eu\/cs\/wp-json\/wp\/v2\/media?parent=42858"}],"wp:term":[{"taxonomy":"product_brand","embeddable":true,"href":"https:\/\/www.bojungle.eu\/cs\/wp-json\/wp\/v2\/product_brand?post=42858"},{"taxonomy":"product_cat","embeddable":true,"href":"https:\/\/www.bojungle.eu\/cs\/wp-json\/wp\/v2\/product_cat?post=42858"},{"taxonomy":"product_tag","embeddable":true,"href":"https:\/\/www.bojungle.eu\/cs\/wp-json\/wp\/v2\/product_tag?post=42858"},{"taxonomy":"woo-feed-brand","embeddable":true,"href":"https:\/\/www.bojungle.eu\/cs\/wp-json\/wp\/v2\/woo-feed-brand?post=42858"}],"curies":[{"name":"wp","href":"https:\/\/api.w.org\/{rel}","templated":true}]}}