{"id":42899,"date":"2022-05-29T11:26:15","date_gmt":"2022-05-29T09:26:15","guid":{"rendered":"https:\/\/bojungle.eu\/shop\/product\/oboustranny-kocarek-b-genius-light-grey\/"},"modified":"2022-05-29T11:26:15","modified_gmt":"2022-05-29T11:26:15","slug":"b-genius-reversible-stroller-light-grey","status":"publish","type":"product","link":"https:\/\/www.bojungle.eu\/cs\/produkt\/b-genius-reversible-stroller-light-grey\/","title":{"rendered":"Oboustrann\u00fd ko\u010d\u00e1rek B-Genius Light Grey"},"content":{"rendered":"<ul>\n<li>Ko\u010d\u00e1rek, kter\u00fd lze slo\u017eit do velikosti batohu!<\/li>\n<li>Velmi kompaktn\u00ed ve slo\u017een\u00e9m stavu (47 cm x 43 cm x 23 cm)<\/li>\n<li>V\u00e1\u017e\u00ed pouh\u00fdch 6,34 kg!<\/li>\n<li>Obousm\u011brn\u00e9 pou\u017eit\u00ed: snadn\u00e9 nastaven\u00ed (d\u00edly jsou sou\u010d\u00e1st\u00ed dod\u00e1vky) &#8211; Hlin\u00edkov\u00fd r\u00e1m &#8211; Nastaviteln\u00e1 z\u00e1dov\u00e1 op\u011brka: lze polo\u017eit a\u017e do \u00fahlu 170\u00b0 &#8211; Nastaviteln\u00e1 op\u011brka nohou &#8211; Odn\u00edmateln\u00fd op\u011brn\u00fd pol\u0161t\u00e1\u0159ek<\/li>\n<li>Ve slo\u017een\u00e9m stavu lze um\u00edstit na v\u00fd\u0161ku (vejde se jako p\u0159\u00edru\u010dn\u00ed zavazadlo do letadla).<\/li>\n<li>5bodov\u00e9 bezpe\u010dnostn\u00ed p\u00e1sy<\/li>\n<li>Odn\u00edmateln\u00e1 kola, slune\u010dn\u00ed st\u0159\u00ed\u0161ka a bezpe\u010dnostn\u00ed ty\u010d &#8211; No\u017en\u00ed brzdov\u00fd syst\u00e9m na zadn\u00edch kolech &#8211; Odv\u011btr\u00e1vac\u00ed zadn\u00ed strana<\/li>\n<li>Dod\u00e1van\u00e9 p\u0159\u00edslu\u0161enstv\u00ed: moskyti\u00e9ra, ochrana proti de\u0161ti, sada pro obousm\u011brn\u00e9 pou\u017eit\u00ed, p\u0159epravn\u00ed ta\u0161ka.<\/li>\n<li>Voliteln\u011b: autoseda\u010dka, adapt\u00e9ry Maxi Cosi a adapt\u00e9r pro p\u0159ipojen\u00ed dvou ko\u010d\u00e1rk\u016f k sob\u011b.<\/li>\n<li>Doporu\u010den\u00fd v\u011bk: 0-36 m\u011bs\u00edc\u016f, do 18 kg<\/li>\n<\/ul>\n","protected":false},"excerpt":{"rendered":"<p>Ko\u010d\u00e1rek, kter\u00fd lze slo\u017eit do velikosti batohu!<\/p>\n","protected":false},"featured_media":54664,"comment_status":"closed","ping_status":"closed","template":"","meta":{"_lmt_disableupdate":"","_lmt_disable":""},"product_brand":[],"product_cat":[641,627],"product_tag":[],"woo-feed-brand":[],"class_list":{"0":"post-42899","1":"product","2":"type-product","3":"status-publish","4":"has-post-thumbnail","6":"product_cat-kocarky","7":"product_cat-venkovni","9":"first","10":"instock","11":"taxable","12":"shipping-taxable","13":"purchasable","14":"product-type-simple"},"_links":{"self":[{"href":"https:\/\/www.bojungle.eu\/cs\/wp-json\/wp\/v2\/product\/42899","targetHints":{"allow":["GET"]}}],"collection":[{"href":"https:\/\/www.bojungle.eu\/cs\/wp-json\/wp\/v2\/product"}],"about":[{"href":"https:\/\/www.bojungle.eu\/cs\/wp-json\/wp\/v2\/types\/product"}],"replies":[{"embeddable":true,"href":"https:\/\/www.bojungle.eu\/cs\/wp-json\/wp\/v2\/comments?post=42899"}],"version-history":[{"count":0,"href":"https:\/\/www.bojungle.eu\/cs\/wp-json\/wp\/v2\/product\/42899\/revisions"}],"wp:featuredmedia":[{"embeddable":true,"href":"https:\/\/www.bojungle.eu\/cs\/wp-json\/wp\/v2\/media\/54664"}],"wp:attachment":[{"href":"https:\/\/www.bojungle.eu\/cs\/wp-json\/wp\/v2\/media?parent=42899"}],"wp:term":[{"taxonomy":"product_brand","embeddable":true,"href":"https:\/\/www.bojungle.eu\/cs\/wp-json\/wp\/v2\/product_brand?post=42899"},{"taxonomy":"product_cat","embeddable":true,"href":"https:\/\/www.bojungle.eu\/cs\/wp-json\/wp\/v2\/product_cat?post=42899"},{"taxonomy":"product_tag","embeddable":true,"href":"https:\/\/www.bojungle.eu\/cs\/wp-json\/wp\/v2\/product_tag?post=42899"},{"taxonomy":"woo-feed-brand","embeddable":true,"href":"https:\/\/www.bojungle.eu\/cs\/wp-json\/wp\/v2\/woo-feed-brand?post=42899"}],"curies":[{"name":"wp","href":"https:\/\/api.w.org\/{rel}","templated":true}]}}