{"id":42913,"date":"2022-05-29T11:26:15","date_gmt":"2022-05-29T09:26:15","guid":{"rendered":"https:\/\/bojungle.eu\/shop\/product\/b-hang-on-toy-chime-owl\/"},"modified":"2022-05-29T11:26:15","modified_gmt":"2022-05-29T11:26:15","slug":"b-hang-on-toy-windorgel-uil","status":"publish","type":"product","link":"https:\/\/www.bojungle.eu\/cs\/produkt\/b-hang-on-toy-windorgel-uil\/","title":{"rendered":"B-Hang On Toy Chime Owl"},"content":{"rendered":"<ul>\n<li>Dobr\u00e9 pro koordinaci rukou a o\u010d\u00ed<\/li>\n<li>Pom\u00e1h\u00e1 objevovat barvy a tvary<\/li>\n<li>Vyrobeno z m\u011bkk\u00e9ho ply\u0161e<\/li>\n<li>Snadn\u00e9 p\u0159ipevn\u011bn\u00ed na ko\u010d\u00e1rek, v aut\u011b nebo doma<\/li>\n<li>Vhodn\u00e9 pro d\u011bti od narozen\u00ed<\/li>\n<\/ul>\n","protected":false},"excerpt":{"rendered":"<p>Snadn\u00e9 p\u0159ipevn\u011bn\u00ed na ko\u010d\u00e1rek, v aut\u011b nebo doma<\/p>\n","protected":false},"featured_media":71661,"comment_status":"closed","ping_status":"closed","template":"","meta":{"_lmt_disableupdate":"","_lmt_disable":""},"product_brand":[],"product_cat":[483,471,485],"product_tag":[],"woo-feed-brand":[],"class_list":{"0":"post-42913","1":"product","2":"type-product","3":"status-publish","4":"has-post-thumbnail","6":"product_cat-barevne-hracky","7":"product_cat-playtime-cs","8":"product_cat-zavesne-hracky","10":"first","11":"outofstock","12":"taxable","13":"shipping-taxable","14":"purchasable","15":"product-type-simple"},"_links":{"self":[{"href":"https:\/\/www.bojungle.eu\/cs\/wp-json\/wp\/v2\/product\/42913","targetHints":{"allow":["GET"]}}],"collection":[{"href":"https:\/\/www.bojungle.eu\/cs\/wp-json\/wp\/v2\/product"}],"about":[{"href":"https:\/\/www.bojungle.eu\/cs\/wp-json\/wp\/v2\/types\/product"}],"replies":[{"embeddable":true,"href":"https:\/\/www.bojungle.eu\/cs\/wp-json\/wp\/v2\/comments?post=42913"}],"version-history":[{"count":0,"href":"https:\/\/www.bojungle.eu\/cs\/wp-json\/wp\/v2\/product\/42913\/revisions"}],"wp:featuredmedia":[{"embeddable":true,"href":"https:\/\/www.bojungle.eu\/cs\/wp-json\/wp\/v2\/media\/71661"}],"wp:attachment":[{"href":"https:\/\/www.bojungle.eu\/cs\/wp-json\/wp\/v2\/media?parent=42913"}],"wp:term":[{"taxonomy":"product_brand","embeddable":true,"href":"https:\/\/www.bojungle.eu\/cs\/wp-json\/wp\/v2\/product_brand?post=42913"},{"taxonomy":"product_cat","embeddable":true,"href":"https:\/\/www.bojungle.eu\/cs\/wp-json\/wp\/v2\/product_cat?post=42913"},{"taxonomy":"product_tag","embeddable":true,"href":"https:\/\/www.bojungle.eu\/cs\/wp-json\/wp\/v2\/product_tag?post=42913"},{"taxonomy":"woo-feed-brand","embeddable":true,"href":"https:\/\/www.bojungle.eu\/cs\/wp-json\/wp\/v2\/woo-feed-brand?post=42913"}],"curies":[{"name":"wp","href":"https:\/\/api.w.org\/{rel}","templated":true}]}}