{"id":42930,"date":"2022-05-29T11:26:15","date_gmt":"2022-05-29T09:26:15","guid":{"rendered":"https:\/\/bojungle.eu\/shop\/product\/podpurny-polstar-b-head-grey\/"},"modified":"2025-03-13T13:23:52","modified_gmt":"2025-03-13T12:23:52","slug":"b-head-support-pillow-grey","status":"publish","type":"product","link":"https:\/\/www.bojungle.eu\/cs\/produkt\/b-head-support-pillow-grey\/","title":{"rendered":"B-Podp\u011bra hlavy Pol\u0161t\u00e1\u0159 Grey"},"content":{"rendered":"<p data-start=\"62\" data-end=\"338\">Za\u017eijte vynikaj\u00edc\u00ed podporu krku a pohodl\u00ed s pol\u0161t\u00e1\u0159em Head Support Pillow, kter\u00fd je navr\u017een tak, aby poskytoval optim\u00e1ln\u00ed nastaven\u00ed hlavy a krku pro klidn\u00fd sp\u00e1nek. A\u0165 u\u017e jste doma, cestujete nebo pracujete dlouhou dobu, tento ergonomick\u00fd pol\u0161t\u00e1\u0159 pom\u00e1h\u00e1 sn\u00ed\u017eit nap\u011bt\u00ed a zlep\u0161it dr\u017een\u00ed t\u011bla. <\/p>\n<p data-start=\"62\" data-end=\"338\"><strong>Kl\u00ed\u010dov\u00e9 vlastnosti<\/strong><\/p>\n<ul>\n<li data-start=\"62\" data-end=\"338\"><strong data-start=\"366\" data-end=\"386\">Ergonomick\u00fd design<\/strong> &#8211; p\u0159izp\u016fsob\u00ed se va\u0161\u00ed hlav\u011b a krku pro maxim\u00e1ln\u00ed podporu<\/li>\n<li data-start=\"62\" data-end=\"338\"><strong data-start=\"444\" data-end=\"470\">Technologie pam\u011b\u0165ov\u00e9 p\u011bny <\/strong>&#8211; p\u0159izp\u016fsob\u00ed se va\u0161emu tvaru a poskytuje individu\u00e1ln\u00ed pohodl\u00ed.<\/li>\n<li data-start=\"62\" data-end=\"338\"><strong data-start=\"530\" data-end=\"567\">Prody\u0161n\u00fd a hypoalergenn\u00ed potah <\/strong>&#8211; udr\u017e\u00ed v\u00e1s v chladu a sv\u011b\u017eesti po celou noc<\/li>\n<li data-start=\"62\" data-end=\"338\"><strong data-start=\"609\" data-end=\"626\">V\u0161estrann\u00e9 pou\u017eit\u00ed<\/strong> &#8211; ide\u00e1ln\u00ed pro sp\u00e1nek, relaxaci nebo bedern\u00ed op\u011brku<\/li>\n<li data-start=\"62\" data-end=\"338\"><strong data-start=\"681\" data-end=\"707\">Lehk\u00e9 a p\u0159enosn\u00e9 &#8211;<\/strong> ide\u00e1ln\u00ed na cesty a do kancel\u00e1\u0159e<\/li>\n<\/ul>\n<p data-start=\"747\" data-end=\"878\" data-is-last-node=\"\" data-is-only-node=\"\">Rozlu\u010dte se s bolestmi krku a nepohodl\u00edm s pol\u0161t\u00e1\u0159em Head Support Pillow, va\u0161\u00edm dokonal\u00fdm spole\u010dn\u00edkem pro lep\u0161\u00ed sp\u00e1nek a relaxaci!<\/p>\n","protected":false},"excerpt":{"rendered":"<div class=\"flex max-w-full flex-col flex-grow\">\n<div class=\"min-h-8 text-message relative flex w-full flex-col items-end gap-2 whitespace-normal break-words text-start [.text-message+&amp;]:mt-5\" dir=\"auto\" data-message-author-role=\"assistant\" data-message-id=\"954ae71e-5acd-4af3-bb72-15859359c1da\" data-message-model-slug=\"gpt-4o\">\n<div class=\"flex w-full flex-col gap-1 empty:hidden first:pt-[3px]\">\n<div class=\"markdown prose w-full break-words dark:prose-invert light\">\n<p data-start=\"62\" data-end=\"315\" data-is-last-node=\"\" data-is-only-node=\"\">U\u017eijte si dokonalou oporu krku s pol\u0161t\u00e1\u0159em <strong data-start=\"98\" data-end=\"123\">Head Support Pillow<\/strong>! Jeho ergonomick\u00fd design a pam\u011b\u0165ov\u00e1 p\u011bna se p\u0159izp\u016fsob\u00ed va\u0161emu tvaru, sn\u00ed\u017e\u00ed nap\u011bt\u00ed a zlep\u0161\u00ed dr\u017een\u00ed t\u011bla. Lehk\u00fd, prody\u0161n\u00fd a ide\u00e1ln\u00ed pro pou\u017eit\u00ed doma, na cest\u00e1ch nebo v kancel\u00e1\u0159i &#8211; z\u016fsta\u0148te v pohodl\u00ed kdekoli! <\/p>\n<\/div>\n<\/div>\n<\/div>\n<\/div>\n","protected":false},"featured_media":68436,"comment_status":"closed","ping_status":"closed","template":"","meta":{"_lmt_disableupdate":"","_lmt_disable":""},"product_brand":[],"product_cat":[799,536,627,628],"product_tag":[],"woo-feed-brand":[],"class_list":{"0":"post-42930","1":"product","2":"type-product","3":"status-publish","4":"has-post-thumbnail","6":"product_cat-polstare","7":"product_cat-spanek","8":"product_cat-venkovni","9":"product_cat-venkovni-prislusenstvi","11":"first","12":"instock","13":"taxable","14":"shipping-taxable","15":"purchasable","16":"product-type-simple"},"_links":{"self":[{"href":"https:\/\/www.bojungle.eu\/cs\/wp-json\/wp\/v2\/product\/42930","targetHints":{"allow":["GET"]}}],"collection":[{"href":"https:\/\/www.bojungle.eu\/cs\/wp-json\/wp\/v2\/product"}],"about":[{"href":"https:\/\/www.bojungle.eu\/cs\/wp-json\/wp\/v2\/types\/product"}],"replies":[{"embeddable":true,"href":"https:\/\/www.bojungle.eu\/cs\/wp-json\/wp\/v2\/comments?post=42930"}],"version-history":[{"count":1,"href":"https:\/\/www.bojungle.eu\/cs\/wp-json\/wp\/v2\/product\/42930\/revisions"}],"predecessor-version":[{"id":79336,"href":"https:\/\/www.bojungle.eu\/cs\/wp-json\/wp\/v2\/product\/42930\/revisions\/79336"}],"wp:featuredmedia":[{"embeddable":true,"href":"https:\/\/www.bojungle.eu\/cs\/wp-json\/wp\/v2\/media\/68436"}],"wp:attachment":[{"href":"https:\/\/www.bojungle.eu\/cs\/wp-json\/wp\/v2\/media?parent=42930"}],"wp:term":[{"taxonomy":"product_brand","embeddable":true,"href":"https:\/\/www.bojungle.eu\/cs\/wp-json\/wp\/v2\/product_brand?post=42930"},{"taxonomy":"product_cat","embeddable":true,"href":"https:\/\/www.bojungle.eu\/cs\/wp-json\/wp\/v2\/product_cat?post=42930"},{"taxonomy":"product_tag","embeddable":true,"href":"https:\/\/www.bojungle.eu\/cs\/wp-json\/wp\/v2\/product_tag?post=42930"},{"taxonomy":"woo-feed-brand","embeddable":true,"href":"https:\/\/www.bojungle.eu\/cs\/wp-json\/wp\/v2\/woo-feed-brand?post=42930"}],"curies":[{"name":"wp","href":"https:\/\/api.w.org\/{rel}","templated":true}]}}