{"id":42933,"date":"2022-05-29T11:26:02","date_gmt":"2022-05-29T09:26:02","guid":{"rendered":"https:\/\/bojungle.eu\/shop\/product\/b-digital-detsky-kuchynsky-robot-6-v-1\/"},"modified":"2025-06-11T16:23:07","modified_gmt":"2025-06-11T14:23:07","slug":"b-digital-baby-food-processor-6-in-1","status":"publish","type":"product","link":"https:\/\/www.bojungle.eu\/cs\/produkt\/b-digital-baby-food-processor-6-in-1\/","title":{"rendered":"B-Digital D\u011btsk\u00fd kuchy\u0148sk\u00fd robot 6 v 1"},"content":{"rendered":"<ul>\n<li>Obsah 900 ml<\/li>\n<li>Digit\u00e1ln\u00ed displej a pou\u017eit\u00ed<\/li>\n<li>6 funkc\u00ed: Funkce va\u0159en\u00ed v p\u00e1\u0159e, automatick\u00e9 mixov\u00e1n\u00ed, sterilizace, oh\u0159ev, funkce udr\u017eov\u00e1n\u00ed teploty, funkce \u010di\u0161t\u011bn\u00ed.<\/li>\n<li>D\u00edly lze m\u00fdt v my\u010dce n\u00e1dob\u00ed<\/li>\n<li>Odm\u011brka, \u0161pachtle a kle\u0161t\u011b jsou sou\u010d\u00e1st\u00ed dod\u00e1vky<\/li>\n<li>Mo\u017enost va\u0159it v p\u00e1\u0159e dva druhy potravin v odd\u011blen\u00fdch n\u00e1dob\u00e1ch najednou, a to um\u00edst\u011bn\u00edm odm\u011brky na horn\u00ed \u010d\u00e1st napa\u0159ovac\u00edho ko\u0161e.<\/li>\n<li>2 rychlosti napa\u0159ov\u00e1n\u00ed: n\u00edzk\u00e1 nebo vysok\u00e1 rychlost<\/li>\n<li>2 rychlosti mixov\u00e1n\u00ed: n\u00edzk\u00e1 rychlost pro texturu s mal\u00fdmi kousky nebo vysok\u00e1 rychlost pro hladkou texturu.<\/li>\n<li>Automaticky se m\u00eds\u00ed v cyklech: 13 sekund zapnuto, 2 sekundy vypnuto (5 cykl\u016f)<\/li>\n<\/ul>\n<table border=\"1\">\n<tbody>\n<tr>\n<td>Manu\u00e1ln\u00ed\n<\/td>\n<td><a href=\"https:\/\/www.bojungle.eu\/wp-content\/uploads\/2025\/06\/2018-02-23-Handleiding-food-processor-v3.pdf\" target=\"_blank\" rel=\"noopener\">Klikn\u011bte zde<\/a><\/td>\n<\/tr>\n<\/tbody>\n<\/table>\n","protected":false},"excerpt":{"rendered":"<p>6 funkc\u00ed: Funkce va\u0159en\u00ed v p\u00e1\u0159e, automatick\u00e9 mixov\u00e1n\u00ed, sterilizace, oh\u0159ev, funkce udr\u017eov\u00e1n\u00ed teploty, funkce \u010di\u0161t\u011bn\u00ed.<\/p>\n","protected":false},"featured_media":74035,"comment_status":"closed","ping_status":"closed","template":"","meta":{"_lmt_disableupdate":"","_lmt_disable":""},"product_brand":[],"product_cat":[429,433],"product_tag":[],"woo-feed-brand":[],"class_list":{"0":"post-42933","1":"product","2":"type-product","3":"status-publish","4":"has-post-thumbnail","6":"product_cat-jidlo-a-piti","7":"product_cat-priprava-jidla","9":"first","10":"instock","11":"taxable","12":"shipping-taxable","13":"purchasable","14":"product-type-simple"},"_links":{"self":[{"href":"https:\/\/www.bojungle.eu\/cs\/wp-json\/wp\/v2\/product\/42933","targetHints":{"allow":["GET"]}}],"collection":[{"href":"https:\/\/www.bojungle.eu\/cs\/wp-json\/wp\/v2\/product"}],"about":[{"href":"https:\/\/www.bojungle.eu\/cs\/wp-json\/wp\/v2\/types\/product"}],"replies":[{"embeddable":true,"href":"https:\/\/www.bojungle.eu\/cs\/wp-json\/wp\/v2\/comments?post=42933"}],"version-history":[{"count":1,"href":"https:\/\/www.bojungle.eu\/cs\/wp-json\/wp\/v2\/product\/42933\/revisions"}],"predecessor-version":[{"id":80188,"href":"https:\/\/www.bojungle.eu\/cs\/wp-json\/wp\/v2\/product\/42933\/revisions\/80188"}],"wp:featuredmedia":[{"embeddable":true,"href":"https:\/\/www.bojungle.eu\/cs\/wp-json\/wp\/v2\/media\/74035"}],"wp:attachment":[{"href":"https:\/\/www.bojungle.eu\/cs\/wp-json\/wp\/v2\/media?parent=42933"}],"wp:term":[{"taxonomy":"product_brand","embeddable":true,"href":"https:\/\/www.bojungle.eu\/cs\/wp-json\/wp\/v2\/product_brand?post=42933"},{"taxonomy":"product_cat","embeddable":true,"href":"https:\/\/www.bojungle.eu\/cs\/wp-json\/wp\/v2\/product_cat?post=42933"},{"taxonomy":"product_tag","embeddable":true,"href":"https:\/\/www.bojungle.eu\/cs\/wp-json\/wp\/v2\/product_tag?post=42933"},{"taxonomy":"woo-feed-brand","embeddable":true,"href":"https:\/\/www.bojungle.eu\/cs\/wp-json\/wp\/v2\/woo-feed-brand?post=42933"}],"curies":[{"name":"wp","href":"https:\/\/api.w.org\/{rel}","templated":true}]}}