{"id":42971,"date":"2022-05-29T11:24:19","date_gmt":"2022-05-29T09:24:19","guid":{"rendered":"https:\/\/bojungle.eu\/shop\/product\/skladaci-sprchova-vana-b-seda-bila\/"},"modified":"2025-05-26T16:44:07","modified_gmt":"2025-05-26T14:44:07","slug":"b-skladaci-sprchova-vanicka-sedo-bila","status":"publish","type":"product","link":"https:\/\/www.bojungle.eu\/cs\/produkt\/b-skladaci-sprchova-vanicka-sedo-bila\/","title":{"rendered":"Skl\u00e1dac\u00ed sprchov\u00e1 vana B \u0161ed\u00e1\/b\u00edl\u00e1"},"content":{"rendered":"<p>Skl\u00e1dac\u00ed sprchov\u00e1 vana je vyrobena z prvot\u0159\u00eddn\u00edch silikonov\u00fdch d\u00edl\u016f a robustn\u00edho hlin\u00edkov\u00e9ho r\u00e1mu, tak\u017ee nab\u00edz\u00ed v\u00fdjime\u010dnou odolnost a nastavitelnost. Funkce nastaviteln\u00e9 v\u00fd\u0161ky zaji\u0161\u0165uje optim\u00e1ln\u00ed pohodl\u00ed pro u\u017eivatele v\u0161ech v\u011bkov\u00fdch kategori\u00ed a schopnost\u00ed. <\/p>\n<p>Na\u0161e vana je vybavena pohodln\u00fdm sed\u00e1tkem s p\u0159\u00edsavkami pro v\u011bt\u0161\u00ed stabilitu a oporu a poskytuje bezpe\u010dn\u00e9 prost\u0159ed\u00ed pro relaxaci nebo osv\u011b\u017euj\u00edc\u00ed sprchu.<\/p>\n<p>\u010ci\u0161t\u011bn\u00ed je snadn\u00e9 d\u00edky na\u0161emu u\u017eivatelsky p\u0159\u00edv\u011btiv\u00e9mu vypou\u0161t\u011bc\u00edmu uz\u00e1v\u011bru, kter\u00fd umo\u017e\u0148uje rychl\u00e9 a efektivn\u00ed odstran\u011bn\u00ed vody po ka\u017ed\u00e9m pou\u017eit\u00ed. Nav\u00edc si m\u016f\u017eete b\u00fdt jisti, \u017ee na\u0161e skl\u00e1dac\u00ed sprchov\u00e1 vana neobsahuje BPA, co\u017e je prioritou pro va\u0161e zdrav\u00ed a bezpe\u010dnost. <\/p>\n<p>Vylep\u0161ete sv\u016fj z\u00e1\u017eitek z koup\u00e1n\u00ed dokonalou kombinac\u00ed pohodl\u00ed, komfortu a v\u0161estrannosti. Vylep\u0161ete sv\u016fj prostor s na\u0161\u00ed skl\u00e1dac\u00ed sprchovou vanou je\u0161t\u011b dnes! <\/p>\n<ul>\n<li>Tuto vanu lze snadno um\u00edstit do sprchov\u00e9ho koutu nebo slou\u017eit jako alternativa k pevn\u00e9 van\u011b. D\u00edky silikonov\u00fdm d\u00edl\u016fm ve van\u011b a hlin\u00edkov\u00e9mu r\u00e1mu ji lze v\u00fd\u0161kov\u011b nastavit. Uvnit\u0159 vany je k dispozici sed\u00e1tko s p\u0159\u00edsavkami. D\u00edky vypou\u0161t\u011bc\u00edmu uz\u00e1v\u011bru lze vodu snadno odstranit.<\/li>\n<li>Neobsahuje BPA<\/li>\n<\/ul>\n<table border=\"1\">\n<tbody>\n<tr>\n<td>Manu\u00e1ln\u00ed\n<\/td>\n<td><a href=\"https:\/\/www.bojungle.eu\/wp-content\/uploads\/2025\/05\/Manual-B400700.pdf\" target=\"_blank\" rel=\"noopener\">Klikn\u011bte zde<\/a><\/td>\n<\/tr>\n<\/tbody>\n<\/table>\n","protected":false},"excerpt":{"rendered":"<p>Experience the unparalleled convenience and comfort of our Foldable Shower Bath in stylish Grey\/White! Transform your bathing routine with this innovative solution designed to seamlessly integrate into your shower space or function as a flexible alternative to a traditional fixed bath. <\/p>\n<p>&nbsp;<\/p>\n","protected":false},"featured_media":66616,"comment_status":"closed","ping_status":"closed","template":"","meta":{"_lmt_disableupdate":"","_lmt_disable":""},"product_brand":[],"product_cat":[578,506],"product_tag":[],"woo-feed-brand":[],"class_list":{"0":"post-42971","1":"product","2":"type-product","3":"status-publish","4":"has-post-thumbnail","6":"product_cat-dite-ve-vane","7":"product_cat-pece-o-telo","9":"first","10":"instock","11":"taxable","12":"shipping-taxable","13":"purchasable","14":"product-type-simple"},"_links":{"self":[{"href":"https:\/\/www.bojungle.eu\/cs\/wp-json\/wp\/v2\/product\/42971","targetHints":{"allow":["GET"]}}],"collection":[{"href":"https:\/\/www.bojungle.eu\/cs\/wp-json\/wp\/v2\/product"}],"about":[{"href":"https:\/\/www.bojungle.eu\/cs\/wp-json\/wp\/v2\/types\/product"}],"replies":[{"embeddable":true,"href":"https:\/\/www.bojungle.eu\/cs\/wp-json\/wp\/v2\/comments?post=42971"}],"version-history":[{"count":3,"href":"https:\/\/www.bojungle.eu\/cs\/wp-json\/wp\/v2\/product\/42971\/revisions"}],"predecessor-version":[{"id":79951,"href":"https:\/\/www.bojungle.eu\/cs\/wp-json\/wp\/v2\/product\/42971\/revisions\/79951"}],"wp:featuredmedia":[{"embeddable":true,"href":"https:\/\/www.bojungle.eu\/cs\/wp-json\/wp\/v2\/media\/66616"}],"wp:attachment":[{"href":"https:\/\/www.bojungle.eu\/cs\/wp-json\/wp\/v2\/media?parent=42971"}],"wp:term":[{"taxonomy":"product_brand","embeddable":true,"href":"https:\/\/www.bojungle.eu\/cs\/wp-json\/wp\/v2\/product_brand?post=42971"},{"taxonomy":"product_cat","embeddable":true,"href":"https:\/\/www.bojungle.eu\/cs\/wp-json\/wp\/v2\/product_cat?post=42971"},{"taxonomy":"product_tag","embeddable":true,"href":"https:\/\/www.bojungle.eu\/cs\/wp-json\/wp\/v2\/product_tag?post=42971"},{"taxonomy":"woo-feed-brand","embeddable":true,"href":"https:\/\/www.bojungle.eu\/cs\/wp-json\/wp\/v2\/woo-feed-brand?post=42971"}],"curies":[{"name":"wp","href":"https:\/\/api.w.org\/{rel}","templated":true}]}}