{"id":42979,"date":"2022-05-29T11:24:19","date_gmt":"2022-05-29T09:24:19","guid":{"rendered":"https:\/\/bojungle.eu\/shop\/product\/skladaci-detska-postylka-b-light-grey\/"},"modified":"2025-06-16T13:53:33","modified_gmt":"2025-06-16T11:53:33","slug":"b-skladaci-playard-svetle-seda","status":"publish","type":"product","link":"https:\/\/www.bojungle.eu\/cs\/produkt\/b-skladaci-playard-svetle-seda\/","title":{"rendered":"Skl\u00e1dac\u00ed d\u011btsk\u00e1 post\u00fdlka B Light Grey"},"content":{"rendered":"<ul>\n<li>Hled\u00e1te lehkou d\u011btskou post\u00fdlku, kterou lze snadno vz\u00edt s sebou na cesty a kterou m\u016f\u017eete b\u011bhem n\u011bkolika sekund postavit? Nehledejte nic jin\u00e9ho, na\u0161e skl\u00e1dac\u00ed d\u011btsk\u00e1 post\u00fdlka B-Foldable Playard zajist\u00ed bezpe\u010d\u00ed va\u0161eho miminka nebo batolete, a\u0165 u\u017e jste kdekoli.<\/li>\n<li>Hlavn\u00ed charakteristiky:<\/li>\n<li>Prostorn\u00fd design (rozm\u011bry: 75 cm x 120 cm x 140 cm)<\/li>\n<li>Vod\u011bodoln\u00e9 tkaniny a materi\u00e1ly, kter\u00e9 umo\u017e\u0148uj\u00ed pou\u017eit\u00ed v interi\u00e9ru i exteri\u00e9ru.<\/li>\n<li>Velmi lehk\u00fd r\u00e1m (7,9 kg), kter\u00fd se slo\u017e\u00ed a rozlo\u017e\u00ed b\u011bhem n\u011bkolika sekund: ide\u00e1ln\u00ed pro pou\u017eit\u00ed na cest\u00e1ch!<\/li>\n<li>Velmi kompaktn\u00ed ve slo\u017een\u00e9m stavu (rozm\u011bry: 23 cm x 23 cm x 100 cm)<\/li>\n<li>P\u0159epravn\u00ed ta\u0161ka je sou\u010d\u00e1st\u00ed dod\u00e1vky<\/li>\n<\/ul>\n<table border=\"1\">\n<tbody>\n<tr>\n<td>Manu\u00e1ln\u00ed\n<\/td>\n<td><a href=\"https:\/\/www.bojungle.eu\/wp-content\/uploads\/2025\/06\/Playard.pdf\" target=\"_blank\" rel=\"noopener\">Klikn\u011bte zde<\/a><\/td>\n<\/tr>\n<\/tbody>\n<\/table>\n","protected":false},"excerpt":{"rendered":"<p>Hled\u00e1te lehkou d\u011btskou post\u00fdlku, kterou lze snadno vz\u00edt s sebou na cesty a kterou m\u016f\u017eete b\u011bhem n\u011bkolika sekund postavit? Nehledejte nic jin\u00e9ho, na\u0161e skl\u00e1dac\u00ed d\u011btsk\u00e1 post\u00fdlka B-Foldable Playard zajist\u00ed bezpe\u010d\u00ed va\u0161eho miminka nebo batolete, a\u0165 u\u017e jste kdekoli.<\/p>\n","protected":false},"featured_media":75200,"comment_status":"closed","ping_status":"closed","template":"","meta":{"_lmt_disableupdate":"","_lmt_disable":""},"product_brand":[],"product_cat":[806,627],"product_tag":[],"woo-feed-brand":[],"class_list":{"0":"post-42979","1":"product","2":"type-product","3":"status-publish","4":"has-post-thumbnail","6":"product_cat-v-zahrade","7":"product_cat-venkovni","9":"first","10":"instock","11":"featured","12":"taxable","13":"shipping-taxable","14":"purchasable","15":"product-type-simple"},"_links":{"self":[{"href":"https:\/\/www.bojungle.eu\/cs\/wp-json\/wp\/v2\/product\/42979","targetHints":{"allow":["GET"]}}],"collection":[{"href":"https:\/\/www.bojungle.eu\/cs\/wp-json\/wp\/v2\/product"}],"about":[{"href":"https:\/\/www.bojungle.eu\/cs\/wp-json\/wp\/v2\/types\/product"}],"replies":[{"embeddable":true,"href":"https:\/\/www.bojungle.eu\/cs\/wp-json\/wp\/v2\/comments?post=42979"}],"version-history":[{"count":1,"href":"https:\/\/www.bojungle.eu\/cs\/wp-json\/wp\/v2\/product\/42979\/revisions"}],"predecessor-version":[{"id":80281,"href":"https:\/\/www.bojungle.eu\/cs\/wp-json\/wp\/v2\/product\/42979\/revisions\/80281"}],"wp:featuredmedia":[{"embeddable":true,"href":"https:\/\/www.bojungle.eu\/cs\/wp-json\/wp\/v2\/media\/75200"}],"wp:attachment":[{"href":"https:\/\/www.bojungle.eu\/cs\/wp-json\/wp\/v2\/media?parent=42979"}],"wp:term":[{"taxonomy":"product_brand","embeddable":true,"href":"https:\/\/www.bojungle.eu\/cs\/wp-json\/wp\/v2\/product_brand?post=42979"},{"taxonomy":"product_cat","embeddable":true,"href":"https:\/\/www.bojungle.eu\/cs\/wp-json\/wp\/v2\/product_cat?post=42979"},{"taxonomy":"product_tag","embeddable":true,"href":"https:\/\/www.bojungle.eu\/cs\/wp-json\/wp\/v2\/product_tag?post=42979"},{"taxonomy":"woo-feed-brand","embeddable":true,"href":"https:\/\/www.bojungle.eu\/cs\/wp-json\/wp\/v2\/woo-feed-brand?post=42979"}],"curies":[{"name":"wp","href":"https:\/\/api.w.org\/{rel}","templated":true}]}}