{"id":43047,"date":"2022-05-29T11:24:01","date_gmt":"2022-05-29T09:24:01","guid":{"rendered":"https:\/\/bojungle.eu\/shop\/product\/b-kalisek-na-piti-cpla-biologicky-rozlozitelna-terakota\/"},"modified":"2024-12-06T11:04:00","modified_gmt":"2024-12-06T10:04:00","slug":"b-poharek-na-piti-cpla-biologicky-odbouratelny-terakotovy","status":"publish","type":"product","link":"https:\/\/www.bojungle.eu\/cs\/produkt\/b-poharek-na-piti-cpla-biologicky-odbouratelny-terakotovy\/","title":{"rendered":"Biologicky rozlo\u017eiteln\u00fd kel\u00edmek CPLA Terra Cotta"},"content":{"rendered":"<div id=\"description\" class=\"tab-pane fade in active\" role=\"tabpanel\">\n<div class=\"product-description\">\n<p>P\u0159edstavujeme n\u00e1\u0161 ekologick\u00fd kel\u00edmek na pit\u00ed CPLA &#8211; ide\u00e1ln\u00ed volbu pro udr\u017eiteln\u00fd \u017eivot a zdrav\u00ed va\u0161\u00ed rodiny. Tento kel\u00edmek je vyroben z bioplastu CPLA, kter\u00fd se vyr\u00e1b\u00ed v\u00fdhradn\u011b z p\u0159\u00edrodn\u00edch, obnoviteln\u00fdch rostlinn\u00fdch zdroj\u016f, jako je kuku\u0159ice, maniok, cukrov\u00e1 t\u0159tina, cukrov\u00e1 \u0159epa, p\u0161enice a zem\u011bd\u011blsk\u00fd odpad, a p\u0159edstavuje tak zodpov\u011bdnou alternativu k tradi\u010dn\u00edm plast\u016fm. Na rozd\u00edl od b\u011b\u017en\u00e9ho plastu vyr\u00e1b\u011bn\u00e9ho z ropy je n\u00e1\u0161 kel\u00edmek CPLA 100% p\u0159\u00edrodn\u00ed, bez olej\u016f, toxin\u016f a t\u011b\u017ek\u00fdch kov\u016f, co\u017e zaji\u0161\u0165uje nejvy\u0161\u0161\u00ed bezpe\u010dnostn\u00ed standardy pro va\u0161e bl\u00edzk\u00e9. Je tak\u00e9 vhodn\u00fd do mikrovlnn\u00e9 trouby a my\u010dky n\u00e1dob\u00ed, tak\u017ee nab\u00edz\u00ed maxim\u00e1ln\u00ed pohodl\u00ed bez kompromis\u016f v oblasti p\u00e9\u010de o \u017eivotn\u00ed prost\u0159ed\u00ed. A\u0165 u\u017e pop\u00edj\u00edte doma nebo na cest\u00e1ch, kel\u00edmek na pit\u00ed CPLA je nejbezpe\u010dn\u011bj\u0161\u00ed a nejekologi\u010dt\u011bj\u0161\u00ed volbou pro va\u0161i rodinu. Nen\u00ed to dobr\u00e9 jen pro planetu &#8211; je to dobr\u00e9 i pro v\u00e1s. Zvolte udr\u017eitelnost, zvolte bezpe\u010dnost a vyberte si n\u00e1\u0161 kel\u00edmek na pit\u00ed CPLA je\u0161t\u011b dnes! <\/p>\n<p>&nbsp;<\/p>\n<\/div>\n<\/div>\n","protected":false},"excerpt":{"rendered":"<div id=\"description\" class=\"tab-pane fade in active\" role=\"tabpanel\">\n<div class=\"product-description\">\n<p>N\u00e1\u0161 ekologick\u00fd kel\u00edmek na pit\u00ed CPLA je vyroben ze 100% p\u0159\u00edrodn\u00edch rostlinn\u00fdch materi\u00e1l\u016f, jako je kuku\u0159ice a cukrov\u00e1 t\u0159tina, tak\u017ee neobsahuje oleje, toxiny ani t\u011b\u017ek\u00e9 kovy. Je bezpe\u010dn\u00fd pro mikrovlnn\u00e9 trouby i my\u010dky n\u00e1dob\u00ed a je ide\u00e1ln\u00ed volbou pro rodiny, kter\u00e9 cht\u011bj\u00ed ekologick\u00fd, netoxick\u00fd a pohodln\u00fd hrnek. Je udr\u017eiteln\u00fd a bezpe\u010dn\u00fd pro va\u0161e nejmen\u0161\u00ed, je to chyt\u0159ej\u0161\u00ed a ekologi\u010dt\u011bj\u0161\u00ed volba pro ka\u017edodenn\u00ed pou\u017eit\u00ed.  <\/p>\n<p>&nbsp;<\/p>\n<\/div>\n<\/div>\n<div id=\"product-details\" class=\"tab-pane fade\" style=\"box-sizing: inherit; opacity: 1; transition: opacity 0.15s linear 0s; display: block; margin-bottom: 20px; color: #000000; font-family: Roboto, Arial, Helvetica, sans-serif; font-size: 13px; font-style: normal; font-variant-ligatures: normal; font-variant-caps: normal; font-weight: 400; letter-spacing: normal; orphans: 2; text-align: start; text-indent: 0px; text-transform: none; white-space: normal; widows: 2; word-spacing: 0px; -webkit-text-stroke-width: 0px; background-color: #ffffff; text-decoration-thickness: initial; text-decoration-style: initial; text-decoration-color: initial;\" role=\"tabpanel\" data-product=\"{\"id_shop_default\":\"1\",\"id_manufacturer\":\"1\",\"id_supplier\":\"2\",\"reference\":\"B552000\",\"is_virtual\":\"0\",\"delivery_in_stock\":\"\",\"delivery_out_stock\":\"\",\"id_category_default\":\"342\",\"on_sale\":\"0\",\"online_only\":\"1\",\"ecotax\":0,\"minimal_quantity\":\"1\",\"low_stock_threshold\":null,\"low_stock_alert\":\"0\",\"price\":\"u20ac10.74\",\"unity\":\"\",\"unit_price_ratio\":\"0.000000\",\"additional_shipping_cost\":\"0.000000\",\"customizable\":\"0\",\"text_fields\":\"0\",\"uploadable_files\":\"0\",\"redirect_type\":\"404\",\"id_type_redirected\":\"0\",\"available_for_order\":\"1\",\"available_date\":\"0000-00-00\",\"show_condition\":\"0\",\"condition\":\"new\",\"show_price\":\"1\",\"indexed\":\"1\",\"visibility\":\"both\",\"cache_default_attribute\":\"0\",\"advanced_stock_management\":\"0\",\"date_add\":\"2021-09-29 10:31:30\",\"date_upd\":\"2022-02-04 15:32:19\",\"pack_stock_type\":\"0\",\"meta_description\":\"Discover our B-Drinking Cup CPLA Biodegradable Grey from the product range: Feeding | Bo Jungle\",\"meta_keywords\":\"\",\"meta_title\":\"B-Drinking Cup CPLA Biodegradable Grey | Bo Jungle\",\"link_rewrite\":\"b-drinking-cup-cpla-biodegradable-grey\",\"name\":\"B-Drinking Cup CPLA Biodegradable Grey\",\"description\":\"&lt;encoded_tag_open \/&gt;p&lt;encoded_tag_closed \/&gt;CPLA is made from natural plants and not from oil. lt could include corn, cassava, sugar cane, sugar beets, wheat, agricultural wastes and non-food plants. Therefore, CPLA is 100% natural, which means it has zero oil, zero toxicity, zero heavy metal. Further-more, it can be used in microwave and dishwasher. Therefor CPLA is the safest choice for your kids.&lt;encoded_tag_open \/&gt;\/p&lt;encoded_tag_closed \/&gt;r &lt;encoded_tag_open \/&gt;p&lt;encoded_tag_closed \/&gt;&lt;encoded_tag_open \/&gt;\/p&lt;encoded_tag_closed \/&gt;\",\"description_short\":\"&lt;encoded_tag_open \/&gt;p&lt;encoded_tag_closed \/&gt;B-Drinking Cup CPLA Biodegradable Grey&lt;encoded_tag_open \/&gt;\/p&lt;encoded_tag_closed \/&gt;\",\"available_now\":\"\",\"available_later\":\"\",\"id\":1045,\"id_product\":1045,\"out_of_stock\":0,\"new\":0,\"id_product_attribute\":\"0\",\"quantity_wanted\":1,\"extraContent\":[],\"allow_oosp\":true,\"category\":\"aan-tafel\",\"category_name\":\"At the table\",\"link\":\"https:\/\/bojungle.eu\/gb\/aan-tafel\/1045-b-drinking-cup-cpla-biodegradable-grey-1703735311005.html\",\"attribute_price\":0,\"price_tax_exc\":10.735537,\"price_without_reduction\":10.735537,\"reduction\":0,\"specific_prices\":[],\"quantity\":0,\"quantity_all_versions\":0,\"id_image\":\"gb-default\",\"features\":[],\"attachments\":[],\"virtual\":0,\"pack\":0,\"packItems\":[],\"nopackprice\":0,\"customization_required\":false,\"rate\":0,\"tax_name\":\"\",\"ecotax_rate\":0,\"unit_price\":\"\",\"customizations\":{\"fields\":[]},\"id_customization\":0,\"is_customizable\":false,\"show_quantities\":false,\"quantity_label\":\"Item\",\"quantity_discounts\":[],\"customer_group_discount\":0,\"images\":[{\"bySize\":{\"small_default\":{\"url\":\"https:\/\/bojungle.eu\/3119-small_default\/b-drinking-cup-cpla-biodegradable-grey.jpg\",\"width\":98,\"height\":98},\"cart_default\":{\"url\":\"https:\/\/bojungle.eu\/3119-cart_default\/b-drinking-cup-cpla-biodegradable-grey.jpg\",\"width\":125,\"height\":125},\"home_default\":{\"url\":\"https:\/\/bojungle.eu\/3119-home_default\/b-drinking-cup-cpla-biodegradable-grey.jpg\",\"width\":259,\"height\":259},\"medium_default\":{\"url\":\"https:\/\/bojungle.eu\/3119-medium_default\/b-drinking-cup-cpla-biodegradable-grey.jpg\",\"width\":452,\"height\":452},\"large_default\":{\"url\":\"https:\/\/bojungle.eu\/3119-large_default\/b-drinking-cup-cpla-biodegradable-grey.jpg\",\"width\":800,\"height\":800}},\"small\":{\"url\":\"https:\/\/bojungle.eu\/3119-small_default\/b-drinking-cup-cpla-biodegradable-grey.jpg\",\"width\":98,\"height\":98},\"medium\":{\"url\":\"https:\/\/bojungle.eu\/3119-home_default\/b-drinking-cup-cpla-biodegradable-grey.jpg\",\"width\":259,\"height\":259},\"large\":{\"url\":\"https:\/\/bojungle.eu\/3119-large_default\/b-drinking-cup-cpla-biodegradable-grey.jpg\",\"width\":800,\"height\":800},\"legend\":\"\",\"id_image\":\"3119\",\"cover\":null,\"position\":\"1\",\"associatedVariants\":[]},{\"bySize\":{\"small_default\":{\"url\":\"https:\/\/bojungle.eu\/3120-small_default\/b-drinking-cup-cpla-biodegradable-grey.jpg\",\"width\":98,\"height\":98},\"cart_default\":{\"url\":\"https:\/\/bojungle.eu\/3120-cart_default\/b-drinking-cup-cpla-biodegradable-grey.jpg\",\"width\":125,\"height\":125},\"home_default\":{\"url\":\"https:\/\/bojungle.eu\/3120-home_default\/b-drinking-cup-cpla-biodegradable-grey.jpg\",\"width\":259,\"height\":259},\"medium_default\":{\"url\":\"https:\/\/bojungle.eu\/3120-medium_default\/b-drinking-cup-cpla-biodegradable-grey.jpg\",\"width\":452,\"height\":452},\"large_default\":{\"url\":\"https:\/\/bojungle.eu\/3120-large_default\/b-drinking-cup-cpla-biodegradable-grey.jpg\",\"width\":800,\"height\":800}},\"small\":{\"url\":\"https:\/\/bojungle.eu\/3120-small_default\/b-drinking-cup-cpla-biodegradable-grey.jpg\",\"width\":98,\"height\":98},\"medium\":{\"url\":\"https:\/\/bojungle.eu\/3120-home_default\/b-drinking-cup-cpla-biodegradable-grey.jpg\",\"width\":259,\"height\":259},\"large\":{\"url\":\"https:\/\/bojungle.eu\/3120-large_default\/b-drinking-cup-cpla-biodegradable-grey.jpg\",\"width\":800,\"height\":800},\"legend\":\"\",\"id_image\":\"3120\",\"cover\":null,\"position\":\"2\",\"associatedVariants\":[]},{\"bySize\":{\"small_default\":{\"url\":\"https:\/\/bojungle.eu\/3121-small_default\/b-drinking-cup-cpla-biodegradable-grey.jpg\",\"width\":98,\"height\":98},\"cart_default\":{\"url\":\"https:\/\/bojungle.eu\/3121-cart_default\/b-drinking-cup-cpla-biodegradable-grey.jpg\",\"width\":125,\"height\":125},\"home_default\":{\"url\":\"https:\/\/bojungle.eu\/3121-home_default\/b-drinking-cup-cpla-biodegradable-grey.jpg\",\"width\":259,\"height\":259},\"medium_default\":{\"url\":\"https:\/\/bojungle.eu\/3121-medium_default\/b-drinking-cup-cpla-biodegradable-grey.jpg\",\"width\":452,\"height\":452},\"large_default\":{\"url\":\"https:\/\/bojungle.eu\/3121-large_default\/b-drinking-cup-cpla-biodegradable-grey.jpg\",\"width\":800,\"height\":800}},\"small\":{\"url\":\"https:\/\/bojungle.eu\/3121-small_default\/b-drinking-cup-cpla-biodegradable-grey.jpg\",\"width\":98,\"height\":98},\"medium\":{\"url\":\"https:\/\/bojungle.eu\/3121-home_default\/b-drinking-cup-cpla-biodegradable-grey.jpg\",\"width\":259,\"height\":259},\"large\":{\"url\":\"https:\/\/bojungle.eu\/3121-large_default\/b-drinking-cup-cpla-biodegradable-grey.jpg\",\"width\":800,\"height\":800},\"legend\":\"\",\"id_image\":\"3121\",\"cover\":null,\"position\":\"3\",\"associatedVariants\":[]},{\"bySize\":{\"small_default\":{\"url\":\"https:\/\/bojungle.eu\/3122-small_default\/b-drinking-cup-cpla-biodegradable-grey.jpg\",\"width\":98,\"height\":98},\"cart_default\":{\"url\":\"https:\/\/bojungle.eu\/3122-cart_default\/b-drinking-cup-cpla-biodegradable-grey.jpg\",\"width\":125,\"height\":125},\"home_default\":{\"url\":\"https:\/\/bojungle.eu\/3122-home_default\/b-drinking-cup-cpla-biodegradable-grey.jpg\",\"width\":259,\"height\":259},\"medium_default\":{\"url\":\"https:\/\/bojungle.eu\/3122-medium_default\/b-drinking-cup-cpla-biodegradable-grey.jpg\",\"width\":452,\"height\":452},\"large_default\":{\"url\":\"https:\/\/bojungle.eu\/3122-large_default\/b-drinking-cup-cpla-biodegradable-grey.jpg\",\"width\":800,\"height\":800}},\"small\":{\"url\":\"https:\/\/bojungle.eu\/3122-small_default\/b-drinking-cup-cpla-biodegradable-grey.jpg\",\"width\":98,\"height\":98},\"medium\":{\"url\":\"https:\/\/bojungle.eu\/3122-home_default\/b-drinking-cup-cpla-biodegradable-grey.jpg\",\"width\":259,\"height\":259},\"large\":{\"url\":\"https:\/\/bojungle.eu\/3122-large_default\/b-drinking-cup-cpla-biodegradable-grey.jpg\",\"width\":800,\"height\":800},\"legend\":\"\",\"id_image\":\"3122\",\"cover\":null,\"position\":\"4\",\"associatedVariants\":[]},{\"bySize\":{\"small_default\":{\"url\":\"https:\/\/bojungle.eu\/3353-small_default\/b-drinking-cup-cpla-biodegradable-grey.jpg\",\"width\":98,\"height\":98},\"cart_default\":{\"url\":\"https:\/\/bojungle.eu\/3353-cart_default\/b-drinking-cup-cpla-biodegradable-grey.jpg\",\"width\":125,\"height\":125},\"home_default\":{\"url\":\"https:\/\/bojungle.eu\/3353-home_default\/b-drinking-cup-cpla-biodegradable-grey.jpg\",\"width\":259,\"height\":259},\"medium_default\":{\"url\":\"https:\/\/bojungle.eu\/3353-medium_default\/b-drinking-cup-cpla-biodegradable-grey.jpg\",\"width\":452,\"height\":452},\"large_default\":{\"url\":\"https:\/\/bojungle.eu\/3353-large_default\/b-drinking-cup-cpla-biodegradable-grey.jpg\",\"width\":800,\"height\":800}},\"small\":{\"url\":\"https:\/\/bojungle.eu\/3353-small_default\/b-drinking-cup-cpla-biodegradable-grey.jpg\",\"width\":98,\"height\":98},\"medium\":{\"url\":\"https:\/\/bojungle.eu\/3353-home_default\/b-drinking-cup-cpla-biodegradable-grey.jpg\",\"width\":259,\"height\":259},\"large\":{\"url\":\"https:\/\/bojungle.eu\/3353-large_default\/b-drinking-cup-cpla-biodegradable-grey.jpg\",\"width\":800,\"height\":800},\"legend\":\"\",\"id_image\":\"3353\",\"cover\":\"1\",\"position\":\"5\",\"associatedVariants\":[]}],\"cover\":{\"bySize\":{\"small_default\":{\"url\":\"https:\/\/bojungle.eu\/3353-small_default\/b-drinking-cup-cpla-biodegradable-grey.jpg\",\"width\":98,\"height\":98},\"cart_default\":{\"url\":\"https:\/\/bojungle.eu\/3353-cart_default\/b-drinking-cup-cpla-biodegradable-grey.jpg\",\"width\":125,\"height\":125},\"home_default\":{\"url\":\"https:\/\/bojungle.eu\/3353-home_default\/b-drinking-cup-cpla-biodegradable-grey.jpg\",\"width\":259,\"height\":259},\"medium_default\":{\"url\":\"https:\/\/bojungle.eu\/3353-medium_default\/b-drinking-cup-cpla-biodegradable-grey.jpg\",\"width\":452,\"height\":452},\"large_default\":{\"url\":\"https:\/\/bojungle.eu\/3353-large_default\/b-drinking-cup-cpla-biodegradable-grey.jpg\",\"width\":800,\"height\":800}},\"small\":{\"url\":\"https:\/\/bojungle.eu\/3353-small_default\/b-drinking-cup-cpla-biodegradable-grey.jpg\",\"width\":98,\"height\":98},\"medium\":{\"url\":\"https:\/\/bojungle.eu\/3353-home_default\/b-drinking-cup-cpla-biodegradable-grey.jpg\",\"width\":259,\"height\":259},\"large\":{\"url\":\"https:\/\/bojungle.eu\/3353-large_default\/b-drinking-cup-cpla-biodegradable-grey.jpg\",\"width\":800,\"height\":800},\"legend\":\"\",\"id_image\":\"3353\",\"cover\":\"1\",\"position\":\"5\",\"associatedVariants\":[]},\"has_discount\":false,\"discount_type\":null,\"discount_percentage\":null,\"discount_percentage_absolute\":null,\"discount_amount\":null,\"discount_amount_to_display\":null,\"price_amount\":10.74,\"unit_price_full\":\"\",\"show_availability\":false,\"availability_message\":null,\"availability_date\":null,\"availability\":null}\"><\/div>\n","protected":false},"featured_media":70532,"comment_status":"closed","ping_status":"closed","template":"","meta":{"_lmt_disableupdate":"","_lmt_disable":""},"product_brand":[],"product_cat":[561,429,562],"product_tag":[],"woo-feed-brand":[],"class_list":{"0":"post-43047","1":"product","2":"type-product","3":"status-publish","4":"has-post-thumbnail","6":"product_cat-cas-vecere","7":"product_cat-jidlo-a-piti","8":"product_cat-rozsah-cpla","10":"first","11":"instock","12":"taxable","13":"shipping-taxable","14":"purchasable","15":"product-type-simple"},"_links":{"self":[{"href":"https:\/\/www.bojungle.eu\/cs\/wp-json\/wp\/v2\/product\/43047","targetHints":{"allow":["GET"]}}],"collection":[{"href":"https:\/\/www.bojungle.eu\/cs\/wp-json\/wp\/v2\/product"}],"about":[{"href":"https:\/\/www.bojungle.eu\/cs\/wp-json\/wp\/v2\/types\/product"}],"replies":[{"embeddable":true,"href":"https:\/\/www.bojungle.eu\/cs\/wp-json\/wp\/v2\/comments?post=43047"}],"version-history":[{"count":2,"href":"https:\/\/www.bojungle.eu\/cs\/wp-json\/wp\/v2\/product\/43047\/revisions"}],"predecessor-version":[{"id":78618,"href":"https:\/\/www.bojungle.eu\/cs\/wp-json\/wp\/v2\/product\/43047\/revisions\/78618"}],"wp:featuredmedia":[{"embeddable":true,"href":"https:\/\/www.bojungle.eu\/cs\/wp-json\/wp\/v2\/media\/70532"}],"wp:attachment":[{"href":"https:\/\/www.bojungle.eu\/cs\/wp-json\/wp\/v2\/media?parent=43047"}],"wp:term":[{"taxonomy":"product_brand","embeddable":true,"href":"https:\/\/www.bojungle.eu\/cs\/wp-json\/wp\/v2\/product_brand?post=43047"},{"taxonomy":"product_cat","embeddable":true,"href":"https:\/\/www.bojungle.eu\/cs\/wp-json\/wp\/v2\/product_cat?post=43047"},{"taxonomy":"product_tag","embeddable":true,"href":"https:\/\/www.bojungle.eu\/cs\/wp-json\/wp\/v2\/product_tag?post=43047"},{"taxonomy":"woo-feed-brand","embeddable":true,"href":"https:\/\/www.bojungle.eu\/cs\/wp-json\/wp\/v2\/woo-feed-brand?post=43047"}],"curies":[{"name":"wp","href":"https:\/\/api.w.org\/{rel}","templated":true}]}}