{"id":43056,"date":"2022-05-29T11:21:08","date_gmt":"2022-05-29T09:21:08","guid":{"rendered":"https:\/\/bojungle.eu\/shop\/product\/b-odtokova-trubka-pro-vanu-bear\/"},"modified":"2025-02-10T14:33:23","modified_gmt":"2025-02-10T13:33:23","slug":"b-draining-tube-for-bath-bear","status":"publish","type":"product","link":"https:\/\/www.bojungle.eu\/cs\/produkt\/b-draining-tube-for-bath-bear\/","title":{"rendered":"Draining Tube for Bath Bear"},"content":{"rendered":"<div id=\"description\" class=\"tab-pane fade in active\" role=\"tabpanel\">\n<div class=\"product-description\">\n<div class=\"flex-1 overflow-hidden @container\/thread translate-y-[1.5rem] -mt-[1.5rem] pb-[1.5rem]\">\n<div class=\"h-full\">\n<div class=\"react-scroll-to-bottom--css-qybng-79elbk h-full\">\n<div class=\"react-scroll-to-bottom--css-qybng-1n7m0yu\">\n<div class=\"flex flex-col text-sm md:pb-9\">\n<article class=\"w-full text-token-text-primary focus-visible:outline-2 focus-visible:outline-offset-[-4px]\" dir=\"auto\" data-testid=\"conversation-turn-3\" data-scroll-anchor=\"true\">\n<div class=\"m-auto text-base py-[18px] px-6\">\n<div class=\"mx-auto flex flex-1 gap-4 text-base md:gap-5 lg:gap-6 md:max-w-3xl\">\n<div class=\"group\/conversation-turn relative flex w-full min-w-0 flex-col agent-turn @xs\/thread:px-0 @sm\/thread:px-1.5 @md\/thread:px-4\">\n<div class=\"flex-col gap-1 md:gap-3\">\n<div class=\"flex max-w-full flex-col flex-grow\">\n<div class=\"min-h-8 text-message flex w-full flex-col items-end gap-2 whitespace-normal break-words text-start [.text-message+&amp;]:mt-5\" dir=\"auto\" data-message-author-role=\"assistant\" data-message-id=\"630864a0-8bd2-45e0-a4fb-e6553ac52155\" data-message-model-slug=\"gpt-4o-mini\">\n<div class=\"flex w-full flex-col gap-1 empty:hidden first:pt-[3px]\">\n<div class=\"markdown prose w-full break-words dark:prose-invert light\">\n<p>Vypou\u0161t\u011bc\u00ed trubice pro medv\u00eddka do vany od Bo Jungle je praktick\u00e9 p\u0159\u00edslu\u0161enstv\u00ed navr\u017een\u00e9 tak, aby usnadnilo \u00faklid p\u0159i koup\u00e1n\u00ed. Trubka \u00fa\u010dinn\u011b odv\u00e1d\u00ed vodu z va\u0161eho koupac\u00edho medv\u00eddka Bath Bear a zaji\u0161\u0165uje tak rychl\u00e9 a hygienick\u00e9 osu\u0161en\u00ed. Je dokonale dimenzovan\u00e1 pro syst\u00e9m vani\u010dky Bo Jungle a pom\u00e1h\u00e1 udr\u017eovat prostor vany \u010dist\u00fd a such\u00fd s minim\u00e1ln\u00edm \u00fasil\u00edm. Toto jednoduch\u00e9, ale \u00fa\u010dinn\u00e9 \u0159e\u0161en\u00ed, kter\u00e9 je ide\u00e1ln\u00ed pro zanepr\u00e1zdn\u011bn\u00e9 rodi\u010de, dod\u00e1 rutin\u011b koup\u00e1n\u00ed va\u0161eho d\u00edt\u011bte prakti\u010dnost.   <\/p>\n<\/div>\n<\/div>\n<\/div>\n<\/div>\n<\/div>\n<\/div>\n<\/div>\n<\/div>\n<\/article>\n<\/div>\n<\/div>\n<\/div>\n<\/div>\n<\/div>\n<\/div>\n<\/div>\n","protected":false},"excerpt":{"rendered":"<div id=\"description\" class=\"tab-pane fade in active\" role=\"tabpanel\">\n<div class=\"product-description\">\n<p>The Draining Tube for Bath Bear from Bo Jungle is a convenient accessory designed to make bath time cleanup easier. Thistube efficiently drains water from your B-Bath Bear, ensuring quick and hygienic drying. Perfectly sized for the Bo Jungle bath system, it helps keep the bath area clean and dry with minimal effort. Ideal for busy parents, this simple yet effective solution adds practicality to your baby\u2019s bath routine.   <\/p>\n<\/div>\n<\/div>\n","protected":false},"featured_media":69388,"comment_status":"closed","ping_status":"closed","template":"","meta":{"_lmt_disableupdate":"","_lmt_disable":""},"product_brand":[],"product_cat":[578,506],"product_tag":[],"woo-feed-brand":[],"class_list":{"0":"post-43056","1":"product","2":"type-product","3":"status-publish","4":"has-post-thumbnail","6":"product_cat-dite-ve-vane","7":"product_cat-pece-o-telo","9":"first","10":"instock","11":"taxable","12":"shipping-taxable","13":"purchasable","14":"product-type-simple"},"_links":{"self":[{"href":"https:\/\/www.bojungle.eu\/cs\/wp-json\/wp\/v2\/product\/43056","targetHints":{"allow":["GET"]}}],"collection":[{"href":"https:\/\/www.bojungle.eu\/cs\/wp-json\/wp\/v2\/product"}],"about":[{"href":"https:\/\/www.bojungle.eu\/cs\/wp-json\/wp\/v2\/types\/product"}],"replies":[{"embeddable":true,"href":"https:\/\/www.bojungle.eu\/cs\/wp-json\/wp\/v2\/comments?post=43056"}],"version-history":[{"count":1,"href":"https:\/\/www.bojungle.eu\/cs\/wp-json\/wp\/v2\/product\/43056\/revisions"}],"predecessor-version":[{"id":79014,"href":"https:\/\/www.bojungle.eu\/cs\/wp-json\/wp\/v2\/product\/43056\/revisions\/79014"}],"wp:featuredmedia":[{"embeddable":true,"href":"https:\/\/www.bojungle.eu\/cs\/wp-json\/wp\/v2\/media\/69388"}],"wp:attachment":[{"href":"https:\/\/www.bojungle.eu\/cs\/wp-json\/wp\/v2\/media?parent=43056"}],"wp:term":[{"taxonomy":"product_brand","embeddable":true,"href":"https:\/\/www.bojungle.eu\/cs\/wp-json\/wp\/v2\/product_brand?post=43056"},{"taxonomy":"product_cat","embeddable":true,"href":"https:\/\/www.bojungle.eu\/cs\/wp-json\/wp\/v2\/product_cat?post=43056"},{"taxonomy":"product_tag","embeddable":true,"href":"https:\/\/www.bojungle.eu\/cs\/wp-json\/wp\/v2\/product_tag?post=43056"},{"taxonomy":"woo-feed-brand","embeddable":true,"href":"https:\/\/www.bojungle.eu\/cs\/wp-json\/wp\/v2\/woo-feed-brand?post=43056"}],"curies":[{"name":"wp","href":"https:\/\/api.w.org\/{rel}","templated":true}]}}