{"id":43076,"date":"2022-05-29T11:19:42","date_gmt":"2022-05-29T09:19:42","guid":{"rendered":"https:\/\/bojungle.eu\/shop\/product\/b-dose-shady-grey\/"},"modified":"2022-05-29T11:19:42","modified_gmt":"2022-05-29T11:19:42","slug":"b-dose-grey","status":"publish","type":"product","link":"https:\/\/www.bojungle.eu\/cs\/produkt\/b-dose-grey\/","title":{"rendered":"B-Dose Shady Grey"},"content":{"rendered":"<ul>\n<li>Stohovan\u00fd d\u00e1vkova\u010d su\u0161en\u00e9ho d\u011btsk\u00e9ho ml\u00e9ka<\/li>\n<li>Snadn\u00e9 p\u0159en\u00e1\u0161en\u00ed<\/li>\n<li>Uzav\u00edr\u00e1 se 100% hermeticky<\/li>\n<li>4 odd\u011blen\u00e9 p\u0159ihr\u00e1dky a 1 v\u00fdlevka<\/li>\n<li>Lze sterilizovat<\/li>\n<\/ul>\n","protected":false},"excerpt":{"rendered":"<p>Stohovan\u00fd d\u00e1vkova\u010d su\u0161en\u00e9ho d\u011btsk\u00e9ho ml\u00e9ka<\/p>\n","protected":false},"featured_media":72828,"comment_status":"closed","ping_status":"closed","template":"","meta":{"_lmt_disableupdate":"","_lmt_disable":""},"product_brand":[],"product_cat":[429,433],"product_tag":[],"woo-feed-brand":[],"class_list":{"0":"post-43076","1":"product","2":"type-product","3":"status-publish","4":"has-post-thumbnail","6":"product_cat-jidlo-a-piti","7":"product_cat-priprava-jidla","9":"first","10":"instock","11":"taxable","12":"shipping-taxable","13":"purchasable","14":"product-type-simple"},"_links":{"self":[{"href":"https:\/\/www.bojungle.eu\/cs\/wp-json\/wp\/v2\/product\/43076","targetHints":{"allow":["GET"]}}],"collection":[{"href":"https:\/\/www.bojungle.eu\/cs\/wp-json\/wp\/v2\/product"}],"about":[{"href":"https:\/\/www.bojungle.eu\/cs\/wp-json\/wp\/v2\/types\/product"}],"replies":[{"embeddable":true,"href":"https:\/\/www.bojungle.eu\/cs\/wp-json\/wp\/v2\/comments?post=43076"}],"version-history":[{"count":0,"href":"https:\/\/www.bojungle.eu\/cs\/wp-json\/wp\/v2\/product\/43076\/revisions"}],"wp:featuredmedia":[{"embeddable":true,"href":"https:\/\/www.bojungle.eu\/cs\/wp-json\/wp\/v2\/media\/72828"}],"wp:attachment":[{"href":"https:\/\/www.bojungle.eu\/cs\/wp-json\/wp\/v2\/media?parent=43076"}],"wp:term":[{"taxonomy":"product_brand","embeddable":true,"href":"https:\/\/www.bojungle.eu\/cs\/wp-json\/wp\/v2\/product_brand?post=43076"},{"taxonomy":"product_cat","embeddable":true,"href":"https:\/\/www.bojungle.eu\/cs\/wp-json\/wp\/v2\/product_cat?post=43076"},{"taxonomy":"product_tag","embeddable":true,"href":"https:\/\/www.bojungle.eu\/cs\/wp-json\/wp\/v2\/product_tag?post=43076"},{"taxonomy":"woo-feed-brand","embeddable":true,"href":"https:\/\/www.bojungle.eu\/cs\/wp-json\/wp\/v2\/woo-feed-brand?post=43076"}],"curies":[{"name":"wp","href":"https:\/\/api.w.org\/{rel}","templated":true}]}}