{"id":43089,"date":"2022-05-29T11:21:04","date_gmt":"2022-05-29T09:21:04","guid":{"rendered":"https:\/\/bojungle.eu\/shop\/product\/b-davka-modra-velryba\/"},"modified":"2022-05-29T11:21:04","modified_gmt":"2022-05-29T11:21:04","slug":"b-dose-blue-whale","status":"publish","type":"product","link":"https:\/\/www.bojungle.eu\/cs\/produkt\/b-dose-blue-whale\/","title":{"rendered":"B-d\u00e1vka Modr\u00e1 velryba"},"content":{"rendered":"<ul>\n<li>Stohovac\u00ed d\u00e1vkova\u010d su\u0161en\u00e9ho d\u011btsk\u00e9ho ml\u00e9ka se samostatn\u00fdm nal\u00e9vac\u00edm hrdlem pro ka\u017edou p\u0159ihr\u00e1dku<\/li>\n<li>Snadn\u00e9 bran\u00ed na cesty<\/li>\n<li>Uzav\u00edr\u00e1 se 100% hermeticky<\/li>\n<li>3 odd\u011blen\u00e9 p\u0159ihr\u00e1dky, ka\u017ed\u00e1 m\u00e1 vlastn\u00ed v\u00fdlevku<\/li>\n<li>Lze sterilizovat<\/li>\n<\/ul>\n","protected":false},"excerpt":{"rendered":"<p>Stohovac\u00ed d\u00e1vkova\u010d su\u0161en\u00e9ho d\u011btsk\u00e9ho ml\u00e9ka se samostatn\u00fdm nal\u00e9vac\u00edm hrdlem pro ka\u017edou p\u0159ihr\u00e1dku<\/p>\n","protected":false},"featured_media":72938,"comment_status":"closed","ping_status":"closed","template":"","meta":{"_lmt_disableupdate":"","_lmt_disable":""},"product_brand":[],"product_cat":[429,433],"product_tag":[],"woo-feed-brand":[],"class_list":{"0":"post-43089","1":"product","2":"type-product","3":"status-publish","4":"has-post-thumbnail","6":"product_cat-jidlo-a-piti","7":"product_cat-priprava-jidla","9":"first","10":"instock","11":"taxable","12":"shipping-taxable","13":"purchasable","14":"product-type-simple"},"_links":{"self":[{"href":"https:\/\/www.bojungle.eu\/cs\/wp-json\/wp\/v2\/product\/43089","targetHints":{"allow":["GET"]}}],"collection":[{"href":"https:\/\/www.bojungle.eu\/cs\/wp-json\/wp\/v2\/product"}],"about":[{"href":"https:\/\/www.bojungle.eu\/cs\/wp-json\/wp\/v2\/types\/product"}],"replies":[{"embeddable":true,"href":"https:\/\/www.bojungle.eu\/cs\/wp-json\/wp\/v2\/comments?post=43089"}],"version-history":[{"count":0,"href":"https:\/\/www.bojungle.eu\/cs\/wp-json\/wp\/v2\/product\/43089\/revisions"}],"wp:featuredmedia":[{"embeddable":true,"href":"https:\/\/www.bojungle.eu\/cs\/wp-json\/wp\/v2\/media\/72938"}],"wp:attachment":[{"href":"https:\/\/www.bojungle.eu\/cs\/wp-json\/wp\/v2\/media?parent=43089"}],"wp:term":[{"taxonomy":"product_brand","embeddable":true,"href":"https:\/\/www.bojungle.eu\/cs\/wp-json\/wp\/v2\/product_brand?post=43089"},{"taxonomy":"product_cat","embeddable":true,"href":"https:\/\/www.bojungle.eu\/cs\/wp-json\/wp\/v2\/product_cat?post=43089"},{"taxonomy":"product_tag","embeddable":true,"href":"https:\/\/www.bojungle.eu\/cs\/wp-json\/wp\/v2\/product_tag?post=43089"},{"taxonomy":"woo-feed-brand","embeddable":true,"href":"https:\/\/www.bojungle.eu\/cs\/wp-json\/wp\/v2\/woo-feed-brand?post=43089"}],"curies":[{"name":"wp","href":"https:\/\/api.w.org\/{rel}","templated":true}]}}