{"id":43136,"date":"2022-05-29T11:16:57","date_gmt":"2022-05-29T09:16:57","guid":{"rendered":"https:\/\/bojungle.eu\/shop\/product\/zidle-b-dinner-wheely-pink\/"},"modified":"2022-05-29T11:16:57","modified_gmt":"2022-05-29T11:16:57","slug":"b-vecere-zidle-ruzova","status":"publish","type":"product","link":"https:\/\/www.bojungle.eu\/cs\/produkt\/b-vecere-zidle-ruzova\/","title":{"rendered":"\u017didle B-Dinner Wheely Pink"},"content":{"rendered":"<ul>\n<li>Design a funk\u010dnost v jednom!<\/li>\n<li>Velmi kompaktn\u00ed ve slo\u017een\u00e9m stavu<\/li>\n<li>Vyj\u00edmateln\u00e1 vlo\u017eka z\u00e1sobn\u00edku<\/li>\n<li>Snadn\u00e9 \u010di\u0161t\u011bn\u00ed<\/li>\n<li>Luxusn\u00ed potah sedadla z PU k\u016f\u017ee<\/li>\n<li>Hlin\u00edkov\u00e9 trubky<\/li>\n<li>5bodov\u00e9 bezpe\u010dnostn\u00ed p\u00e1sy<\/li>\n<li>Op\u011bradlo nastaviteln\u00e9 ve 3 poloh\u00e1ch, op\u011brka nohou ve 3 poloh\u00e1ch, podnos ve 3 poloh\u00e1ch<\/li>\n<li>Zadn\u00ed kola lze uzamknout<\/li>\n<li>7 mo\u017en\u00fdch v\u00fd\u0161kov\u00fdch poloh<\/li>\n<li>Potravin\u00e1\u0159sk\u00e9 plasty<\/li>\n<\/ul>\n","protected":false},"excerpt":{"rendered":"<p>Design a funk\u010dnost v jednom!<\/p>\n","protected":false},"featured_media":75230,"comment_status":"closed","ping_status":"closed","template":"","meta":{"_lmt_disableupdate":"","_lmt_disable":""},"product_brand":[],"product_cat":[429,651],"product_tag":[],"woo-feed-brand":[],"class_list":{"0":"post-43136","1":"product","2":"type-product","3":"status-publish","4":"has-post-thumbnail","6":"product_cat-jidlo-a-piti","7":"product_cat-vysoke-zidlicky-a-detske-sedacky","9":"first","10":"instock","11":"taxable","12":"shipping-taxable","13":"purchasable","14":"product-type-simple"},"_links":{"self":[{"href":"https:\/\/www.bojungle.eu\/cs\/wp-json\/wp\/v2\/product\/43136","targetHints":{"allow":["GET"]}}],"collection":[{"href":"https:\/\/www.bojungle.eu\/cs\/wp-json\/wp\/v2\/product"}],"about":[{"href":"https:\/\/www.bojungle.eu\/cs\/wp-json\/wp\/v2\/types\/product"}],"replies":[{"embeddable":true,"href":"https:\/\/www.bojungle.eu\/cs\/wp-json\/wp\/v2\/comments?post=43136"}],"version-history":[{"count":0,"href":"https:\/\/www.bojungle.eu\/cs\/wp-json\/wp\/v2\/product\/43136\/revisions"}],"wp:featuredmedia":[{"embeddable":true,"href":"https:\/\/www.bojungle.eu\/cs\/wp-json\/wp\/v2\/media\/75230"}],"wp:attachment":[{"href":"https:\/\/www.bojungle.eu\/cs\/wp-json\/wp\/v2\/media?parent=43136"}],"wp:term":[{"taxonomy":"product_brand","embeddable":true,"href":"https:\/\/www.bojungle.eu\/cs\/wp-json\/wp\/v2\/product_brand?post=43136"},{"taxonomy":"product_cat","embeddable":true,"href":"https:\/\/www.bojungle.eu\/cs\/wp-json\/wp\/v2\/product_cat?post=43136"},{"taxonomy":"product_tag","embeddable":true,"href":"https:\/\/www.bojungle.eu\/cs\/wp-json\/wp\/v2\/product_tag?post=43136"},{"taxonomy":"woo-feed-brand","embeddable":true,"href":"https:\/\/www.bojungle.eu\/cs\/wp-json\/wp\/v2\/woo-feed-brand?post=43136"}],"curies":[{"name":"wp","href":"https:\/\/api.w.org\/{rel}","templated":true}]}}