{"id":43208,"date":"2022-05-29T11:14:19","date_gmt":"2022-05-29T09:14:19","guid":{"rendered":"https:\/\/bojungle.eu\/shop\/product\/b-cosy-grey-jersey\/"},"modified":"2024-08-21T16:46:27","modified_gmt":"2024-08-21T14:46:27","slug":"b-cosy-grey-jersey","status":"publish","type":"product","link":"https:\/\/www.bojungle.eu\/cs\/produkt\/b-cosy-grey-jersey\/","title":{"rendered":"B-Cosy Jersey Grey"},"content":{"rendered":"<p>P\u0159edstavujeme ergonomick\u00fd pol\u0161t\u00e1\u0159 B-Cosy Jersey Grey, dokonal\u00e9 \u0159e\u0161en\u00ed, kter\u00e9 zajist\u00ed, \u017ee hlavi\u010dka va\u0161eho d\u00edt\u011bte z\u016fstane kr\u00e1sn\u011b kulat\u00e1 a dob\u0159e podep\u0159en\u00e1 od prvn\u00edho dne. Tento univerz\u00e1ln\u00ed pol\u0161t\u00e1\u0159 je navr\u017een s ohledem na pohodl\u00ed a zdrav\u00ed va\u0161eho d\u00edt\u011bte a je ide\u00e1ln\u00ed pro pou\u017eit\u00ed v ko\u010d\u00e1rc\u00edch, autoseda\u010dk\u00e1ch, houpa\u010dk\u00e1ch, hopsadlech, d\u011btsk\u00fdch post\u00fdlk\u00e1ch a kol\u00e9bk\u00e1ch. <strong>Kl\u00ed\u010dov\u00e9 vlastnosti:<\/strong><\/p>\n<ul>\n<li><strong>Ergonomick\u00fd design:<\/strong> Vhodn\u011b tvarovan\u00e1 tak, aby rovnom\u011brn\u011b rozkl\u00e1dala tlak na hlavu d\u00edt\u011bte a zabra\u0148ovala syndromu ploch\u00e9 hlavy.<\/li>\n<li><strong>Pou\u017e\u00edv\u00e1 se od narozen\u00ed:<\/strong> Vhodn\u00e9 pro novorozence, kter\u00fdm poskytuje nezbytnou podporu v prvn\u00edch m\u011bs\u00edc\u00edch \u017eivota.<\/li>\n<li><strong>M\u011bkk\u00e9 a prody\u0161n\u00e9 materi\u00e1ly:<\/strong> Vyrobeno z vysoce kvalitn\u00edch, prody\u0161n\u00fdch materi\u00e1l\u016f, kter\u00e9 udr\u017e\u00ed va\u0161e d\u00edt\u011b v pohodl\u00ed a komfortu bez ohledu na ro\u010dn\u00ed obdob\u00ed.<\/li>\n<li><strong>V\u0161estrann\u00e9 pou\u017eit\u00ed:<\/strong> Bez probl\u00e9m\u016f se vejde do ko\u010d\u00e1rk\u016f, autoseda\u010dek, houpa\u010dek, hopsadel, d\u011btsk\u00fdch post\u00fdlek a post\u00fdlek, tak\u017ee je pohodlnou volbou pro zanepr\u00e1zdn\u011bn\u00e9 rodi\u010de na cest\u00e1ch.<\/li>\n<li><strong>Ergonomick\u00fd design: <\/strong> Vhodn\u011b tvarovan\u00e1 tak, aby rovnom\u011brn\u011b rozkl\u00e1dala tlak na hlavu d\u00edt\u011bte a zabra\u0148ovala syndromu ploch\u00e9 hlavy.<\/li>\n<\/ul>\n<p> Dop\u0159ejte sv\u00e9mu d\u00edt\u011bti ten nejlep\u0161\u00ed start s ergonomick\u00fdm pol\u0161t\u00e1\u0159em B-Cosy Jersey Grey, ve kter\u00e9m se pohodl\u00ed snoub\u00ed s prakti\u010dnost\u00ed. Nezbytn\u00e1 v\u00fdbava pro ka\u017ed\u00e9ho rodi\u010de, kter\u00fd se star\u00e1 o blaho a \u0161t\u011bst\u00ed sv\u00e9ho d\u00edt\u011bte.<\/p>\n","protected":false},"excerpt":{"rendered":"<p>Ergonomick\u00fd pol\u0161t\u00e1\u0159ek B-Cosy Jersey Grey zajist\u00ed, aby hlavi\u010dka va\u0161eho d\u00edt\u011bte z\u016fstala kr\u00e1sn\u011b kulat\u00e1. Tento pol\u0161t\u00e1\u0159ek je vhodn\u00fd ji\u017e od narozen\u00ed a d\u00edky sv\u00e9mu ergonomick\u00e9mu designu poskytuje nezbytnou oporu. Je vyrobena z m\u011bkk\u00fdch a prody\u0161n\u00fdch materi\u00e1l\u016f a zajist\u00ed va\u0161emu d\u00edt\u011bti pohodl\u00ed v ko\u010d\u00e1rku, autoseda\u010dce, houpa\u010dce, hopsadle, d\u011btsk\u00e9 post\u00fdlce a kol\u00e9bce. Snadno se \u010dist\u00ed a je ide\u00e1ln\u00ed pro rodi\u010de na cest\u00e1ch.<\/p>\n","protected":false},"featured_media":76100,"comment_status":"closed","ping_status":"closed","template":"","meta":{"_lmt_disableupdate":"","_lmt_disable":""},"product_brand":[],"product_cat":[799,536,627],"product_tag":[],"woo-feed-brand":[],"class_list":{"0":"post-43208","1":"product","2":"type-product","3":"status-publish","4":"has-post-thumbnail","6":"product_cat-polstare","7":"product_cat-spanek","8":"product_cat-venkovni","10":"first","11":"outofstock","12":"taxable","13":"shipping-taxable","14":"purchasable","15":"product-type-simple"},"_links":{"self":[{"href":"https:\/\/www.bojungle.eu\/cs\/wp-json\/wp\/v2\/product\/43208","targetHints":{"allow":["GET"]}}],"collection":[{"href":"https:\/\/www.bojungle.eu\/cs\/wp-json\/wp\/v2\/product"}],"about":[{"href":"https:\/\/www.bojungle.eu\/cs\/wp-json\/wp\/v2\/types\/product"}],"replies":[{"embeddable":true,"href":"https:\/\/www.bojungle.eu\/cs\/wp-json\/wp\/v2\/comments?post=43208"}],"version-history":[{"count":1,"href":"https:\/\/www.bojungle.eu\/cs\/wp-json\/wp\/v2\/product\/43208\/revisions"}],"predecessor-version":[{"id":76129,"href":"https:\/\/www.bojungle.eu\/cs\/wp-json\/wp\/v2\/product\/43208\/revisions\/76129"}],"wp:featuredmedia":[{"embeddable":true,"href":"https:\/\/www.bojungle.eu\/cs\/wp-json\/wp\/v2\/media\/76100"}],"wp:attachment":[{"href":"https:\/\/www.bojungle.eu\/cs\/wp-json\/wp\/v2\/media?parent=43208"}],"wp:term":[{"taxonomy":"product_brand","embeddable":true,"href":"https:\/\/www.bojungle.eu\/cs\/wp-json\/wp\/v2\/product_brand?post=43208"},{"taxonomy":"product_cat","embeddable":true,"href":"https:\/\/www.bojungle.eu\/cs\/wp-json\/wp\/v2\/product_cat?post=43208"},{"taxonomy":"product_tag","embeddable":true,"href":"https:\/\/www.bojungle.eu\/cs\/wp-json\/wp\/v2\/product_tag?post=43208"},{"taxonomy":"woo-feed-brand","embeddable":true,"href":"https:\/\/www.bojungle.eu\/cs\/wp-json\/wp\/v2\/woo-feed-brand?post=43208"}],"curies":[{"name":"wp","href":"https:\/\/api.w.org\/{rel}","templated":true}]}}