{"id":43232,"date":"2022-05-29T11:13:27","date_gmt":"2022-05-29T09:13:27","guid":{"rendered":"https:\/\/bojungle.eu\/shop\/product\/volant-vozu-b\/"},"modified":"2025-02-13T13:12:32","modified_gmt":"2025-02-13T12:12:32","slug":"b-car-steering-wheel","status":"publish","type":"product","link":"https:\/\/www.bojungle.eu\/cs\/produkt\/b-car-steering-wheel\/","title":{"rendered":"Car Steering Wheel"},"content":{"rendered":"<p data-start=\"0\" data-end=\"201\">P\u0159edstavujeme volant do auta &#8211; dokonal\u00fd interaktivn\u00ed z\u00e1\u017eitek z \u0159\u00edzen\u00ed pro d\u011bti! Tento z\u00e1bavn\u00fd a poutav\u00fd volant je nabit\u00fd funkcemi, kter\u00e9 va\u0161e ratolesti zabav\u00ed na cest\u00e1ch. <\/p>\n<p data-start=\"203\" data-end=\"220\"><strong data-start=\"203\" data-end=\"220\">Kl\u00ed\u010dov\u00e9 vlastnosti:<\/strong><\/p>\n<ul data-start=\"222\" data-end=\"909\">\n<li data-start=\"222\" data-end=\"391\">\n<p data-start=\"224\" data-end=\"391\"><strong data-start=\"224\" data-end=\"273\">Volant s integrovan\u00fdmi zvukov\u00fdmi efekty:<\/strong> Volantem m\u016f\u017eete ot\u00e1\u010det a u\u017e\u00edvat si realistick\u00e9 zvuky motoru, klakson\u016f a z\u00e1bavn\u00fdch zvuk\u016f p\u0159i j\u00edzd\u011b, kter\u00e9 o\u017eiv\u00ed dobrodru\u017estv\u00ed.<\/p>\n<\/li>\n<li data-start=\"395\" data-end=\"543\">\n<p data-start=\"397\" data-end=\"543\"><strong data-start=\"397\" data-end=\"437\">Klakson auta s hudbou a sv\u011bteln\u00fdmi efekty: <\/strong>Stiskn\u011bte klakson a sledujte, jak se rozsv\u00edt\u00ed z\u00e1\u0159iv\u00fdmi barvami a zahraje chytlavou melodii pro v\u011bt\u0161\u00ed vzru\u0161en\u00ed.<\/p>\n<\/li>\n<li data-start=\"547\" data-end=\"728\">\n<p data-start=\"549\" data-end=\"728\"><strong data-start=\"549\" data-end=\"595\">360\u00b0 Rotating Cogwheel with Sound Effects:<\/strong> The fully rotating cogwheel lets kids feel like they&#8217;re really behind the wheel, complete with thrilling sound effects as they turn.<\/p>\n<\/li>\n<li data-start=\"730\" data-end=\"909\">\n<p data-start=\"732\" data-end=\"909\"><strong data-start=\"732\" data-end=\"751\">Z\u00e1v\u011bsn\u00e9 svorky<\/strong>: Snadno se p\u0159ipevn\u00ed k op\u011brce hlavy v aut\u011b nebo k ohr\u00e1dce a zajist\u00ed bezpe\u010dn\u00e9 uchycen\u00ed, zat\u00edmco si va\u0161e d\u00edt\u011b u\u017e\u00edv\u00e1 nekone\u010dnou z\u00e1bavu, a\u0165 u\u017e p\u0159i j\u00edzd\u011b autem nebo p\u0159i h\u0159e.<\/p>\n<\/li>\n<\/ul>\n<p data-start=\"911\" data-end=\"1113\" data-is-last-node=\"\">Volant B-Car je ide\u00e1ln\u00ed pro mal\u00e9 \u0159idi\u010de, kte\u0159\u00ed r\u00e1di napodobuj\u00ed dosp\u011bl\u00e9, a je nezbytnou sou\u010d\u00e1st\u00ed d\u011btsk\u00e9 autoseda\u010dky nebo ohr\u00e1dky. Prom\u011b\u0148te ka\u017edou cestu v dobrodru\u017estv\u00ed d\u00edky zvuku, hudb\u011b a sv\u011btl\u016fm! <\/p>\n","protected":false},"excerpt":{"rendered":"<p>Volant do auta je interaktivn\u00ed hra\u010dka ur\u010den\u00e1 pro z\u00e1bavu a legraci! S integrovan\u00fdmi zvukov\u00fdmi efekty, klaksonem auta s hudbou a sv\u011btly, ozuben\u00fdm kole\u010dkem ot\u00e1\u010dej\u00edc\u00edm se o 360\u00b0 a z\u00e1v\u011bsn\u00fdmi svorkami pro snadn\u00e9 p\u0159ipevn\u011bn\u00ed k op\u011brk\u00e1m hlavy v aut\u011b nebo hrac\u00edm de\u010dk\u00e1m p\u0159in\u00e1\u0161\u00ed va\u0161emu d\u011b\u0165\u00e1tku vzru\u0161en\u00ed z j\u00edzdy! Ide\u00e1ln\u00ed pro z\u00e1bavu na cest\u00e1ch!  <\/p>\n<p>&nbsp;<\/p>\n","protected":false},"featured_media":71441,"comment_status":"closed","ping_status":"closed","template":"","meta":{"_lmt_disableupdate":"","_lmt_disable":""},"product_brand":[],"product_cat":[483,605,608,471],"product_tag":[],"woo-feed-brand":[],"class_list":{"0":"post-43232","1":"product","2":"type-product","3":"status-publish","4":"has-post-thumbnail","6":"product_cat-barevne-hracky","7":"product_cat-hracky-pro-aktivity","8":"product_cat-hudebni-hracky","9":"product_cat-playtime-cs","11":"first","12":"instock","13":"taxable","14":"shipping-taxable","15":"purchasable","16":"product-type-simple"},"_links":{"self":[{"href":"https:\/\/www.bojungle.eu\/cs\/wp-json\/wp\/v2\/product\/43232","targetHints":{"allow":["GET"]}}],"collection":[{"href":"https:\/\/www.bojungle.eu\/cs\/wp-json\/wp\/v2\/product"}],"about":[{"href":"https:\/\/www.bojungle.eu\/cs\/wp-json\/wp\/v2\/types\/product"}],"replies":[{"embeddable":true,"href":"https:\/\/www.bojungle.eu\/cs\/wp-json\/wp\/v2\/comments?post=43232"}],"version-history":[{"count":1,"href":"https:\/\/www.bojungle.eu\/cs\/wp-json\/wp\/v2\/product\/43232\/revisions"}],"predecessor-version":[{"id":79066,"href":"https:\/\/www.bojungle.eu\/cs\/wp-json\/wp\/v2\/product\/43232\/revisions\/79066"}],"wp:featuredmedia":[{"embeddable":true,"href":"https:\/\/www.bojungle.eu\/cs\/wp-json\/wp\/v2\/media\/71441"}],"wp:attachment":[{"href":"https:\/\/www.bojungle.eu\/cs\/wp-json\/wp\/v2\/media?parent=43232"}],"wp:term":[{"taxonomy":"product_brand","embeddable":true,"href":"https:\/\/www.bojungle.eu\/cs\/wp-json\/wp\/v2\/product_brand?post=43232"},{"taxonomy":"product_cat","embeddable":true,"href":"https:\/\/www.bojungle.eu\/cs\/wp-json\/wp\/v2\/product_cat?post=43232"},{"taxonomy":"product_tag","embeddable":true,"href":"https:\/\/www.bojungle.eu\/cs\/wp-json\/wp\/v2\/product_tag?post=43232"},{"taxonomy":"woo-feed-brand","embeddable":true,"href":"https:\/\/www.bojungle.eu\/cs\/wp-json\/wp\/v2\/woo-feed-brand?post=43232"}],"curies":[{"name":"wp","href":"https:\/\/api.w.org\/{rel}","templated":true}]}}