{"id":43303,"date":"2022-05-29T11:12:50","date_gmt":"2022-05-29T09:12:50","guid":{"rendered":"https:\/\/bojungle.eu\/shop\/product\/b-car-home-zrcadlo-tambo-the-monkey\/"},"modified":"2022-05-29T11:12:50","modified_gmt":"2022-05-29T11:12:50","slug":"b-car-home-mirrortambo-the-monkey","status":"publish","type":"product","link":"https:\/\/www.bojungle.eu\/cs\/produkt\/b-car-home-mirrortambo-the-monkey\/","title":{"rendered":"B-Car &amp; Home Zrcadlo Tambo the Monkey"},"content":{"rendered":"<ul>\n<li>Ide\u00e1ln\u00ed \u0159e\u0161en\u00ed pro rodi\u010de, kte\u0159\u00ed cht\u011bj\u00ed sv\u00e9 d\u00edt\u011b zabavit na dlouh\u00fdch cest\u00e1ch. R\u00e1d se v zrcadle objev\u00ed!<\/li>\n<li>Zrc\u00e1tko lze p\u0159ipevnit na op\u011brku hlavy v aut\u011b, ale lze ho p\u0159ipevnit i na ohr\u00e1dku nebo dokonce na d\u011btskou post\u00fdlku.<\/li>\n<li>Obsahuje poutka pro p\u0159ipevn\u011bn\u00ed dal\u0161\u00edch hra\u010dek.<\/li>\n<\/ul>\n","protected":false},"excerpt":{"rendered":"<p>Ide\u00e1ln\u00ed \u0159e\u0161en\u00ed pro rodi\u010de, kte\u0159\u00ed cht\u011bj\u00ed sv\u00e9 d\u00edt\u011b zabavit na dlouh\u00fdch cest\u00e1ch. R\u00e1d se v zrcadle objev\u00ed!<\/p>\n","protected":false},"featured_media":68565,"comment_status":"closed","ping_status":"closed","template":"","meta":{"_lmt_disableupdate":"","_lmt_disable":""},"product_brand":[],"product_cat":[471,1337,627,628],"product_tag":[],"woo-feed-brand":[],"class_list":{"0":"post-43303","1":"product","2":"type-product","3":"status-publish","4":"has-post-thumbnail","6":"product_cat-playtime-cs","7":"product_cat-prodej","8":"product_cat-venkovni","9":"product_cat-venkovni-prislusenstvi","11":"first","12":"instock","13":"sale","14":"taxable","15":"shipping-taxable","16":"purchasable","17":"product-type-simple"},"_links":{"self":[{"href":"https:\/\/www.bojungle.eu\/cs\/wp-json\/wp\/v2\/product\/43303","targetHints":{"allow":["GET"]}}],"collection":[{"href":"https:\/\/www.bojungle.eu\/cs\/wp-json\/wp\/v2\/product"}],"about":[{"href":"https:\/\/www.bojungle.eu\/cs\/wp-json\/wp\/v2\/types\/product"}],"replies":[{"embeddable":true,"href":"https:\/\/www.bojungle.eu\/cs\/wp-json\/wp\/v2\/comments?post=43303"}],"version-history":[{"count":0,"href":"https:\/\/www.bojungle.eu\/cs\/wp-json\/wp\/v2\/product\/43303\/revisions"}],"wp:featuredmedia":[{"embeddable":true,"href":"https:\/\/www.bojungle.eu\/cs\/wp-json\/wp\/v2\/media\/68565"}],"wp:attachment":[{"href":"https:\/\/www.bojungle.eu\/cs\/wp-json\/wp\/v2\/media?parent=43303"}],"wp:term":[{"taxonomy":"product_brand","embeddable":true,"href":"https:\/\/www.bojungle.eu\/cs\/wp-json\/wp\/v2\/product_brand?post=43303"},{"taxonomy":"product_cat","embeddable":true,"href":"https:\/\/www.bojungle.eu\/cs\/wp-json\/wp\/v2\/product_cat?post=43303"},{"taxonomy":"product_tag","embeddable":true,"href":"https:\/\/www.bojungle.eu\/cs\/wp-json\/wp\/v2\/product_tag?post=43303"},{"taxonomy":"woo-feed-brand","embeddable":true,"href":"https:\/\/www.bojungle.eu\/cs\/wp-json\/wp\/v2\/woo-feed-brand?post=43303"}],"curies":[{"name":"wp","href":"https:\/\/api.w.org\/{rel}","templated":true}]}}