{"id":43326,"date":"2022-05-29T11:12:19","date_gmt":"2022-05-29T09:12:19","guid":{"rendered":"https:\/\/bojungle.eu\/shop\/product\/b-bowls-730ml-3-ks\/"},"modified":"2022-05-29T11:12:19","modified_gmt":"2022-05-29T11:12:19","slug":"b-bowls-730ml-3-pcs","status":"publish","type":"product","link":"https:\/\/www.bojungle.eu\/cs\/produkt\/b-bowls-730ml-3-pcs\/","title":{"rendered":"B-Bowls 730ml (3 ks)"},"content":{"rendered":"<ul>\n<li>3 nebo 6 n\u00e1dob na skladov\u00e1n\u00ed potravin<\/li>\n<li>100% hermetick\u00e9 uzav\u0159en\u00ed<\/li>\n<li>Lze pou\u017e\u00edt v mikrovlnn\u00e9 troub\u011b (po sejmut\u00ed v\u00edka), mraz\u00e1ku a lednici.<\/li>\n<li>Vhodn\u00e9 pro myt\u00ed v my\u010dce n\u00e1dob\u00ed<\/li>\n<li>Lze sterilizovat (sterilizace za studena)<\/li>\n<li>Obsah: 730 ml<\/li>\n<li>Sada 730 ml: 1 x tyrkysov\u00e1 &#8211; 1 x taupe &#8211; 1 x b\u00edl\u00e1<\/li>\n<li>K dispozici tak\u00e9 v 300 ml<\/li>\n<\/ul>\n","protected":false},"excerpt":{"rendered":"<p>3 n\u00e1doby na skladov\u00e1n\u00ed potravin<\/p>\n","protected":false},"featured_media":72958,"comment_status":"closed","ping_status":"closed","template":"","meta":{"_lmt_disableupdate":"","_lmt_disable":""},"product_brand":[],"product_cat":[429,433],"product_tag":[],"woo-feed-brand":[],"class_list":{"0":"post-43326","1":"product","2":"type-product","3":"status-publish","4":"has-post-thumbnail","6":"product_cat-jidlo-a-piti","7":"product_cat-priprava-jidla","9":"first","10":"instock","11":"taxable","12":"shipping-taxable","13":"purchasable","14":"product-type-simple"},"_links":{"self":[{"href":"https:\/\/www.bojungle.eu\/cs\/wp-json\/wp\/v2\/product\/43326","targetHints":{"allow":["GET"]}}],"collection":[{"href":"https:\/\/www.bojungle.eu\/cs\/wp-json\/wp\/v2\/product"}],"about":[{"href":"https:\/\/www.bojungle.eu\/cs\/wp-json\/wp\/v2\/types\/product"}],"replies":[{"embeddable":true,"href":"https:\/\/www.bojungle.eu\/cs\/wp-json\/wp\/v2\/comments?post=43326"}],"version-history":[{"count":0,"href":"https:\/\/www.bojungle.eu\/cs\/wp-json\/wp\/v2\/product\/43326\/revisions"}],"wp:featuredmedia":[{"embeddable":true,"href":"https:\/\/www.bojungle.eu\/cs\/wp-json\/wp\/v2\/media\/72958"}],"wp:attachment":[{"href":"https:\/\/www.bojungle.eu\/cs\/wp-json\/wp\/v2\/media?parent=43326"}],"wp:term":[{"taxonomy":"product_brand","embeddable":true,"href":"https:\/\/www.bojungle.eu\/cs\/wp-json\/wp\/v2\/product_brand?post=43326"},{"taxonomy":"product_cat","embeddable":true,"href":"https:\/\/www.bojungle.eu\/cs\/wp-json\/wp\/v2\/product_cat?post=43326"},{"taxonomy":"product_tag","embeddable":true,"href":"https:\/\/www.bojungle.eu\/cs\/wp-json\/wp\/v2\/product_tag?post=43326"},{"taxonomy":"woo-feed-brand","embeddable":true,"href":"https:\/\/www.bojungle.eu\/cs\/wp-json\/wp\/v2\/woo-feed-brand?post=43326"}],"curies":[{"name":"wp","href":"https:\/\/api.w.org\/{rel}","templated":true}]}}