{"id":43384,"date":"2022-05-29T11:06:15","date_gmt":"2022-05-29T09:06:15","guid":{"rendered":"https:\/\/bojungle.eu\/shop\/product\/ohrivac-lahvi-b-bottle-warmer-superfast-digital-car-and-home-sedy\/"},"modified":"2024-01-11T16:02:54","modified_gmt":"2024-01-11T15:02:54","slug":"b-bottle-warmer-superfast-digital-car-and-home-grey","status":"publish","type":"product","link":"https:\/\/www.bojungle.eu\/cs\/produkt\/b-bottle-warmer-superfast-digital-car-and-home-grey\/","title":{"rendered":"Oh\u0159\u00edva\u010d lahv\u00ed B-Bottle Warmer Superfast Digital Car and Home (\u0161ed\u00fd)"},"content":{"rendered":"<ul>\n<li>Oh\u0159\u00edva\u010d lahv\u00ed Superrychl\u00fd digit\u00e1ln\u00ed oh\u0159\u00edva\u010d do auta a dom\u00e1cnosti (st\u00ednov\u00e1 \u0161ed\u00e1)<\/li>\n<li>Obsahuje adapt\u00e9r umo\u017e\u0148uj\u00edc\u00ed nab\u00edjen\u00ed v aut\u011b<\/li>\n<li>\u00b1 1 min 30 pro oh\u0159ev 240 ml l\u00e1hve<\/li>\n<li>\u00b1 2 min na oh\u0159\u00e1t\u00ed sklenice s d\u011btskou v\u00fd\u017eivou<\/li>\n<li>Vnit\u0159n\u00ed pr\u016fm\u011br 8,5 cm<\/li>\n<li>Nastaviteln\u00e1 doba oh\u0159evu s intervalem 10 sekund<\/li>\n<li>Ukazuje zb\u00fdvaj\u00edc\u00ed dobu oh\u0159evu<\/li>\n<li>Adapta\u010dn\u00ed krou\u017eek pro mal\u00e9 l\u00e1hve<\/li>\n<li>Automatick\u00e9 zastaven\u00ed, vizu\u00e1ln\u00ed a zvukov\u00e9 upozorn\u011bn\u00ed<\/li>\n<li>Odm\u011brka na vodu<\/li>\n<li>220 V &#8211; 500 W<\/li>\n<\/ul>\n","protected":false},"excerpt":{"rendered":"<p>Tento snadno pou\u017eiteln\u00fd parn\u00ed oh\u0159\u00edva\u010d lahv\u00ed lze pou\u017e\u00edt k oh\u0159evu kojeneck\u00fdch lahv\u00ed a sklenic s j\u00eddlem. D\u00edky p\u0159ilo\u017een\u00e9mu adapt\u00e9ru je to mo\u017en\u00e9 i v aut\u011b.<\/p>\n","protected":false},"featured_media":72537,"comment_status":"closed","ping_status":"closed","template":"","meta":{"_lmt_disableupdate":"","_lmt_disable":""},"product_brand":[],"product_cat":[429,433],"product_tag":[],"woo-feed-brand":[],"class_list":{"0":"post-43384","1":"product","2":"type-product","3":"status-publish","4":"has-post-thumbnail","6":"product_cat-jidlo-a-piti","7":"product_cat-priprava-jidla","9":"first","10":"outofstock","11":"taxable","12":"shipping-taxable","13":"purchasable","14":"product-type-simple"},"_links":{"self":[{"href":"https:\/\/www.bojungle.eu\/cs\/wp-json\/wp\/v2\/product\/43384","targetHints":{"allow":["GET"]}}],"collection":[{"href":"https:\/\/www.bojungle.eu\/cs\/wp-json\/wp\/v2\/product"}],"about":[{"href":"https:\/\/www.bojungle.eu\/cs\/wp-json\/wp\/v2\/types\/product"}],"replies":[{"embeddable":true,"href":"https:\/\/www.bojungle.eu\/cs\/wp-json\/wp\/v2\/comments?post=43384"}],"version-history":[{"count":1,"href":"https:\/\/www.bojungle.eu\/cs\/wp-json\/wp\/v2\/product\/43384\/revisions"}],"predecessor-version":[{"id":64232,"href":"https:\/\/www.bojungle.eu\/cs\/wp-json\/wp\/v2\/product\/43384\/revisions\/64232"}],"wp:featuredmedia":[{"embeddable":true,"href":"https:\/\/www.bojungle.eu\/cs\/wp-json\/wp\/v2\/media\/72537"}],"wp:attachment":[{"href":"https:\/\/www.bojungle.eu\/cs\/wp-json\/wp\/v2\/media?parent=43384"}],"wp:term":[{"taxonomy":"product_brand","embeddable":true,"href":"https:\/\/www.bojungle.eu\/cs\/wp-json\/wp\/v2\/product_brand?post=43384"},{"taxonomy":"product_cat","embeddable":true,"href":"https:\/\/www.bojungle.eu\/cs\/wp-json\/wp\/v2\/product_cat?post=43384"},{"taxonomy":"product_tag","embeddable":true,"href":"https:\/\/www.bojungle.eu\/cs\/wp-json\/wp\/v2\/product_tag?post=43384"},{"taxonomy":"woo-feed-brand","embeddable":true,"href":"https:\/\/www.bojungle.eu\/cs\/wp-json\/wp\/v2\/woo-feed-brand?post=43384"}],"curies":[{"name":"wp","href":"https:\/\/api.w.org\/{rel}","templated":true}]}}