{"id":43389,"date":"2022-05-29T11:06:38","date_gmt":"2022-05-29T09:06:38","guid":{"rendered":"https:\/\/bojungle.eu\/shop\/product\/ohrivac-lahvi-b-bottle-warmer-superfast-digital-car-and-home-sedy\/"},"modified":"2025-06-05T11:06:16","modified_gmt":"2025-06-05T09:06:16","slug":"b-bottle-warmer-flower-grey","status":"publish","type":"product","link":"https:\/\/www.bojungle.eu\/cs\/produkt\/b-bottle-warmer-flower-grey\/","title":{"rendered":"B-L\u00e1hev teplej\u0161\u00ed kv\u011btina"},"content":{"rendered":"<p>Bottle Warmer Flower je snadno pou\u017eiteln\u00fd parn\u00ed oh\u0159\u00edva\u010d lahv\u00ed a lze jej pou\u017e\u00edt k oh\u0159\u00edv\u00e1n\u00ed d\u011btsk\u00fdch lahv\u00ed a sklenic s j\u00eddlem.<\/p>\n<ul>\n<li>Zah\u0159\u00e1t\u00ed 240ml l\u00e1hve trv\u00e1 jen 3 minuty a 30 sekund<\/li>\n<li>Vizu\u00e1ln\u00ed a zvukov\u00fd alarm signalizuje horkou l\u00e1hev<\/li>\n<li> Automaticky se zastav\u00ed<\/li>\n<li>Dod\u00e1van\u00e9 p\u0159\u00edslu\u0161enstv\u00ed: adapta\u010dn\u00ed krou\u017eek pro men\u0161\u00ed lahve, dr\u017e\u00e1k na sklenici nebo l\u00e1hev, odm\u011brka a kle\u0161t\u011b.<\/li>\n<\/ul>\n<p>&nbsp;<\/p>\n<table border=\"1\">\n<tbody>\n<tr>\n<td>Manu\u00e1ln\u00ed\n<\/td>\n<td><a href=\"https:\/\/www.bojungle.eu\/wp-content\/uploads\/2025\/06\/B500000-B-Bottle-Warmer-Flower-Grey-Manual.pdf\">Klikn\u011bte zde<\/a><\/td>\n<\/tr>\n<\/tbody>\n<\/table>\n","protected":false},"excerpt":{"rendered":"<p>Objevte oh\u0159\u00edva\u010d lahv\u00ed Flower, va\u0161e dokonal\u00e9 \u0159e\u0161en\u00ed pro snadn\u00e9 oh\u0159\u00edv\u00e1n\u00ed lahv\u00ed a sklenic s j\u00eddlem va\u0161eho d\u00edt\u011bte. Tento u\u017eivatelsky p\u0159\u00edv\u011btiv\u00fd oh\u0159\u00edva\u010d parn\u00edch lahv\u00ed zaji\u0161\u0165uje rychl\u00e9 a efektivn\u00ed oh\u0159\u00edv\u00e1n\u00ed, kter\u00e9 trv\u00e1 pouh\u00e9 3 minuty a 30 sekund u 240ml l\u00e1hve. Je vybaven vizu\u00e1ln\u00edmi i zvukov\u00fdmi alarmy, tak\u017ee budete upozorn\u011bni, kdy\u017e va\u0161e l\u00e1hev dos\u00e1hne ide\u00e1ln\u00ed teploty. Funkce automatick\u00e9ho vypnut\u00ed nav\u00edc poskytuje v\u011bt\u0161\u00ed bezpe\u010dnost a klid. Spolu se z\u00e1kladn\u00edm p\u0159\u00edslu\u0161enstv\u00edm, jako je adapta\u010dn\u00ed krou\u017eek pro men\u0161\u00ed lahve, dr\u017e\u00e1k na sklenice nebo lahve, odm\u011brka a kle\u0161t\u011b, nab\u00edz\u00ed oh\u0159\u00edva\u010d lahv\u00ed Flower pohodl\u00ed p\u0159i p\u00e9\u010di o d\u00edt\u011b. Udr\u017eujte j\u00eddlo va\u0161eho d\u011b\u0165\u00e1tka tepl\u00e9 a p\u0159ipraven\u00e9 s lehkost\u00ed pomoc\u00ed oh\u0159\u00edva\u010de lahv\u00ed.<\/p>\n<p>&nbsp;<\/p>\n","protected":false},"featured_media":65223,"comment_status":"closed","ping_status":"closed","template":"","meta":{"_lmt_disableupdate":"","_lmt_disable":""},"product_brand":[],"product_cat":[429,433],"product_tag":[],"woo-feed-brand":[],"class_list":{"0":"post-43389","1":"product","2":"type-product","3":"status-publish","4":"has-post-thumbnail","6":"product_cat-jidlo-a-piti","7":"product_cat-priprava-jidla","9":"first","10":"instock","11":"taxable","12":"shipping-taxable","13":"purchasable","14":"product-type-simple"},"_links":{"self":[{"href":"https:\/\/www.bojungle.eu\/cs\/wp-json\/wp\/v2\/product\/43389","targetHints":{"allow":["GET"]}}],"collection":[{"href":"https:\/\/www.bojungle.eu\/cs\/wp-json\/wp\/v2\/product"}],"about":[{"href":"https:\/\/www.bojungle.eu\/cs\/wp-json\/wp\/v2\/types\/product"}],"replies":[{"embeddable":true,"href":"https:\/\/www.bojungle.eu\/cs\/wp-json\/wp\/v2\/comments?post=43389"}],"version-history":[{"count":2,"href":"https:\/\/www.bojungle.eu\/cs\/wp-json\/wp\/v2\/product\/43389\/revisions"}],"predecessor-version":[{"id":80055,"href":"https:\/\/www.bojungle.eu\/cs\/wp-json\/wp\/v2\/product\/43389\/revisions\/80055"}],"wp:featuredmedia":[{"embeddable":true,"href":"https:\/\/www.bojungle.eu\/cs\/wp-json\/wp\/v2\/media\/65223"}],"wp:attachment":[{"href":"https:\/\/www.bojungle.eu\/cs\/wp-json\/wp\/v2\/media?parent=43389"}],"wp:term":[{"taxonomy":"product_brand","embeddable":true,"href":"https:\/\/www.bojungle.eu\/cs\/wp-json\/wp\/v2\/product_brand?post=43389"},{"taxonomy":"product_cat","embeddable":true,"href":"https:\/\/www.bojungle.eu\/cs\/wp-json\/wp\/v2\/product_cat?post=43389"},{"taxonomy":"product_tag","embeddable":true,"href":"https:\/\/www.bojungle.eu\/cs\/wp-json\/wp\/v2\/product_tag?post=43389"},{"taxonomy":"woo-feed-brand","embeddable":true,"href":"https:\/\/www.bojungle.eu\/cs\/wp-json\/wp\/v2\/woo-feed-brand?post=43389"}],"curies":[{"name":"wp","href":"https:\/\/api.w.org\/{rel}","templated":true}]}}