{"id":43412,"date":"2022-05-29T11:09:10","date_gmt":"2022-05-29T09:09:10","guid":{"rendered":"https:\/\/bojungle.eu\/shop\/product\/sklenene-misky-b-bowls-white-grey-blue-3ks\/"},"modified":"2025-04-09T14:13:04","modified_gmt":"2025-04-09T12:13:04","slug":"b-bowls-glass-white-grey-blue-3ks","status":"publish","type":"product","link":"https:\/\/www.bojungle.eu\/cs\/produkt\/b-bowls-glass-white-grey-blue-3ks\/","title":{"rendered":"Sklen\u011bn\u00e9 misky B-Bowls White-Grey-Blue (3ks)"},"content":{"rendered":"<p class=\"\" data-start=\"143\" data-end=\"427\">Tato sada 3 n\u00e1dob na uchov\u00e1v\u00e1n\u00ed d\u011btsk\u00e9 stravy, navr\u017een\u00e1 s ohledem na va\u0161e d\u00edt\u011b, nab\u00edz\u00ed bezpe\u010dn\u00e9, praktick\u00e9 a ekologick\u00e9 \u0159e\u0161en\u00ed pro uchov\u00e1v\u00e1n\u00ed dom\u00e1c\u00edch pyr\u00e9, sva\u010dinek a pokrm\u016f. Jsou vyrobeny z vysoce kvalitn\u00edho borosilik\u00e1tov\u00e9ho skla, jsou pevn\u00e9, odoln\u00e9 v\u016f\u010di teplot\u00e1m a ide\u00e1ln\u00ed pro zanepr\u00e1zdn\u011bn\u00e9 rodi\u010de. <\/p>\n<p class=\"\" data-start=\"429\" data-end=\"455\"><strong data-start=\"429\" data-end=\"455\">Pro\u010d je rodi\u010de miluj\u00ed:<\/strong><\/p>\n<ul data-start=\"456\" data-end=\"959\">\n<li class=\"\" data-start=\"456\" data-end=\"549\">\n<p class=\"\" data-start=\"458\" data-end=\"549\"><strong data-start=\"458\" data-end=\"489\">100% t\u011bsnost &amp; vzduchot\u011bsnost: <\/strong>Udr\u017eujte potraviny \u010derstv\u00e9 a bez nepo\u0159\u00e1dku d\u00edky bezpe\u010dn\u00e9mu hermetick\u00e9mu uzav\u0159en\u00ed.<\/p>\n<\/li>\n<li class=\"\" data-start=\"550\" data-end=\"663\">\n<p class=\"\" data-start=\"552\" data-end=\"663\"><strong data-start=\"552\" data-end=\"576\">Materi\u00e1ly bezpe\u010dn\u00e9 pro d\u011bti: <\/strong>Je netoxick\u00e9, odoln\u00e9 v\u016f\u010di z\u00e1pachu a neobsahuje \u0161kodliv\u00e9 chemik\u00e1lie.<\/p>\n<\/li>\n<li class=\"\" data-start=\"664\" data-end=\"848\">\n<p class=\"\" data-start=\"666\" data-end=\"685\"><strong data-start=\"666\" data-end=\"684\">V\u0161estrann\u00e9 pou\u017eit\u00ed<\/strong><\/p>\n<\/li>\n<li class=\"\" data-start=\"849\" data-end=\"959\">\n<p class=\"\" data-start=\"851\" data-end=\"959\"><strong data-start=\"851\" data-end=\"868\">Perfektn\u00ed velikost<\/strong>: Ka\u017ed\u00e1 n\u00e1doba m\u00e1 objem 360 ml &#8211; ide\u00e1ln\u00ed pro p\u0159\u00edpravu d\u011btsk\u00e9 stravy nebo skladov\u00e1n\u00ed j\u00eddla pro batolata.<\/p>\n<\/li>\n<\/ul>\n<p class=\"\" data-start=\"961\" data-end=\"1100\">Tyto n\u00e1doby jsou ide\u00e1ln\u00edm spole\u010dn\u00edkem pro ka\u017edou f\u00e1zi stravov\u00e1n\u00ed va\u0161eho d\u00edt\u011bte, od zmrazov\u00e1n\u00ed mal\u00fdch porc\u00ed a\u017e po oh\u0159\u00edv\u00e1n\u00ed zbytk\u016f<\/p>\n","protected":false},"excerpt":{"rendered":"<div class=\"elementor-element elementor-element-80cf67d elementor-widget elementor-widget-jet-single-excerpt\" data-id=\"80cf67d\" data-element_type=\"widget\" data-widget_type=\"jet-single-excerpt.default\">\n<div class=\"elementor-widget-container\">\n<div class=\"elementor-jet-single-excerpt jet-woo-builder\">\n<div class=\"woocommerce-product-details__short-description\">\n<article class=\"text-token-text-primary w-full\" dir=\"auto\" data-testid=\"conversation-turn-6\" data-scroll-anchor=\"true\">\n<div class=\"text-base my-auto mx-auto py-5 [--thread-content-margin:--spacing(4)] @[37rem]:[--thread-content-margin:--spacing(6)] @[70rem]:[--thread-content-margin:--spacing(12)] px-(--thread-content-margin)\">\n<div class=\"[--thread-content-max-width:32rem] @[34rem]:[--thread-content-max-width:40rem] @[64rem]:[--thread-content-max-width:48rem] mx-auto flex max-w-(--thread-content-max-width) flex-1 text-base gap-4 md:gap-5 lg:gap-6 group\/turn-messages focus-visible:outline-hidden\" tabindex=\"-1\">\n<div class=\"group\/conversation-turn relative flex w-full min-w-0 flex-col agent-turn\">\n<div class=\"relative flex-col gap-1 md:gap-3\">\n<div class=\"flex max-w-full flex-col grow\">\n<div class=\"min-h-8 text-message relative flex w-full flex-col items-end gap-2 text-start break-words whitespace-normal [.text-message+&amp;]:mt-5\" dir=\"auto\" data-message-author-role=\"assistant\" data-message-id=\"96df15f7-760b-43ea-9a88-c295badfdb09\" data-message-model-slug=\"gpt-4o\">\n<div class=\"flex w-full flex-col gap-1 empty:hidden first:pt-[3px]\">\n<div class=\"markdown prose dark:prose-invert w-full break-words light\">\n<p class=\"\" data-start=\"98\" data-end=\"420\">Uchov\u00e1vejte d\u011btsk\u00e9 pokrmy \u010derstv\u00e9 a bezpe\u010dn\u00e9 d\u00edky t\u011bmto n\u00e1dob\u00e1m z vysoce kvalitn\u00edho borosilik\u00e1tov\u00e9ho skla. Jsou 100% nepropustn\u00e9 a vzduchot\u011bsn\u00e9 a jsou ide\u00e1ln\u00ed pro skladov\u00e1n\u00ed, zmrazov\u00e1n\u00ed, oh\u0159\u00edv\u00e1n\u00ed a pod\u00e1v\u00e1n\u00ed dom\u00e1c\u00ed d\u011btsk\u00e9 stravy. Lze je pou\u017e\u00edvat v mikrovlnn\u00e9 troub\u011b, troub\u011b (do 600 \u00b0C, bez v\u00ed\u010dka), mrazni\u010dce a my\u010dce n\u00e1dob\u00ed. Snadno se sterilizuj\u00ed &#8211; vyrobeno pro zanepr\u00e1zdn\u011bn\u00e9 rodi\u010de, kte\u0159\u00ed dbaj\u00ed na sv\u00e9 zdrav\u00ed.   <\/p>\n<\/div>\n<\/div>\n<\/div>\n<\/div>\n<\/div>\n<div class=\"absolute\">\n<div class=\"flex items-center justify-center\"><\/div>\n<\/div>\n<\/div>\n<\/div>\n<\/div>\n<\/article>\n<div class=\"pointer-events-none h-px w-px\" aria-hidden=\"true\" data-edge=\"true\"><\/div>\n<\/div>\n<\/div>\n<\/div>\n<\/div>\n<div class=\"elementor-element elementor-element-8148547 elementor-widget elementor-widget-spacer\" data-id=\"8148547\" data-element_type=\"widget\" data-widget_type=\"spacer.default\">\n<div class=\"elementor-widget-container\">\n<div class=\"elementor-spacer\"><\/div>\n<\/div>\n<\/div>\n","protected":false},"featured_media":69909,"comment_status":"closed","ping_status":"closed","template":"","meta":{"_lmt_disableupdate":"","_lmt_disable":""},"product_brand":[],"product_cat":[429,433],"product_tag":[],"woo-feed-brand":[],"class_list":{"0":"post-43412","1":"product","2":"type-product","3":"status-publish","4":"has-post-thumbnail","6":"product_cat-jidlo-a-piti","7":"product_cat-priprava-jidla","9":"first","10":"instock","11":"taxable","12":"shipping-taxable","13":"purchasable","14":"product-type-simple"},"_links":{"self":[{"href":"https:\/\/www.bojungle.eu\/cs\/wp-json\/wp\/v2\/product\/43412","targetHints":{"allow":["GET"]}}],"collection":[{"href":"https:\/\/www.bojungle.eu\/cs\/wp-json\/wp\/v2\/product"}],"about":[{"href":"https:\/\/www.bojungle.eu\/cs\/wp-json\/wp\/v2\/types\/product"}],"replies":[{"embeddable":true,"href":"https:\/\/www.bojungle.eu\/cs\/wp-json\/wp\/v2\/comments?post=43412"}],"version-history":[{"count":1,"href":"https:\/\/www.bojungle.eu\/cs\/wp-json\/wp\/v2\/product\/43412\/revisions"}],"predecessor-version":[{"id":79568,"href":"https:\/\/www.bojungle.eu\/cs\/wp-json\/wp\/v2\/product\/43412\/revisions\/79568"}],"wp:featuredmedia":[{"embeddable":true,"href":"https:\/\/www.bojungle.eu\/cs\/wp-json\/wp\/v2\/media\/69909"}],"wp:attachment":[{"href":"https:\/\/www.bojungle.eu\/cs\/wp-json\/wp\/v2\/media?parent=43412"}],"wp:term":[{"taxonomy":"product_brand","embeddable":true,"href":"https:\/\/www.bojungle.eu\/cs\/wp-json\/wp\/v2\/product_brand?post=43412"},{"taxonomy":"product_cat","embeddable":true,"href":"https:\/\/www.bojungle.eu\/cs\/wp-json\/wp\/v2\/product_cat?post=43412"},{"taxonomy":"product_tag","embeddable":true,"href":"https:\/\/www.bojungle.eu\/cs\/wp-json\/wp\/v2\/product_tag?post=43412"},{"taxonomy":"woo-feed-brand","embeddable":true,"href":"https:\/\/www.bojungle.eu\/cs\/wp-json\/wp\/v2\/woo-feed-brand?post=43412"}],"curies":[{"name":"wp","href":"https:\/\/api.w.org\/{rel}","templated":true}]}}