{"id":43442,"date":"2022-05-29T11:03:34","date_gmt":"2022-05-29T09:03:34","guid":{"rendered":"https:\/\/bojungle.eu\/shop\/product\/sedacka-b-booster-ruzova\/"},"modified":"2022-05-29T11:03:34","modified_gmt":"2022-05-29T11:03:34","slug":"b-booster-seat-pink","status":"publish","type":"product","link":"https:\/\/www.bojungle.eu\/cs\/produkt\/b-booster-seat-pink\/","title":{"rendered":"Seda\u010dka B-Booster r\u016f\u017eov\u00e1"},"content":{"rendered":"<ul>\n<li>Zabavte d\u00edt\u011b p\u0159i j\u00eddle!<\/li>\n<li>Vyj\u00edmateln\u00fd z\u00e1sobn\u00edk, kter\u00fd lze m\u00fdt v my\u010dce n\u00e1dob\u00ed<\/li>\n<li>Vyj\u00edmateln\u00e1 vlo\u017eka z\u00e1sobn\u00edku, snadn\u00e9 \u010di\u0161t\u011bn\u00ed<\/li>\n<li>Snadno se p\u0159ipev\u0148uje k v\u011bt\u0161in\u011b \u017eidl\u00ed pro dosp\u011bl\u00e9<\/li>\n<li>Snadn\u00e9 bran\u00ed na cesty<\/li>\n<li>Roste s d\u00edt\u011btem: no\u017ei\u010dky jsou snadno nastaviteln\u00e9 do 3 r\u016fzn\u00fdch v\u00fd\u0161ek<\/li>\n<li>Protiskluzov\u00e9 no\u017ei\u010dky<\/li>\n<li>3bodov\u00fd bezpe\u010dnostn\u00ed postroj<\/li>\n<li>2 poutav\u00e9 hra\u010dky, kter\u00e9 d\u00edt\u011b zabav\u00ed<\/li>\n<li>K dispozici ve 3 barv\u00e1ch<\/li>\n<li>Doporu\u010deno od 0 do 3 let<\/li>\n<\/ul>\n","protected":false},"excerpt":{"rendered":"<p>Zabavte d\u00edt\u011b p\u0159i j\u00eddle!<\/p>\n","protected":false},"featured_media":75380,"comment_status":"closed","ping_status":"closed","template":"","meta":{"_lmt_disableupdate":"","_lmt_disable":""},"product_brand":[],"product_cat":[429,1337,651],"product_tag":[],"woo-feed-brand":[],"class_list":{"0":"post-43442","1":"product","2":"type-product","3":"status-publish","4":"has-post-thumbnail","6":"product_cat-jidlo-a-piti","7":"product_cat-prodej","8":"product_cat-vysoke-zidlicky-a-detske-sedacky","10":"first","11":"instock","12":"sale","13":"taxable","14":"shipping-taxable","15":"purchasable","16":"product-type-simple"},"_links":{"self":[{"href":"https:\/\/www.bojungle.eu\/cs\/wp-json\/wp\/v2\/product\/43442","targetHints":{"allow":["GET"]}}],"collection":[{"href":"https:\/\/www.bojungle.eu\/cs\/wp-json\/wp\/v2\/product"}],"about":[{"href":"https:\/\/www.bojungle.eu\/cs\/wp-json\/wp\/v2\/types\/product"}],"replies":[{"embeddable":true,"href":"https:\/\/www.bojungle.eu\/cs\/wp-json\/wp\/v2\/comments?post=43442"}],"version-history":[{"count":0,"href":"https:\/\/www.bojungle.eu\/cs\/wp-json\/wp\/v2\/product\/43442\/revisions"}],"wp:featuredmedia":[{"embeddable":true,"href":"https:\/\/www.bojungle.eu\/cs\/wp-json\/wp\/v2\/media\/75380"}],"wp:attachment":[{"href":"https:\/\/www.bojungle.eu\/cs\/wp-json\/wp\/v2\/media?parent=43442"}],"wp:term":[{"taxonomy":"product_brand","embeddable":true,"href":"https:\/\/www.bojungle.eu\/cs\/wp-json\/wp\/v2\/product_brand?post=43442"},{"taxonomy":"product_cat","embeddable":true,"href":"https:\/\/www.bojungle.eu\/cs\/wp-json\/wp\/v2\/product_cat?post=43442"},{"taxonomy":"product_tag","embeddable":true,"href":"https:\/\/www.bojungle.eu\/cs\/wp-json\/wp\/v2\/product_tag?post=43442"},{"taxonomy":"woo-feed-brand","embeddable":true,"href":"https:\/\/www.bojungle.eu\/cs\/wp-json\/wp\/v2\/woo-feed-brand?post=43442"}],"curies":[{"name":"wp","href":"https:\/\/api.w.org\/{rel}","templated":true}]}}