{"id":43483,"date":"2022-05-29T10:48:29","date_gmt":"2022-05-29T08:48:29","guid":{"rendered":"https:\/\/bojungle.eu\/shop\/product\/b-bib-ekologicka-houba-koala-grey\/"},"modified":"2022-05-29T10:48:29","modified_gmt":"2022-05-29T10:48:29","slug":"b-bib-ecological-sponge-koala-grey","status":"publish","type":"product","link":"https:\/\/www.bojungle.eu\/cs\/produkt\/b-bib-ecological-sponge-koala-grey\/","title":{"rendered":"B-Bib Ekologick\u00e1 houba Koala Grey"},"content":{"rendered":"<ul>\n<li>U\u017e \u017e\u00e1dn\u00e9 skvrny na oble\u010den\u00ed! Na\u0161e frot\u00e9 brynd\u00e1ky se zap\u00edn\u00e1n\u00edm na patentky jsou vyrobeny ze 100% organick\u00e9 bavlny. Jsou m\u011bkk\u00e9, dob\u0159e absorbuj\u00ed a jsou velmi roztomil\u00e9! Pro ka\u017ed\u00e9ho n\u011bco!<\/li>\n<li>Rozm\u011bry: 26,5 x 49,5 cm<\/li>\n<li>Bavlna: 100% biobavlna 450 GSM<\/li>\n<\/ul>\n","protected":false},"excerpt":{"rendered":"<p>U\u017e \u017e\u00e1dn\u00e9 skvrny na oble\u010den\u00ed! Na\u0161e frot\u00e9 brynd\u00e1ky se zap\u00edn\u00e1n\u00edm na patentky jsou vyrobeny ze 100% organick\u00e9 bavlny. Jsou m\u011bkk\u00e9, dob\u0159e absorbuj\u00ed a jsou velmi roztomil\u00e9! Pro ka\u017ed\u00e9ho n\u011bco!<\/p>\n<p>&nbsp;<\/p>\n","protected":false},"featured_media":72718,"comment_status":"closed","ping_status":"closed","template":"","meta":{"_lmt_disableupdate":"","_lmt_disable":""},"product_brand":[],"product_cat":[561,429],"product_tag":[],"woo-feed-brand":[],"class_list":{"0":"post-43483","1":"product","2":"type-product","3":"status-publish","4":"has-post-thumbnail","6":"product_cat-cas-vecere","7":"product_cat-jidlo-a-piti","9":"first","10":"instock","11":"taxable","12":"shipping-taxable","13":"purchasable","14":"product-type-simple"},"_links":{"self":[{"href":"https:\/\/www.bojungle.eu\/cs\/wp-json\/wp\/v2\/product\/43483","targetHints":{"allow":["GET"]}}],"collection":[{"href":"https:\/\/www.bojungle.eu\/cs\/wp-json\/wp\/v2\/product"}],"about":[{"href":"https:\/\/www.bojungle.eu\/cs\/wp-json\/wp\/v2\/types\/product"}],"replies":[{"embeddable":true,"href":"https:\/\/www.bojungle.eu\/cs\/wp-json\/wp\/v2\/comments?post=43483"}],"version-history":[{"count":0,"href":"https:\/\/www.bojungle.eu\/cs\/wp-json\/wp\/v2\/product\/43483\/revisions"}],"wp:featuredmedia":[{"embeddable":true,"href":"https:\/\/www.bojungle.eu\/cs\/wp-json\/wp\/v2\/media\/72718"}],"wp:attachment":[{"href":"https:\/\/www.bojungle.eu\/cs\/wp-json\/wp\/v2\/media?parent=43483"}],"wp:term":[{"taxonomy":"product_brand","embeddable":true,"href":"https:\/\/www.bojungle.eu\/cs\/wp-json\/wp\/v2\/product_brand?post=43483"},{"taxonomy":"product_cat","embeddable":true,"href":"https:\/\/www.bojungle.eu\/cs\/wp-json\/wp\/v2\/product_cat?post=43483"},{"taxonomy":"product_tag","embeddable":true,"href":"https:\/\/www.bojungle.eu\/cs\/wp-json\/wp\/v2\/product_tag?post=43483"},{"taxonomy":"woo-feed-brand","embeddable":true,"href":"https:\/\/www.bojungle.eu\/cs\/wp-json\/wp\/v2\/woo-feed-brand?post=43483"}],"curies":[{"name":"wp","href":"https:\/\/api.w.org\/{rel}","templated":true}]}}