{"id":43499,"date":"2022-05-29T11:00:19","date_gmt":"2022-05-29T09:00:19","guid":{"rendered":"https:\/\/bojungle.eu\/shop\/product\/b-bike-jumpy-blue\/"},"modified":"2025-08-06T13:28:40","modified_gmt":"2025-08-06T11:28:40","slug":"b-bike-jumpy-blue","status":"publish","type":"product","link":"https:\/\/www.bojungle.eu\/cs\/produkt\/b-bike-jumpy-blue\/","title":{"rendered":"B-Bike Jumpy Blue"},"content":{"rendered":"<ul>\n<li>M\u00f3dn\u00ed a trendy<\/li>\n<li>Efekt oslniv\u00e9ho sv\u011btla<\/li>\n<li>\u017div\u00e1 hudba<\/li>\n<li>Snadn\u00e1 demont\u00e1\u017e<\/li>\n<li>Simula\u010dn\u00ed p\u0159\u00edstroj pro automobily<\/li>\n<li>Prostorn\u00e9 pohodln\u00e9 sedadlo<\/li>\n<li>Dynamick\u00e1 hudba<\/li>\n<li>Koordinace t\u011bla<\/li>\n<li>Hmatov\u00e1 schopnost<\/li>\n<li>Stylov\u00e9 hra\u010dky na kole\u010dk\u00e1ch jsou vybaveny mnoha speci\u00e1ln\u00edmi funkcemi, d\u00edky nim\u017e bude d\u011btsk\u00e1 hra z\u00e1bavn\u00e1 a vzru\u0161uj\u00edc\u00ed!<\/li>\n<\/ul>\n<table border=\"1\">\n<tbody>\n<tr>\n<td>Manu\u00e1ln\u00ed\n<\/td>\n<td><a href=\"https:\/\/www.bojungle.eu\/wp-content\/uploads\/2025\/08\/Handleiding-Bike.pdf\">Klikn\u011bte zde<\/a><\/td>\n<\/tr>\n<\/tbody>\n<\/table>\n","protected":false},"excerpt":{"rendered":"<p>Stylov\u00e9 hra\u010dky na kole\u010dk\u00e1ch jsou vybaveny mnoha speci\u00e1ln\u00edmi funkcemi, d\u00edky nim\u017e bude d\u011btsk\u00e1 hra z\u00e1bavn\u00e1 a vzru\u0161uj\u00edc\u00ed!<\/p>\n","protected":false},"featured_media":73524,"comment_status":"closed","ping_status":"closed","template":"","meta":{"_lmt_disableupdate":"","_lmt_disable":""},"product_brand":[],"product_cat":[605,608,471],"product_tag":[],"woo-feed-brand":[],"class_list":{"0":"post-43499","1":"product","2":"type-product","3":"status-publish","4":"has-post-thumbnail","6":"product_cat-hracky-pro-aktivity","7":"product_cat-hudebni-hracky","8":"product_cat-playtime-cs","10":"first","11":"instock","12":"taxable","13":"shipping-taxable","14":"purchasable","15":"product-type-simple"},"_links":{"self":[{"href":"https:\/\/www.bojungle.eu\/cs\/wp-json\/wp\/v2\/product\/43499","targetHints":{"allow":["GET"]}}],"collection":[{"href":"https:\/\/www.bojungle.eu\/cs\/wp-json\/wp\/v2\/product"}],"about":[{"href":"https:\/\/www.bojungle.eu\/cs\/wp-json\/wp\/v2\/types\/product"}],"replies":[{"embeddable":true,"href":"https:\/\/www.bojungle.eu\/cs\/wp-json\/wp\/v2\/comments?post=43499"}],"version-history":[{"count":1,"href":"https:\/\/www.bojungle.eu\/cs\/wp-json\/wp\/v2\/product\/43499\/revisions"}],"predecessor-version":[{"id":80771,"href":"https:\/\/www.bojungle.eu\/cs\/wp-json\/wp\/v2\/product\/43499\/revisions\/80771"}],"wp:featuredmedia":[{"embeddable":true,"href":"https:\/\/www.bojungle.eu\/cs\/wp-json\/wp\/v2\/media\/73524"}],"wp:attachment":[{"href":"https:\/\/www.bojungle.eu\/cs\/wp-json\/wp\/v2\/media?parent=43499"}],"wp:term":[{"taxonomy":"product_brand","embeddable":true,"href":"https:\/\/www.bojungle.eu\/cs\/wp-json\/wp\/v2\/product_brand?post=43499"},{"taxonomy":"product_cat","embeddable":true,"href":"https:\/\/www.bojungle.eu\/cs\/wp-json\/wp\/v2\/product_cat?post=43499"},{"taxonomy":"product_tag","embeddable":true,"href":"https:\/\/www.bojungle.eu\/cs\/wp-json\/wp\/v2\/product_tag?post=43499"},{"taxonomy":"woo-feed-brand","embeddable":true,"href":"https:\/\/www.bojungle.eu\/cs\/wp-json\/wp\/v2\/woo-feed-brand?post=43499"}],"curies":[{"name":"wp","href":"https:\/\/api.w.org\/{rel}","templated":true}]}}