{"id":43542,"date":"2022-05-29T10:44:47","date_gmt":"2022-05-29T08:44:47","guid":{"rendered":"https:\/\/bojungle.eu\/shop\/product\/b-ohybaci-lzice-a-vidlicka-tyrkysova\/"},"modified":"2023-04-28T13:13:23","modified_gmt":"2023-04-28T13:13:23","slug":"b-bendable-spoon-and-fork-blue","status":"publish","type":"product","link":"https:\/\/www.bojungle.eu\/cs\/produkt\/b-bendable-spoon-and-fork-blue\/","title":{"rendered":"B-Oh\u00fdbac\u00ed l\u017e\u00edce a vidli\u010dka modr\u00e1"},"content":{"rendered":"<ul>\n<li>Ide\u00e1ln\u00ed p\u0159\u00edbor pro batolata, kter\u00e1 se u\u010d\u00ed sama j\u00edst<\/li>\n<li>Vidli\u010dku a l\u017e\u00edci lze oh\u00fdbat v po\u017eadovan\u00e9m sm\u011bru.<\/li>\n<li>sm\u011bru, aby se va\u0161e batole mohlo sn\u00e1ze naj\u00edst samo.<\/li>\n<li>Vidli\u010dka m\u00e1 zaoblen\u00e9 \u0161pi\u010dky, aby se d\u011bti p\u0159i j\u00eddle nemohly poranit.<\/li>\n<li>Vhodn\u00e9 pro myt\u00ed v my\u010dce n\u00e1dob\u00ed<\/li>\n<\/ul>\n","protected":false},"excerpt":{"rendered":"<p>Ide\u00e1ln\u00ed p\u0159\u00edbor pro batolata, kter\u00e1 se u\u010d\u00ed sama j\u00edst<\/p>\n","protected":false},"featured_media":74778,"comment_status":"closed","ping_status":"closed","template":"","meta":{"_lmt_disableupdate":"","_lmt_disable":""},"product_brand":[],"product_cat":[561,429],"product_tag":[],"woo-feed-brand":[],"class_list":{"0":"post-43542","1":"product","2":"type-product","3":"status-publish","4":"has-post-thumbnail","6":"product_cat-cas-vecere","7":"product_cat-jidlo-a-piti","9":"first","10":"instock","11":"taxable","12":"shipping-taxable","13":"purchasable","14":"product-type-simple"},"_links":{"self":[{"href":"https:\/\/www.bojungle.eu\/cs\/wp-json\/wp\/v2\/product\/43542","targetHints":{"allow":["GET"]}}],"collection":[{"href":"https:\/\/www.bojungle.eu\/cs\/wp-json\/wp\/v2\/product"}],"about":[{"href":"https:\/\/www.bojungle.eu\/cs\/wp-json\/wp\/v2\/types\/product"}],"replies":[{"embeddable":true,"href":"https:\/\/www.bojungle.eu\/cs\/wp-json\/wp\/v2\/comments?post=43542"}],"version-history":[{"count":0,"href":"https:\/\/www.bojungle.eu\/cs\/wp-json\/wp\/v2\/product\/43542\/revisions"}],"wp:featuredmedia":[{"embeddable":true,"href":"https:\/\/www.bojungle.eu\/cs\/wp-json\/wp\/v2\/media\/74778"}],"wp:attachment":[{"href":"https:\/\/www.bojungle.eu\/cs\/wp-json\/wp\/v2\/media?parent=43542"}],"wp:term":[{"taxonomy":"product_brand","embeddable":true,"href":"https:\/\/www.bojungle.eu\/cs\/wp-json\/wp\/v2\/product_brand?post=43542"},{"taxonomy":"product_cat","embeddable":true,"href":"https:\/\/www.bojungle.eu\/cs\/wp-json\/wp\/v2\/product_cat?post=43542"},{"taxonomy":"product_tag","embeddable":true,"href":"https:\/\/www.bojungle.eu\/cs\/wp-json\/wp\/v2\/product_tag?post=43542"},{"taxonomy":"woo-feed-brand","embeddable":true,"href":"https:\/\/www.bojungle.eu\/cs\/wp-json\/wp\/v2\/woo-feed-brand?post=43542"}],"curies":[{"name":"wp","href":"https:\/\/api.w.org\/{rel}","templated":true}]}}