{"id":43563,"date":"2022-05-29T10:41:59","date_gmt":"2022-05-29T08:41:59","guid":{"rendered":"https:\/\/bojungle.eu\/shop\/product\/zabradli-grey\/"},"modified":"2025-05-14T15:26:19","modified_gmt":"2025-05-14T13:26:19","slug":"zabradli-sede","status":"publish","type":"product","link":"https:\/\/www.bojungle.eu\/cs\/produkt\/zabradli-sede\/","title":{"rendered":"Z\u00e1bradl\u00ed Grey"},"content":{"rendered":"<p>Na\u0161e z\u00e1brana na postel v \u0161ed\u00e9 barv\u011b je dokonalou kombinac\u00ed bezpe\u010dnosti a sofistikovanosti, kter\u00e1 zajist\u00ed bezpe\u010d\u00ed va\u0161eho d\u011b\u0165\u00e1tka b\u011bhem sp\u00e1nkov\u00fdch dobrodru\u017estv\u00ed! Z\u00e1brana na postel, kter\u00e1 byla vyrobena s maxim\u00e1ln\u00ed p\u00e9\u010d\u00ed a d\u016frazem na detail, je navr\u017eena tak, aby sv\u00fdmi jemn\u00fdmi, neutr\u00e1ln\u00edmi \u0161ed\u00fdmi t\u00f3ny doplnila interi\u00e9r ka\u017ed\u00e9 lo\u017enice. <\/p>\n<p>Bezpe\u010dnost se snoub\u00ed se stylem d\u00edky na\u0161emu hrav\u00e9mu designu s jemn\u00fdmi, ale okouzluj\u00edc\u00edmi akcenty, kter\u00e9 dodaj\u00ed prostoru pro span\u00ed va\u0161eho d\u00edt\u011bte n\u00e1dech rozmarnosti. A\u0165 u\u017e se jedn\u00e1 o poh\u00e1dky p\u0159ed span\u00edm nebo n\u00e1paditou hru, bu\u010fte si jisti, \u017ee je va\u0161e d\u00edt\u011b v pohodl\u00ed a bezpe\u010d\u00ed. <\/p>\n<p>Pohodl\u00ed je kl\u00ed\u010dov\u00e9, a proto je na\u0161e z\u00e1bradl\u00ed Bedrail Grey snadno slo\u017eiteln\u00e9 pro bezprobl\u00e9mov\u00e9 skladov\u00e1n\u00ed a p\u0159epravu. L\u00e1tky jsou nav\u00edc odn\u00edmateln\u00e9, a proto je lze tak\u00e9 pr\u00e1t. <\/p>\n<p>Na\u0161e z\u00e1brana do postele je vyrobena tak, aby vydr\u017eela dlouho, a m\u00e1 robustn\u00ed r\u00e1m, kter\u00fd poskytuje spolehlivou oporu, tak\u017ee m\u016f\u017eete b\u00fdt klidn\u00ed, a\u017e bude va\u0161e d\u00edt\u011b klidn\u011b sp\u00e1t celou noc. S rozm\u011bry 120 cm na d\u00e9lku x 50 cm na v\u00fd\u0161ku m\u00e1 ide\u00e1ln\u00ed velikost, aby bez probl\u00e9m\u016f zapadl do sestavy postele va\u0161eho d\u00edt\u011bte. <\/p>\n<p>Zajist\u011bte d\u00edt\u011bti stylov\u011b bezpe\u010d\u00ed s na\u0161\u00ed z\u00e1branou na postel Grey &#8211; proto\u017ee klidn\u00fd sp\u00e1nek za\u010d\u00edn\u00e1 klidem v du\u0161i.<\/p>\n<ul>\n<li>Udr\u017eujte d\u00edt\u011b v bezpe\u010d\u00ed ve velk\u00e9m stylu!<\/li>\n<li>Jemn\u00e9, neutr\u00e1ln\u00ed barvy<\/li>\n<li>Hrav\u00fd design<\/li>\n<li>Snadno skl\u00e1dac\u00ed<\/li>\n<li>Odn\u00edmateln\u00e9 luxusn\u00ed tkaniny, kter\u00e9 lze pr\u00e1t v pra\u010dce<\/li>\n<li>Robustn\u00ed r\u00e1m<\/li>\n<\/ul>\n<p>&nbsp;<\/p>\n<table border=\"1\">\n<tbody>\n<tr>\n<td>Manu\u00e1ln\u00ed\n<\/td>\n<td><a href=\"https:\/\/www.bojungle.eu\/wp-content\/uploads\/2025\/05\/B-Bedrail-Manual.pdf\" target=\"_blank\" rel=\"noopener\">Klikn\u011bte zde<\/a><\/td>\n<\/tr>\n<\/tbody>\n<\/table>\n","protected":false},"excerpt":{"rendered":"<div class=\"w-full text-token-text-primary\" data-testid=\"conversation-turn-5\">\n<div class=\"px-4 py-2 justify-center text-base md:gap-6 m-auto\">\n<div class=\"flex flex-1 text-base mx-auto gap-3 md:px-5 lg:px-1 xl:px-5 md:max-w-3xl lg:max-w-[40rem] xl:max-w-[48rem] group final-completion\">\n<div class=\"relative flex w-full flex-col agent-turn\">\n<div class=\"flex-col gap-1 md:gap-3\">\n<div class=\"flex flex-grow flex-col max-w-full\">\n<div class=\"min-h-[20px] text-message flex flex-col items-start gap-3 whitespace-pre-wrap break-words [.text-message+&amp;]:mt-5 overflow-x-auto\" data-message-author-role=\"assistant\" data-message-id=\"53f57814-90c3-4128-9578-79dd45938ba9\">\n<div class=\"markdown prose w-full break-words dark:prose-invert light\">\n<p>Z\u00e1brana na postel Grey je dokonalou kombinac\u00ed bezpe\u010dnosti a stylu pro span\u00ed va\u0161eho d\u00edt\u011bte. D\u00edky jemn\u00fdm, neutr\u00e1ln\u00edm barv\u00e1m a hrav\u00e9mu designu je okouzluj\u00edc\u00ed i praktick\u00e1. Lze jej snadno slo\u017eit pro uskladn\u011bn\u00ed, je vybaven odn\u00edmateln\u00fdmi luxusn\u00edmi l\u00e1tkami, kter\u00e9 lze pr\u00e1t v pra\u010dce, a je vyroben s robustn\u00edm r\u00e1mem pro spolehlivou oporu. Udr\u017eujte sv\u00e9 d\u00edt\u011b v bezpe\u010d\u00ed a pohodl\u00ed ve velk\u00e9m stylu!   <\/p>\n<\/div>\n<\/div>\n<\/div>\n<div class=\"mt-1 flex justify-start gap-3 empty:hidden\">\n<div class=\"text-gray-400 flex self-end lg:self-center justify-center lg:justify-start mt-0 -ml-1 h-7 visible\">\n<p>&nbsp;<\/p>\n<div class=\"flex items-center gap-1.5 text-xs\"><\/div>\n<div class=\"flex\"><\/div>\n<\/div>\n<\/div>\n<\/div>\n<\/div>\n<\/div>\n<\/div>\n<\/div>\n<div class=\"mx-auto\">\n<div>\n<div class=\"mx-auto mt-2 inline-flex rounded-xl border border-gray-100 dark:border-gray-700\"><\/div>\n<\/div>\n<\/div>\n","protected":false},"featured_media":66836,"comment_status":"closed","ping_status":"closed","template":"","meta":{"_lmt_disableupdate":"","_lmt_disable":""},"product_brand":[],"product_cat":[536],"product_tag":[],"woo-feed-brand":[],"class_list":{"0":"post-43563","1":"product","2":"type-product","3":"status-publish","4":"has-post-thumbnail","6":"product_cat-spanek","8":"first","9":"instock","10":"taxable","11":"shipping-taxable","12":"purchasable","13":"product-type-simple"},"_links":{"self":[{"href":"https:\/\/www.bojungle.eu\/cs\/wp-json\/wp\/v2\/product\/43563","targetHints":{"allow":["GET"]}}],"collection":[{"href":"https:\/\/www.bojungle.eu\/cs\/wp-json\/wp\/v2\/product"}],"about":[{"href":"https:\/\/www.bojungle.eu\/cs\/wp-json\/wp\/v2\/types\/product"}],"replies":[{"embeddable":true,"href":"https:\/\/www.bojungle.eu\/cs\/wp-json\/wp\/v2\/comments?post=43563"}],"version-history":[{"count":2,"href":"https:\/\/www.bojungle.eu\/cs\/wp-json\/wp\/v2\/product\/43563\/revisions"}],"predecessor-version":[{"id":79711,"href":"https:\/\/www.bojungle.eu\/cs\/wp-json\/wp\/v2\/product\/43563\/revisions\/79711"}],"wp:featuredmedia":[{"embeddable":true,"href":"https:\/\/www.bojungle.eu\/cs\/wp-json\/wp\/v2\/media\/66836"}],"wp:attachment":[{"href":"https:\/\/www.bojungle.eu\/cs\/wp-json\/wp\/v2\/media?parent=43563"}],"wp:term":[{"taxonomy":"product_brand","embeddable":true,"href":"https:\/\/www.bojungle.eu\/cs\/wp-json\/wp\/v2\/product_brand?post=43563"},{"taxonomy":"product_cat","embeddable":true,"href":"https:\/\/www.bojungle.eu\/cs\/wp-json\/wp\/v2\/product_cat?post=43563"},{"taxonomy":"product_tag","embeddable":true,"href":"https:\/\/www.bojungle.eu\/cs\/wp-json\/wp\/v2\/product_tag?post=43563"},{"taxonomy":"woo-feed-brand","embeddable":true,"href":"https:\/\/www.bojungle.eu\/cs\/wp-json\/wp\/v2\/woo-feed-brand?post=43563"}],"curies":[{"name":"wp","href":"https:\/\/api.w.org\/{rel}","templated":true}]}}