{"id":43569,"date":"2022-05-29T10:41:21","date_gmt":"2022-05-29T10:41:21","guid":{"rendered":"https:\/\/bojungle.eu\/shop\/product\/b-bathcape-opicak-tambo\/"},"modified":"2022-05-29T10:41:21","modified_gmt":"2022-05-29T10:41:21","slug":"b-bathcape-tambo-the-monkey","status":"publish","type":"product","link":"https:\/\/www.bojungle.eu\/cs\/produkt\/b-bathcape-tambo-the-monkey\/","title":{"rendered":"B-Bathcape Opi\u010d\u00e1k Tambo"},"content":{"rendered":"<ul>\n<li>Tyto kr\u00e1sn\u00e9 koupac\u00ed pl\u00e1\u0161t\u011bnky s motivem d\u017eungle zp\u0159\u00edjemn\u00ed va\u0161emu d\u00edt\u011bti koup\u00e1n\u00ed.<\/li>\n<li>Koupac\u00ed pl\u00e1\u0161t\u011bnky maj\u00ed jednu stranu z m\u011bkk\u00e9ho frot\u00e9, kter\u00e9 lze pou\u017e\u00edt jako ru\u010dn\u00edk, a druhou z fleecu, kter\u00fd lze pou\u017e\u00edt i jako deku.<\/li>\n<li>Zv\u00ed\u0159\u00e1tka z d\u017eungle udr\u017e\u00ed hlavi\u010dku va\u0161eho d\u00edt\u011bte v teple.<\/li>\n<li>Rozm\u011bry: +- 75 x 75 cm<\/li>\n<\/ul>\n","protected":false},"excerpt":{"rendered":"<p>Tyto kr\u00e1sn\u00e9 koupac\u00ed pl\u00e1\u0161t\u011bnky s motivem d\u017eungle zp\u0159\u00edjemn\u00ed va\u0161emu d\u00edt\u011bti koup\u00e1n\u00ed.<\/p>\n","protected":false},"featured_media":68677,"comment_status":"closed","ping_status":"closed","template":"","meta":{"_lmt_disableupdate":"","_lmt_disable":""},"product_brand":[],"product_cat":[818,506],"product_tag":[],"woo-feed-brand":[],"class_list":{"0":"post-43569","1":"product","2":"type-product","3":"status-publish","4":"has-post-thumbnail","6":"product_cat-bathcapes-3","7":"product_cat-pece-o-telo","9":"first","10":"instock","11":"taxable","12":"shipping-taxable","13":"purchasable","14":"product-type-simple"},"_links":{"self":[{"href":"https:\/\/www.bojungle.eu\/cs\/wp-json\/wp\/v2\/product\/43569","targetHints":{"allow":["GET"]}}],"collection":[{"href":"https:\/\/www.bojungle.eu\/cs\/wp-json\/wp\/v2\/product"}],"about":[{"href":"https:\/\/www.bojungle.eu\/cs\/wp-json\/wp\/v2\/types\/product"}],"replies":[{"embeddable":true,"href":"https:\/\/www.bojungle.eu\/cs\/wp-json\/wp\/v2\/comments?post=43569"}],"version-history":[{"count":0,"href":"https:\/\/www.bojungle.eu\/cs\/wp-json\/wp\/v2\/product\/43569\/revisions"}],"wp:featuredmedia":[{"embeddable":true,"href":"https:\/\/www.bojungle.eu\/cs\/wp-json\/wp\/v2\/media\/68677"}],"wp:attachment":[{"href":"https:\/\/www.bojungle.eu\/cs\/wp-json\/wp\/v2\/media?parent=43569"}],"wp:term":[{"taxonomy":"product_brand","embeddable":true,"href":"https:\/\/www.bojungle.eu\/cs\/wp-json\/wp\/v2\/product_brand?post=43569"},{"taxonomy":"product_cat","embeddable":true,"href":"https:\/\/www.bojungle.eu\/cs\/wp-json\/wp\/v2\/product_cat?post=43569"},{"taxonomy":"product_tag","embeddable":true,"href":"https:\/\/www.bojungle.eu\/cs\/wp-json\/wp\/v2\/product_tag?post=43569"},{"taxonomy":"woo-feed-brand","embeddable":true,"href":"https:\/\/www.bojungle.eu\/cs\/wp-json\/wp\/v2\/woo-feed-brand?post=43569"}],"curies":[{"name":"wp","href":"https:\/\/api.w.org\/{rel}","templated":true}]}}