{"id":43589,"date":"2022-05-29T10:41:51","date_gmt":"2022-05-29T08:41:51","guid":{"rendered":"https:\/\/bojungle.eu\/shop\/product\/koupelnova-podlozka-b-bathmat-s-teplotou-froggy\/"},"modified":"2022-05-29T10:41:51","modified_gmt":"2022-05-29T10:41:51","slug":"b-bathmat-with-temperature-froggy","status":"publish","type":"product","link":"https:\/\/www.bojungle.eu\/cs\/produkt\/b-bathmat-with-temperature-froggy\/","title":{"rendered":"Koupelnov\u00e1 podlo\u017eka B-Bathmat s teplotou Froggy"},"content":{"rendered":"<ul>\n<li>Koupelnov\u00e1 podlo\u017eka s indik\u00e1torem teploty<\/li>\n<li>Protiskluzov\u00fd povrch<\/li>\n<li>Velmi stabiln\u00ed d\u00edky velk\u00e9mu po\u010dtu p\u0159\u00edsavek<\/li>\n<li>Rozm\u011bry v\u00fdrobku: Rozm\u011bry: 40 x 70 cm<\/li>\n<\/ul>\n","protected":false},"excerpt":{"rendered":"<p>Koupelnov\u00e1 podlo\u017eka s indik\u00e1torem teploty<\/p>\n","protected":false},"featured_media":68606,"comment_status":"closed","ping_status":"closed","template":"","meta":{"_lmt_disableupdate":"","_lmt_disable":""},"product_brand":[],"product_cat":[578,506,1337],"product_tag":[],"woo-feed-brand":[],"class_list":{"0":"post-43589","1":"product","2":"type-product","3":"status-publish","4":"has-post-thumbnail","6":"product_cat-dite-ve-vane","7":"product_cat-pece-o-telo","8":"product_cat-prodej","10":"first","11":"instock","12":"sale","13":"taxable","14":"shipping-taxable","15":"purchasable","16":"product-type-simple"},"_links":{"self":[{"href":"https:\/\/www.bojungle.eu\/cs\/wp-json\/wp\/v2\/product\/43589","targetHints":{"allow":["GET"]}}],"collection":[{"href":"https:\/\/www.bojungle.eu\/cs\/wp-json\/wp\/v2\/product"}],"about":[{"href":"https:\/\/www.bojungle.eu\/cs\/wp-json\/wp\/v2\/types\/product"}],"replies":[{"embeddable":true,"href":"https:\/\/www.bojungle.eu\/cs\/wp-json\/wp\/v2\/comments?post=43589"}],"version-history":[{"count":0,"href":"https:\/\/www.bojungle.eu\/cs\/wp-json\/wp\/v2\/product\/43589\/revisions"}],"wp:featuredmedia":[{"embeddable":true,"href":"https:\/\/www.bojungle.eu\/cs\/wp-json\/wp\/v2\/media\/68606"}],"wp:attachment":[{"href":"https:\/\/www.bojungle.eu\/cs\/wp-json\/wp\/v2\/media?parent=43589"}],"wp:term":[{"taxonomy":"product_brand","embeddable":true,"href":"https:\/\/www.bojungle.eu\/cs\/wp-json\/wp\/v2\/product_brand?post=43589"},{"taxonomy":"product_cat","embeddable":true,"href":"https:\/\/www.bojungle.eu\/cs\/wp-json\/wp\/v2\/product_cat?post=43589"},{"taxonomy":"product_tag","embeddable":true,"href":"https:\/\/www.bojungle.eu\/cs\/wp-json\/wp\/v2\/product_tag?post=43589"},{"taxonomy":"woo-feed-brand","embeddable":true,"href":"https:\/\/www.bojungle.eu\/cs\/wp-json\/wp\/v2\/woo-feed-brand?post=43589"}],"curies":[{"name":"wp","href":"https:\/\/api.w.org\/{rel}","templated":true}]}}