{"id":43615,"date":"2022-05-29T10:39:48","date_gmt":"2022-05-29T08:39:48","guid":{"rendered":"https:\/\/bojungle.eu\/shop\/product\/b-bathcape-ekologicka-houba-koala-grey\/"},"modified":"2025-02-14T13:19:06","modified_gmt":"2025-02-14T12:19:06","slug":"b-bathcape-ecological-sponge-koala-grey","status":"publish","type":"product","link":"https:\/\/www.bojungle.eu\/cs\/produkt\/b-bathcape-ecological-sponge-koala-grey\/","title":{"rendered":"B-Bathcape Ekologick\u00e1 houba Koala Grey"},"content":{"rendered":"<p data-start=\"0\" data-end=\"410\">Zahalte sv\u00e9 d\u011b\u0165\u00e1tko do \u00fatuln\u00e9ho pohodl\u00ed s na\u0161imi rozko\u0161n\u00fdmi koupac\u00edmi pl\u00e1\u0161t\u011bnkami! Tyto pl\u00e1\u0161t\u011bnky jsou navr\u017eeny s jedine\u010dn\u00fdmi vzory a maj\u00ed kapuci, kter\u00e1 udr\u017e\u00ed hlavi\u010dku va\u0161eho d\u011b\u0165\u00e1tka v teple a pohodl\u00ed po ka\u017ed\u00e9 koupeli. Jsou vyrobeny ze 100% organick\u00e9 bavlny, jsou m\u011bkk\u00e9 na dotek, vysoce sav\u00e9 a \u0161etrn\u00e9 k jemn\u00e9 poko\u017ece. Tyto koupac\u00ed pl\u00e1\u0161t\u011bnky, kter\u00e9 jsou dokonalou kombinac\u00ed prakti\u010dnosti a roztomilosti, jsou nezbytnou sou\u010d\u00e1st\u00ed koupac\u00edho ritu\u00e1lu va\u0161eho d\u00edt\u011bte.   <\/p>\n<p data-start=\"457\" data-end=\"546\" data-is-last-node=\"\">H\u00fd\u010dkejte sv\u00e9 d\u00edt\u011b v ekologick\u00e9m luxusu s t\u011bmito mimo\u0159\u00e1dn\u011b m\u011bkk\u00fdmi koupac\u00edmi pl\u00e1\u0161t\u011bnkami z organick\u00e9 bavlny.<\/p>\n","protected":false},"excerpt":{"rendered":"<p>Udr\u017eujte sv\u00e9 d\u00edt\u011b v teple a pohodl\u00ed s na\u0161imi m\u011bkk\u00fdmi, sav\u00fdmi koupac\u00edmi pl\u00e1\u0161t\u011bnkami vyroben\u00fdmi ze 100% organick\u00e9 bavlny. D\u00edky kapuci a jedine\u010dn\u00fdm vzor\u016fm jsou ide\u00e1ln\u00ed pro tulen\u00ed po koupeli. <\/p>\n","protected":false},"featured_media":69528,"comment_status":"closed","ping_status":"closed","template":"","meta":{"_lmt_disableupdate":"","_lmt_disable":""},"product_brand":[],"product_cat":[818,506],"product_tag":[],"woo-feed-brand":[],"class_list":{"0":"post-43615","1":"product","2":"type-product","3":"status-publish","4":"has-post-thumbnail","6":"product_cat-bathcapes-3","7":"product_cat-pece-o-telo","9":"first","10":"instock","11":"taxable","12":"shipping-taxable","13":"purchasable","14":"product-type-simple"},"_links":{"self":[{"href":"https:\/\/www.bojungle.eu\/cs\/wp-json\/wp\/v2\/product\/43615","targetHints":{"allow":["GET"]}}],"collection":[{"href":"https:\/\/www.bojungle.eu\/cs\/wp-json\/wp\/v2\/product"}],"about":[{"href":"https:\/\/www.bojungle.eu\/cs\/wp-json\/wp\/v2\/types\/product"}],"replies":[{"embeddable":true,"href":"https:\/\/www.bojungle.eu\/cs\/wp-json\/wp\/v2\/comments?post=43615"}],"version-history":[{"count":1,"href":"https:\/\/www.bojungle.eu\/cs\/wp-json\/wp\/v2\/product\/43615\/revisions"}],"predecessor-version":[{"id":79118,"href":"https:\/\/www.bojungle.eu\/cs\/wp-json\/wp\/v2\/product\/43615\/revisions\/79118"}],"wp:featuredmedia":[{"embeddable":true,"href":"https:\/\/www.bojungle.eu\/cs\/wp-json\/wp\/v2\/media\/69528"}],"wp:attachment":[{"href":"https:\/\/www.bojungle.eu\/cs\/wp-json\/wp\/v2\/media?parent=43615"}],"wp:term":[{"taxonomy":"product_brand","embeddable":true,"href":"https:\/\/www.bojungle.eu\/cs\/wp-json\/wp\/v2\/product_brand?post=43615"},{"taxonomy":"product_cat","embeddable":true,"href":"https:\/\/www.bojungle.eu\/cs\/wp-json\/wp\/v2\/product_cat?post=43615"},{"taxonomy":"product_tag","embeddable":true,"href":"https:\/\/www.bojungle.eu\/cs\/wp-json\/wp\/v2\/product_tag?post=43615"},{"taxonomy":"woo-feed-brand","embeddable":true,"href":"https:\/\/www.bojungle.eu\/cs\/wp-json\/wp\/v2\/woo-feed-brand?post=43615"}],"curies":[{"name":"wp","href":"https:\/\/api.w.org\/{rel}","templated":true}]}}