{"id":43648,"date":"2022-05-29T10:35:47","date_gmt":"2022-05-29T08:35:47","guid":{"rendered":"https:\/\/bojungle.eu\/shop\/product\/b-bathcape-ekologicka-houba-medved-modra-zelena\/"},"modified":"2022-05-29T10:35:47","modified_gmt":"2022-05-29T10:35:47","slug":"b-koupelna-ekologicka-houba-medved-modrozelena","status":"publish","type":"product","link":"https:\/\/www.bojungle.eu\/cs\/produkt\/b-koupelna-ekologicka-houba-medved-modrozelena\/","title":{"rendered":"B-Bathcape Ekologick\u00e1 houba Medv\u011bd modr\u00e1\/zelen\u00e1"},"content":{"rendered":"<ul>\n<li>Faktor dotykovosti je st\u00e1le v\u011bt\u0161\u00ed! Pl\u00e1\u0161t\u011bnky s jedine\u010dn\u00fdm designem maj\u00ed v\u017edy kapuci, aby hlavi\u010dka va\u0161eho d\u00edt\u011bte z\u016fstala v teple, jakmile vyleze z vany. Koupac\u00ed pl\u00e1\u0161t\u011bnky jsou vyrobeny ze 100% organick\u00e9 bavlny. Jsou m\u011bkk\u00e9, dob\u0159e absorbuj\u00ed a jsou velmi roztomil\u00e9.<\/li>\n<li>Rozm\u011bry: Rozm\u011bry: 90 x 90 cm<\/li>\n<li>Biobavlna: 450 GSM<\/li>\n<\/ul>\n","protected":false},"excerpt":{"rendered":"<p>Faktor dotykovosti je st\u00e1le v\u011bt\u0161\u00ed! Pl\u00e1\u0161t\u011bnky s jedine\u010dn\u00fdm designem maj\u00ed v\u017edy kapuci, aby hlavi\u010dka va\u0161eho d\u00edt\u011bte z\u016fstala v teple, jakmile vyleze z vany. Koupac\u00ed pl\u00e1\u0161t\u011bnky jsou vyrobeny ze 100% organick\u00e9 bavlny. Jsou m\u011bkk\u00e9, dob\u0159e absorbuj\u00ed a jsou velmi roztomil\u00e9.<\/p>\n","protected":false},"featured_media":51947,"comment_status":"closed","ping_status":"closed","template":"","meta":{"_lmt_disableupdate":"","_lmt_disable":""},"product_brand":[],"product_cat":[818,506],"product_tag":[],"woo-feed-brand":[],"class_list":{"0":"post-43648","1":"product","2":"type-product","3":"status-publish","4":"has-post-thumbnail","6":"product_cat-bathcapes-3","7":"product_cat-pece-o-telo","9":"first","10":"instock","11":"taxable","12":"shipping-taxable","13":"purchasable","14":"product-type-simple"},"_links":{"self":[{"href":"https:\/\/www.bojungle.eu\/cs\/wp-json\/wp\/v2\/product\/43648","targetHints":{"allow":["GET"]}}],"collection":[{"href":"https:\/\/www.bojungle.eu\/cs\/wp-json\/wp\/v2\/product"}],"about":[{"href":"https:\/\/www.bojungle.eu\/cs\/wp-json\/wp\/v2\/types\/product"}],"replies":[{"embeddable":true,"href":"https:\/\/www.bojungle.eu\/cs\/wp-json\/wp\/v2\/comments?post=43648"}],"version-history":[{"count":0,"href":"https:\/\/www.bojungle.eu\/cs\/wp-json\/wp\/v2\/product\/43648\/revisions"}],"wp:featuredmedia":[{"embeddable":true,"href":"https:\/\/www.bojungle.eu\/cs\/wp-json\/wp\/v2\/media\/51947"}],"wp:attachment":[{"href":"https:\/\/www.bojungle.eu\/cs\/wp-json\/wp\/v2\/media?parent=43648"}],"wp:term":[{"taxonomy":"product_brand","embeddable":true,"href":"https:\/\/www.bojungle.eu\/cs\/wp-json\/wp\/v2\/product_brand?post=43648"},{"taxonomy":"product_cat","embeddable":true,"href":"https:\/\/www.bojungle.eu\/cs\/wp-json\/wp\/v2\/product_cat?post=43648"},{"taxonomy":"product_tag","embeddable":true,"href":"https:\/\/www.bojungle.eu\/cs\/wp-json\/wp\/v2\/product_tag?post=43648"},{"taxonomy":"woo-feed-brand","embeddable":true,"href":"https:\/\/www.bojungle.eu\/cs\/wp-json\/wp\/v2\/woo-feed-brand?post=43648"}],"curies":[{"name":"wp","href":"https:\/\/api.w.org\/{rel}","templated":true}]}}