{"id":43679,"date":"2022-05-29T10:34:57","date_gmt":"2022-05-29T08:34:57","guid":{"rendered":"https:\/\/bojungle.eu\/shop\/product\/penove-cislice-a-pismena-b-bath-36-ks\/"},"modified":"2024-04-16T09:24:41","modified_gmt":"2024-04-16T07:24:41","slug":"b-pena-do-vany-cisla-a-pismena-36-ks","status":"publish","type":"product","link":"https:\/\/www.bojungle.eu\/cs\/produkt\/b-pena-do-vany-cisla-a-pismena-36-ks\/","title":{"rendered":"P\u011bnov\u00e9 \u010d\u00edslice a p\u00edsmena B-Bath (36 ks)"},"content":{"rendered":"<div class=\"elementor-element elementor-element-80cf67d elementor-widget elementor-widget-jet-single-excerpt\" data-id=\"80cf67d\" data-element_type=\"widget\" data-widget_type=\"jet-single-excerpt.default\">\n<div class=\"elementor-widget-container\">\n<div class=\"elementor-jet-single-excerpt jet-woo-builder\">\n<div class=\"woocommerce-product-details__short-description\">\n<div class=\"w-full text-token-text-primary\" dir=\"auto\" data-testid=\"conversation-turn-5\">\n<div class=\"px-4 py-2 justify-center text-base md:gap-6 m-auto\">\n<div class=\"flex flex-1 text-base mx-auto gap-3 juice:gap-4 juice:md:gap-6 md:px-5 lg:px-1 xl:px-5 md:max-w-3xl lg:max-w-[40rem] xl:max-w-[48rem] group\">\n<div class=\"relative flex w-full flex-col agent-turn\">\n<div class=\"flex-col gap-1 md:gap-3\">\n<div class=\"flex flex-grow flex-col max-w-full\">\n<div class=\"min-h-[20px] text-message flex flex-col items-start gap-3 whitespace-pre-wrap break-words [.text-message+&amp;]:mt-5 overflow-x-auto\" dir=\"auto\" data-message-author-role=\"assistant\" data-message-id=\"f0d0dcbb-d22c-4ec2-983d-4ad5d7971b3e\">\n<div class=\"markdown prose w-full break-words dark:prose-invert light\">\n<div class=\"elementor-element elementor-element-80cf67d elementor-widget elementor-widget-jet-single-excerpt\" data-id=\"80cf67d\" data-element_type=\"widget\" data-widget_type=\"jet-single-excerpt.default\">\n<div class=\"elementor-widget-container\">\n<div class=\"elementor-jet-single-excerpt jet-woo-builder\">\n<div class=\"woocommerce-product-details__short-description\">\n<div class=\"w-full text-token-text-primary\" dir=\"auto\" data-testid=\"conversation-turn-5\">\n<div class=\"px-4 py-2 justify-center text-base md:gap-6 m-auto\">\n<div class=\"flex flex-1 text-base mx-auto gap-3 juice:gap-4 juice:md:gap-6 md:px-5 lg:px-1 xl:px-5 md:max-w-3xl lg:max-w-[40rem] xl:max-w-[48rem] group\">\n<div class=\"relative flex w-full flex-col agent-turn\">\n<div class=\"flex-col gap-1 md:gap-3\">\n<div class=\"flex flex-grow flex-col max-w-full\">\n<div class=\"min-h-[20px] text-message flex flex-col items-start gap-3 whitespace-pre-wrap break-words [.text-message+&amp;]:mt-5 overflow-x-auto\" dir=\"auto\" data-message-author-role=\"assistant\" data-message-id=\"f0d0dcbb-d22c-4ec2-983d-4ad5d7971b3e\">\n<div class=\"markdown prose w-full break-words dark:prose-invert light\">\n<p>Pod\u00edvejte se na na\u0161e \u010d\u00edsla a p\u00edsmena z p\u011bny do koupele! D\u00edky 36 r\u016fzn\u00fdm tvar\u016fm a barv\u00e1m je koup\u00e1n\u00ed velmi z\u00e1bavn\u00e9. Va\u0161e d\u00edt\u011b je m\u016f\u017ee nalepit na dla\u017edice nebo na vanu, aby m\u011blo je\u0161t\u011b v\u00edce mo\u017enost\u00ed hry. Nav\u00edc jsou super bezpe\u010dn\u00e9 a spl\u0148uj\u00ed evropsk\u00e9 normy. Popus\u0165te tedy uzdu fantazii a u\u017eijte si koup\u00e1n\u00ed jako nikdy p\u0159edt\u00edm!    <\/p>\n<\/div>\n<\/div>\n<\/div>\n<\/div>\n<\/div>\n<\/div>\n<\/div>\n<\/div>\n<\/div>\n<\/div>\n<\/div>\n<\/div>\n<\/div>\n<\/div>\n<\/div>\n<\/div>\n<\/div>\n<\/div>\n<\/div>\n<\/div>\n<\/div>\n<\/div>\n<\/div>\n<\/div>\n<div class=\"elementor-element elementor-element-c5d7d93 elementor-widget elementor-widget-spacer\" data-id=\"c5d7d93\" data-element_type=\"widget\" data-widget_type=\"spacer.default\">\n<div class=\"elementor-widget-container\">\n<div class=\"elementor-spacer\"><\/div>\n<\/div>\n<\/div>\n","protected":false},"excerpt":{"rendered":"<p>P\u0159ipravte se na po\u0159\u00e1dnou z\u00e1bavu s na\u0161imi p\u011bnov\u00fdmi \u010d\u00edsly a p\u00edsmeny B-Bath! S neuv\u011b\u0159iteln\u00fdmi 36 r\u016fzn\u00fdmi tvary a barvami je koup\u00e1n\u00ed je\u0161t\u011b nap\u00ednav\u011bj\u0161\u00ed. Va\u0161e d\u00edt\u011b je m\u016f\u017ee nalepit na dla\u017edice nebo na vanu, aby m\u011blo je\u0161t\u011b v\u00edce mo\u017enost\u00ed ke h\u0159e. P\u0159edstavte si, \u017ee postav\u00edte ze\u010f plnou p\u011bnov\u00fdch tvar\u016f &#8211; mo\u017enosti jsou nekone\u010dn\u00e9! A nebojte se, tyto p\u011bnov\u00e9 tvary jsou mimo\u0159\u00e1dn\u011b bezpe\u010dn\u00e9 a spl\u0148uj\u00ed evropsk\u00e9 normy kvality. Pro\u010d se tedy spokojit s nudnou chvilkou ve van\u011b, kdy\u017e se m\u016f\u017eete vy\u0159\u00e1dit s na\u0161imi p\u011bnov\u00fdmi \u010d\u00edsly a p\u00edsmeny B-Bath? Nechte dobrodru\u017estv\u00ed za\u010d\u00edt!  <\/p>\n","protected":false},"featured_media":73738,"comment_status":"closed","ping_status":"closed","template":"","meta":{"_lmt_disableupdate":"","_lmt_disable":""},"product_brand":[],"product_cat":[507,506,471],"product_tag":[],"woo-feed-brand":[],"class_list":{"0":"post-43679","1":"product","2":"type-product","3":"status-publish","4":"has-post-thumbnail","6":"product_cat-hracky-do-koupele","7":"product_cat-pece-o-telo","8":"product_cat-playtime-cs","10":"first","11":"instock","12":"taxable","13":"shipping-taxable","14":"purchasable","15":"product-type-simple"},"_links":{"self":[{"href":"https:\/\/www.bojungle.eu\/cs\/wp-json\/wp\/v2\/product\/43679","targetHints":{"allow":["GET"]}}],"collection":[{"href":"https:\/\/www.bojungle.eu\/cs\/wp-json\/wp\/v2\/product"}],"about":[{"href":"https:\/\/www.bojungle.eu\/cs\/wp-json\/wp\/v2\/types\/product"}],"replies":[{"embeddable":true,"href":"https:\/\/www.bojungle.eu\/cs\/wp-json\/wp\/v2\/comments?post=43679"}],"version-history":[{"count":1,"href":"https:\/\/www.bojungle.eu\/cs\/wp-json\/wp\/v2\/product\/43679\/revisions"}],"predecessor-version":[{"id":73798,"href":"https:\/\/www.bojungle.eu\/cs\/wp-json\/wp\/v2\/product\/43679\/revisions\/73798"}],"wp:featuredmedia":[{"embeddable":true,"href":"https:\/\/www.bojungle.eu\/cs\/wp-json\/wp\/v2\/media\/73738"}],"wp:attachment":[{"href":"https:\/\/www.bojungle.eu\/cs\/wp-json\/wp\/v2\/media?parent=43679"}],"wp:term":[{"taxonomy":"product_brand","embeddable":true,"href":"https:\/\/www.bojungle.eu\/cs\/wp-json\/wp\/v2\/product_brand?post=43679"},{"taxonomy":"product_cat","embeddable":true,"href":"https:\/\/www.bojungle.eu\/cs\/wp-json\/wp\/v2\/product_cat?post=43679"},{"taxonomy":"product_tag","embeddable":true,"href":"https:\/\/www.bojungle.eu\/cs\/wp-json\/wp\/v2\/product_tag?post=43679"},{"taxonomy":"woo-feed-brand","embeddable":true,"href":"https:\/\/www.bojungle.eu\/cs\/wp-json\/wp\/v2\/woo-feed-brand?post=43679"}],"curies":[{"name":"wp","href":"https:\/\/api.w.org\/{rel}","templated":true}]}}