{"id":43747,"date":"2022-05-29T10:28:25","date_gmt":"2022-05-29T08:28:25","guid":{"rendered":"https:\/\/bojungle.eu\/shop\/product\/b-bamboo-base-shape-star-classic\/"},"modified":"2022-05-29T10:28:25","modified_gmt":"2022-05-29T10:28:25","slug":"b-bamboo-base-shape-star-classic","status":"publish","type":"product","link":"https:\/\/www.bojungle.eu\/cs\/produkt\/b-bamboo-base-shape-star-classic\/","title":{"rendered":"B-Bamboo Base Shape Star Classic"},"content":{"rendered":"<ul>\n<li>Znovuobjeven\u00e1 klasika: t\u0159\u00eddi\u010d tvar\u016f ze silikonu a udr\u017eiteln\u00fd a zdrav\u00fd v\u00fdrobek!<\/li>\n<li>Um\u00edst\u011bte silikonov\u00e9 tvary do spr\u00e1vn\u00fdch pol\u00ed\u010dek.<\/li>\n<li>Tato hra\u010dka pom\u016f\u017ee va\u0161emu d\u00edt\u011bti rozv\u00edjet r\u016fzn\u00e9 smysly: hmat, zrak, ale tak\u00e9 logiku a z\u00e1rove\u0148 se bavit!<\/li>\n<li>Designov\u00e1 hra a m\u00f3dn\u00ed barvy pot\u011b\u0161\u00ed d\u00edt\u011b i rodi\u010de!<\/li>\n<li>Pro dokonalou hygienu jsou silikonov\u00e9 tvary bezpe\u010dn\u00e9 pro myt\u00ed v my\u010dce a sterilizovateln\u00e9.<\/li>\n<li>Vysoce kvalitn\u00ed silikonov\u00e9 tvary a p\u0159\u00edrodn\u00ed bambusov\u00e1 z\u00e1kladna<\/li>\n<li>Velikost z\u00e1kladny: 12 x 12 cm<\/li>\n<\/ul>\n","protected":false},"excerpt":{"rendered":"<p>Znovuobjeven\u00e1 klasika: t\u0159\u00eddi\u010d tvar\u016f ze silikonu a udr\u017eiteln\u00fd a zdrav\u00fd v\u00fdrobek!<\/p>\n","protected":false},"featured_media":67482,"comment_status":"closed","ping_status":"closed","template":"","meta":{"_lmt_disableupdate":"","_lmt_disable":""},"product_brand":[],"product_cat":[471,489],"product_tag":[],"woo-feed-brand":[],"class_list":{"0":"post-43747","1":"product","2":"type-product","3":"status-publish","4":"has-post-thumbnail","6":"product_cat-playtime-cs","7":"product_cat-silikonove-hracky","9":"first","10":"instock","11":"taxable","12":"shipping-taxable","13":"purchasable","14":"product-type-simple"},"_links":{"self":[{"href":"https:\/\/www.bojungle.eu\/cs\/wp-json\/wp\/v2\/product\/43747","targetHints":{"allow":["GET"]}}],"collection":[{"href":"https:\/\/www.bojungle.eu\/cs\/wp-json\/wp\/v2\/product"}],"about":[{"href":"https:\/\/www.bojungle.eu\/cs\/wp-json\/wp\/v2\/types\/product"}],"replies":[{"embeddable":true,"href":"https:\/\/www.bojungle.eu\/cs\/wp-json\/wp\/v2\/comments?post=43747"}],"version-history":[{"count":0,"href":"https:\/\/www.bojungle.eu\/cs\/wp-json\/wp\/v2\/product\/43747\/revisions"}],"wp:featuredmedia":[{"embeddable":true,"href":"https:\/\/www.bojungle.eu\/cs\/wp-json\/wp\/v2\/media\/67482"}],"wp:attachment":[{"href":"https:\/\/www.bojungle.eu\/cs\/wp-json\/wp\/v2\/media?parent=43747"}],"wp:term":[{"taxonomy":"product_brand","embeddable":true,"href":"https:\/\/www.bojungle.eu\/cs\/wp-json\/wp\/v2\/product_brand?post=43747"},{"taxonomy":"product_cat","embeddable":true,"href":"https:\/\/www.bojungle.eu\/cs\/wp-json\/wp\/v2\/product_cat?post=43747"},{"taxonomy":"product_tag","embeddable":true,"href":"https:\/\/www.bojungle.eu\/cs\/wp-json\/wp\/v2\/product_tag?post=43747"},{"taxonomy":"woo-feed-brand","embeddable":true,"href":"https:\/\/www.bojungle.eu\/cs\/wp-json\/wp\/v2\/woo-feed-brand?post=43747"}],"curies":[{"name":"wp","href":"https:\/\/api.w.org\/{rel}","templated":true}]}}