{"id":43758,"date":"2022-05-29T10:29:45","date_gmt":"2022-05-29T08:29:45","guid":{"rendered":"https:\/\/bojungle.eu\/shop\/product\/b-bath-bear-grey\/"},"modified":"2025-05-26T14:41:26","modified_gmt":"2025-05-26T12:41:26","slug":"b-bath-bear-grey","status":"publish","type":"product","link":"https:\/\/www.bojungle.eu\/cs\/produkt\/b-bath-bear-grey\/","title":{"rendered":"Koupelov\u00fd medv\u011bd \u0161ed\u00fd"},"content":{"rendered":"<p>Objevte koupelov\u00e9ho medv\u00eddka Grey &#8211; nov\u00e9ho obl\u00edben\u00e9ho kamar\u00e1da va\u0161eho d\u00edt\u011bte do koupele! D\u00edky roztomil\u00e9mu designu medv\u011bd\u00edho ucha a pohodln\u00e9mu tvaru je koup\u00e1n\u00ed mnohem z\u00e1bavn\u011bj\u0161\u00ed.<\/p>\n<p>Tato d\u011btsk\u00e1 vani\u010dka je dod\u00e1v\u00e1na s praktickou redukc\u00ed do vany, kter\u00e1 je ide\u00e1ln\u00ed pro novorozence a udr\u017euje je v bezpe\u010d\u00ed pomoc\u00ed p\u0159\u00edsavek. A kdy\u017e je \u010das vypustit vodu, sta\u010d\u00ed otev\u0159\u00edt odtokov\u00fd uz\u00e1v\u011br pro rychl\u00e9 a snadn\u00e9 vy\u010di\u0161t\u011bn\u00ed. <\/p>\n<p>P\u0159ilo\u017eili jsme tak\u00e9 vyj\u00edmatelnou misku na m\u00fddlo z ekologick\u00e9ho silikonu, tak\u017ee m\u016f\u017eete m\u00edt v\u0161echny pot\u0159eby do koupele po ruce bez zbyte\u010dn\u00fdch starost\u00ed. Nav\u00edc si m\u016f\u017eete b\u00fdt jisti, \u017ee medv\u00eddek do vany Grey neobsahuje BPA, tak\u017ee va\u0161e d\u00edt\u011b bude b\u011bhem sv\u00fdch dobrodru\u017estv\u00ed v bezpe\u010d\u00ed.<\/p>\n<p>&nbsp;<\/p>\n<table border=\"1\">\n<tbody>\n<tr>\n<td>Manu\u00e1ln\u00ed\n<\/td>\n<td><a href=\"https:\/\/www.bojungle.eu\/wp-content\/uploads\/2025\/05\/Manual-Bath-Bear.pdf\">Klikn\u011bte zde<\/a><\/td>\n<\/tr>\n<\/tbody>\n<\/table>\n<p>&nbsp;<\/p>\n","protected":false},"excerpt":{"rendered":"<p>Seznamte se s koupelov\u00fdm medv\u00eddkem Grey &#8211; dokonal\u00fdm spole\u010dn\u00edkem pro koup\u00e1n\u00ed va\u0161eho d\u00edt\u011bte! D\u00edky roztomil\u00fdm medv\u011bd\u00edm u\u0161\u00edm a ergonomick\u00e9mu designu je koup\u00e1n\u00ed mnohem roztomilej\u0161\u00ed a pohodln\u011bj\u0161\u00ed. Je dopln\u011bna redukc\u00ed pro novorozence, uz\u00e1v\u011brem pro snadn\u00e9 vypou\u0161t\u011bn\u00ed vody a ekologickou m\u00fddlenkou a p\u0159edstavuje dokonalou kombinaci z\u00e1bavy a funk\u010dnosti. Nav\u00edc pro v\u00e1\u0161 klid neobsahuje BPA.   P\u0159ipravte se na \u010dist\u00e1 dobrodru\u017estv\u00ed s koupelnov\u00fdm medv\u011bdem Grey!<\/p>\n<p>&nbsp;<\/p>\n","protected":false},"featured_media":68957,"comment_status":"closed","ping_status":"closed","template":"","meta":{"_lmt_disableupdate":"","_lmt_disable":""},"product_brand":[],"product_cat":[578,506],"product_tag":[],"woo-feed-brand":[],"class_list":{"0":"post-43758","1":"product","2":"type-product","3":"status-publish","4":"has-post-thumbnail","6":"product_cat-dite-ve-vane","7":"product_cat-pece-o-telo","9":"first","10":"instock","11":"taxable","12":"shipping-taxable","13":"purchasable","14":"product-type-simple"},"_links":{"self":[{"href":"https:\/\/www.bojungle.eu\/cs\/wp-json\/wp\/v2\/product\/43758","targetHints":{"allow":["GET"]}}],"collection":[{"href":"https:\/\/www.bojungle.eu\/cs\/wp-json\/wp\/v2\/product"}],"about":[{"href":"https:\/\/www.bojungle.eu\/cs\/wp-json\/wp\/v2\/types\/product"}],"replies":[{"embeddable":true,"href":"https:\/\/www.bojungle.eu\/cs\/wp-json\/wp\/v2\/comments?post=43758"}],"version-history":[{"count":2,"href":"https:\/\/www.bojungle.eu\/cs\/wp-json\/wp\/v2\/product\/43758\/revisions"}],"predecessor-version":[{"id":79885,"href":"https:\/\/www.bojungle.eu\/cs\/wp-json\/wp\/v2\/product\/43758\/revisions\/79885"}],"wp:featuredmedia":[{"embeddable":true,"href":"https:\/\/www.bojungle.eu\/cs\/wp-json\/wp\/v2\/media\/68957"}],"wp:attachment":[{"href":"https:\/\/www.bojungle.eu\/cs\/wp-json\/wp\/v2\/media?parent=43758"}],"wp:term":[{"taxonomy":"product_brand","embeddable":true,"href":"https:\/\/www.bojungle.eu\/cs\/wp-json\/wp\/v2\/product_brand?post=43758"},{"taxonomy":"product_cat","embeddable":true,"href":"https:\/\/www.bojungle.eu\/cs\/wp-json\/wp\/v2\/product_cat?post=43758"},{"taxonomy":"product_tag","embeddable":true,"href":"https:\/\/www.bojungle.eu\/cs\/wp-json\/wp\/v2\/product_tag?post=43758"},{"taxonomy":"woo-feed-brand","embeddable":true,"href":"https:\/\/www.bojungle.eu\/cs\/wp-json\/wp\/v2\/woo-feed-brand?post=43758"}],"curies":[{"name":"wp","href":"https:\/\/api.w.org\/{rel}","templated":true}]}}