{"id":43764,"date":"2022-05-29T10:25:06","date_gmt":"2022-05-29T08:25:06","guid":{"rendered":"https:\/\/bojungle.eu\/shop\/product\/b-ball-silikonova-pastelove-modra\/"},"modified":"2024-05-16T10:39:01","modified_gmt":"2024-05-16T08:39:01","slug":"b-ball-silicone-pastel-blue","status":"publish","type":"product","link":"https:\/\/www.bojungle.eu\/cs\/produkt\/b-ball-silicone-pastel-blue\/","title":{"rendered":"B-Ball Silikonov\u00e1 pastelov\u011b modr\u00e1"},"content":{"rendered":"<p>P\u0159edstavujeme v\u00e1m B-Ball Silicone Pastel Blue &#8211; dokonal\u00e9ho spole\u010dn\u00edka pro va\u0161e d\u00edt\u011b p\u0159i pro\u0159ez\u00e1v\u00e1n\u00ed zoubk\u016f! Tato kuli\u010dka je vyrobena z m\u011bkk\u00e9ho a odoln\u00e9ho silikonu a je navr\u017eena tak, aby stimulovala pocity kous\u00e1n\u00ed i uchopen\u00ed. Kdy\u017e va\u0161e d\u011b\u0165\u00e1tko prozkoum\u00e1v\u00e1 strukturovan\u00fd povrch, jsou jeho d\u00e1sn\u011b jemn\u011b mas\u00edrov\u00e1ny, co\u017e mu ulev\u00ed p\u0159i pro\u0159ez\u00e1v\u00e1n\u00ed zoubk\u016f. R\u016fznorod\u00e9 kousac\u00ed plochy tak\u00e9 stimuluj\u00ed rty a jazyk a podporuj\u00ed tak rozvoj smysl\u016f. Tento m\u00ed\u010d, kter\u00fd m\u00e1 ide\u00e1ln\u00ed velikost pro mal\u00e9 ruce, je ide\u00e1ln\u00ed pro d\u011bti, kter\u00e9 za\u010d\u00ednaj\u00ed pro\u0159ez\u00e1vat zoubky. Nav\u00edc se snadno \u010dist\u00ed &#8211; pro bezprobl\u00e9movou \u00fadr\u017ebu jej sta\u010d\u00ed hodit do pra\u010dky.<\/p>\n<p>N\u00e1\u0161 B-Ball Silicone Pastel Blue je vyroben s d\u016frazem na p\u00e9\u010di a kvalitu a je nezbytn\u00fdm dopl\u0148kem pro d\u011bti, kter\u00fdm se pro\u0159ez\u00e1vaj\u00ed zoubky.<\/p>\n","protected":false},"excerpt":{"rendered":"<p>N\u00e1\u0161 B-Ball Silicone Pastel Blue je dokonal\u00fdm spole\u010dn\u00edkem p\u0159i pro\u0159ez\u00e1v\u00e1n\u00ed zoubk\u016f va\u0161eho d\u011b\u0165\u00e1tka. Je vyroben z m\u011bkk\u00e9ho silikonu, stimuluje kous\u00e1n\u00ed a uchopov\u00e1n\u00ed a poskytuje \u00falevu p\u0159i pro\u0159ez\u00e1v\u00e1n\u00ed zoubk\u016f. Snadno se \u010dist\u00ed a je navr\u017eeno pro mal\u00e9 ruce, tak\u017ee je ide\u00e1ln\u00ed pro d\u011bti, kter\u00fdm se pro\u0159ez\u00e1vaj\u00ed zoubky. <\/p>\n<p>&nbsp;<\/p>\n<p>&nbsp;<\/p>\n","protected":false},"featured_media":73102,"comment_status":"closed","ping_status":"closed","template":"","meta":{"_lmt_disableupdate":"","_lmt_disable":""},"product_brand":[],"product_cat":[599,471,489],"product_tag":[],"woo-feed-brand":[],"class_list":{"0":"post-43764","1":"product","2":"type-product","3":"status-publish","4":"has-post-thumbnail","6":"product_cat-hracky-na-kousani","7":"product_cat-playtime-cs","8":"product_cat-silikonove-hracky","10":"first","11":"instock","12":"taxable","13":"shipping-taxable","14":"purchasable","15":"product-type-simple"},"_links":{"self":[{"href":"https:\/\/www.bojungle.eu\/cs\/wp-json\/wp\/v2\/product\/43764","targetHints":{"allow":["GET"]}}],"collection":[{"href":"https:\/\/www.bojungle.eu\/cs\/wp-json\/wp\/v2\/product"}],"about":[{"href":"https:\/\/www.bojungle.eu\/cs\/wp-json\/wp\/v2\/types\/product"}],"replies":[{"embeddable":true,"href":"https:\/\/www.bojungle.eu\/cs\/wp-json\/wp\/v2\/comments?post=43764"}],"version-history":[{"count":1,"href":"https:\/\/www.bojungle.eu\/cs\/wp-json\/wp\/v2\/product\/43764\/revisions"}],"predecessor-version":[{"id":75698,"href":"https:\/\/www.bojungle.eu\/cs\/wp-json\/wp\/v2\/product\/43764\/revisions\/75698"}],"wp:featuredmedia":[{"embeddable":true,"href":"https:\/\/www.bojungle.eu\/cs\/wp-json\/wp\/v2\/media\/73102"}],"wp:attachment":[{"href":"https:\/\/www.bojungle.eu\/cs\/wp-json\/wp\/v2\/media?parent=43764"}],"wp:term":[{"taxonomy":"product_brand","embeddable":true,"href":"https:\/\/www.bojungle.eu\/cs\/wp-json\/wp\/v2\/product_brand?post=43764"},{"taxonomy":"product_cat","embeddable":true,"href":"https:\/\/www.bojungle.eu\/cs\/wp-json\/wp\/v2\/product_cat?post=43764"},{"taxonomy":"product_tag","embeddable":true,"href":"https:\/\/www.bojungle.eu\/cs\/wp-json\/wp\/v2\/product_tag?post=43764"},{"taxonomy":"woo-feed-brand","embeddable":true,"href":"https:\/\/www.bojungle.eu\/cs\/wp-json\/wp\/v2\/woo-feed-brand?post=43764"}],"curies":[{"name":"wp","href":"https:\/\/api.w.org\/{rel}","templated":true}]}}