{"id":43800,"date":"2022-05-29T10:24:19","date_gmt":"2022-05-29T08:24:19","guid":{"rendered":"https:\/\/bojungle.eu\/shop\/product\/b-ball-pit-play-gym-grey\/"},"modified":"2025-06-19T16:18:46","modified_gmt":"2025-06-19T14:18:46","slug":"b-ball-pit-play-gym-grey","status":"publish","type":"product","link":"https:\/\/www.bojungle.eu\/cs\/produkt\/b-ball-pit-play-gym-grey\/","title":{"rendered":"Ball Pit Play Gym \u0161ed\u00e1"},"content":{"rendered":"<div id=\"description\" class=\"tab-pane fade in active\" role=\"tabpanel\">\n<div class=\"product-description\">\n<div class=\"flex-1 overflow-hidden\">\n<div class=\"react-scroll-to-bottom--css-fuibk-79elbk h-full\">\n<div class=\"react-scroll-to-bottom--css-fuibk-1n7m0yu\">\n<div class=\"flex flex-col pb-9 text-sm\">\n<div class=\"w-full text-token-text-primary\" data-testid=\"conversation-turn-5\">\n<div class=\"px-4 py-2 justify-center text-base md:gap-6 m-auto\">\n<div class=\"flex flex-1 text-base mx-auto gap-3 md:px-5 lg:px-1 xl:px-5 md:max-w-3xl lg:max-w-[40rem] xl:max-w-[48rem] group final-completion\">\n<div class=\"relative flex w-full flex-col lg:w-[calc(100%-115px)] agent-turn\">\n<div class=\"flex-col gap-1 md:gap-3\">\n<div class=\"flex flex-grow flex-col max-w-full\">\n<div class=\"min-h-[20px] text-message flex flex-col items-start gap-3 whitespace-pre-wrap break-words [.text-message+&amp;]:mt-5 overflow-x-auto\" data-message-author-role=\"assistant\" data-message-id=\"56127af4-1f04-405d-b559-028a9786080b\">\n<div class=\"markdown prose w-full break-words dark:prose-invert light\">\n<p>Na\u0161e Ball Pit Play Gym Grey je dokonalou kombinac\u00ed z\u00e1bavy a estetiky, bez probl\u00e9m\u016f zapadne do ka\u017ed\u00e9ho interi\u00e9ru a z\u00e1rove\u0148 zaru\u010d\u00ed hodiny nekone\u010dn\u00e9 z\u00e1bavy! Je pe\u010dliv\u011b vyroben z p\u011bny a je vybaven omyvateln\u00fdm, odn\u00edmateln\u00fdm m\u011bkk\u00fdm potahem velboa pro odolnost i pohodl\u00ed. D\u00edky zaoblen\u00fdm hran\u00e1m a netoxick\u00fdm kuli\u010dk\u00e1m s certifikac\u00ed CE je zaji\u0161t\u011bna bezpe\u010dnost. Tato kuli\u010dkov\u00e1 \u0161achta je v\u00edce ne\u017e jen hra\u010dka, stimuluje fyzick\u00fd a manu\u00e1ln\u00ed rozvoj va\u0161eho d\u011b\u0165\u00e1tka.   Spolu se 120 z\u00e1\u0159iv\u00fdmi m\u00ed\u010dky je v\u0161estrann\u00fdm a poutav\u00fdm dopl\u0148kem hern\u00edho reperto\u00e1ru va\u0161eho d\u00edt\u011bte.<\/p>\n<div class=\"group\/conversation-turn relative flex w-full min-w-0 flex-col agent-turn\">\n<div class=\"flex-col gap-1 md:gap-3\">\n<div class=\"flex max-w-full flex-col flex-grow\">\n<div class=\"min-h-[20px] text-message flex w-full flex-col items-end gap-2 break-words [.text-message+&amp;]:mt-5 overflow-x-auto whitespace-pre-wrap\" dir=\"auto\" data-message-author-role=\"assistant\" data-message-id=\"fedb9589-ff2d-4632-9e0d-009a6d3232ab\">\n<div class=\"flex w-full flex-col gap-1 empty:hidden first:pt-[3px]\">\n<div class=\"markdown prose w-full break-words dark:prose-invert light\">\n<table border=\"1\">\n<tbody>\n<tr>\n<td>Manu\u00e1ln\u00ed\n<\/td>\n<td><a href=\"https:\/\/www.bojungle.eu\/wp-content\/uploads\/2025\/06\/B910620-B910630-Handleiding.pdf\">Klikn\u011bte zde<\/a><\/td>\n<\/tr>\n<\/tbody>\n<\/table>\n<\/div>\n<\/div>\n<\/div>\n<\/div>\n<\/div>\n<\/div>\n<p class=\"cvGsUA direction-ltr align-start para-style-body\">\n<\/div>\n<\/div>\n<\/div>\n<\/div>\n<\/div>\n<\/div>\n<\/div>\n<\/div>\n<\/div>\n<\/div>\n<\/div>\n<\/div>\n<\/div>\n<\/div>\n","protected":false},"excerpt":{"rendered":"<div id=\"description\" class=\"tab-pane fade in active\" role=\"tabpanel\">\n<div class=\"product-description\">\n<p>Baz\u00e9n Ball Pit Play Gym Grey se hod\u00ed do ka\u017ed\u00e9ho interi\u00e9ru a zajist\u00ed hodiny z\u00e1bavy! Vana je vyrobena z p\u011bny a je pota\u017eena prateln\u00fdm a sn\u00edmateln\u00fdm m\u011bkk\u00fdm potahem z velbonu.<\/p>\n<\/div>\n<\/div>\n","protected":false},"featured_media":65269,"comment_status":"closed","ping_status":"closed","template":"","meta":{"_lmt_disableupdate":"","_lmt_disable":""},"product_brand":[],"product_cat":[605,471],"product_tag":[],"woo-feed-brand":[],"class_list":{"0":"post-43800","1":"product","2":"type-product","3":"status-publish","4":"has-post-thumbnail","6":"product_cat-hracky-pro-aktivity","7":"product_cat-playtime-cs","9":"first","10":"instock","11":"taxable","12":"shipping-taxable","13":"purchasable","14":"product-type-simple"},"_links":{"self":[{"href":"https:\/\/www.bojungle.eu\/cs\/wp-json\/wp\/v2\/product\/43800","targetHints":{"allow":["GET"]}}],"collection":[{"href":"https:\/\/www.bojungle.eu\/cs\/wp-json\/wp\/v2\/product"}],"about":[{"href":"https:\/\/www.bojungle.eu\/cs\/wp-json\/wp\/v2\/types\/product"}],"replies":[{"embeddable":true,"href":"https:\/\/www.bojungle.eu\/cs\/wp-json\/wp\/v2\/comments?post=43800"}],"version-history":[{"count":2,"href":"https:\/\/www.bojungle.eu\/cs\/wp-json\/wp\/v2\/product\/43800\/revisions"}],"predecessor-version":[{"id":80557,"href":"https:\/\/www.bojungle.eu\/cs\/wp-json\/wp\/v2\/product\/43800\/revisions\/80557"}],"wp:featuredmedia":[{"embeddable":true,"href":"https:\/\/www.bojungle.eu\/cs\/wp-json\/wp\/v2\/media\/65269"}],"wp:attachment":[{"href":"https:\/\/www.bojungle.eu\/cs\/wp-json\/wp\/v2\/media?parent=43800"}],"wp:term":[{"taxonomy":"product_brand","embeddable":true,"href":"https:\/\/www.bojungle.eu\/cs\/wp-json\/wp\/v2\/product_brand?post=43800"},{"taxonomy":"product_cat","embeddable":true,"href":"https:\/\/www.bojungle.eu\/cs\/wp-json\/wp\/v2\/product_cat?post=43800"},{"taxonomy":"product_tag","embeddable":true,"href":"https:\/\/www.bojungle.eu\/cs\/wp-json\/wp\/v2\/product_tag?post=43800"},{"taxonomy":"woo-feed-brand","embeddable":true,"href":"https:\/\/www.bojungle.eu\/cs\/wp-json\/wp\/v2\/woo-feed-brand?post=43800"}],"curies":[{"name":"wp","href":"https:\/\/api.w.org\/{rel}","templated":true}]}}