{"id":43828,"date":"2022-05-29T10:20:58","date_gmt":"2022-05-29T08:20:58","guid":{"rendered":"https:\/\/bojungle.eu\/shop\/product\/pyramida-aktivity-b-dzungle\/"},"modified":"2024-02-29T16:27:53","modified_gmt":"2024-02-29T15:27:53","slug":"b-activity-pyramid-jungle","status":"publish","type":"product","link":"https:\/\/www.bojungle.eu\/cs\/produkt\/b-activity-pyramid-jungle\/","title":{"rendered":"Pyramida aktivity B D\u017eungle"},"content":{"rendered":"<p>P\u0159edstavujeme pyramidu Activity Jungle &#8211; z\u00e1bavnou hra\u010dku, kter\u00e1 pom\u00e1h\u00e1 d\u011btem u\u010dit se a z\u00e1rove\u0148 si hr\u00e1t! Tato barevn\u00e1 pyramida m\u00e1 spoustu \u00fakol\u016f, kter\u00e9 jsou skv\u011bl\u00e9 pro mal\u00e9 ru\u010di\u010dky. D\u011bti mohou tla\u010dit, tahat, kroutit a ot\u00e1\u010det r\u016fzn\u00fdmi \u010d\u00e1stmi pyramidy, co\u017e jim pom\u00e1h\u00e1 l\u00e9pe pou\u017e\u00edvat prsty a ruce. Nav\u00edc jim pom\u00e1h\u00e1 nau\u010dit se l\u00e9pe koordinovat sv\u00e9 pohyby. K dispozici je skv\u011bl\u00e1 hra, ve kter\u00e9 d\u011bti mohou hledat ukryt\u00e1 zv\u00ed\u0159\u00e1tka. Je to jako z\u00e1bavn\u00e9 puzzle, kter\u00e9 jim z\u00e1rove\u0148 pom\u00e1h\u00e1 p\u0159em\u00fd\u0161let a \u0159e\u0161it probl\u00e9my. Pyramida p\u0159ehr\u00e1v\u00e1 chytlav\u00e9 p\u00edsni\u010dky a z\u00e1bavn\u00e9 zvuky, kter\u00e9 v d\u011btech vzbuzuj\u00ed zv\u011bdavost a nad\u0161en\u00ed. Je to jako m\u00edt mal\u00fd koncert p\u0159\u00edmo v jejich hern\u011b! A d\u00edky sv\u00fdm pestr\u00fdm barv\u00e1m a vzor\u016fm pyramida podn\u011bcuje d\u011btskou p\u0159edstavivost. Mohou p\u0159edst\u00edrat, \u017ee prozkoum\u00e1vaj\u00ed d\u017eungli nebo se vyd\u00e1vaj\u00ed na dobrodru\u017enou v\u00fdpravu! Pyramida Activity Jungle nen\u00ed jen hra\u010dka &#8211; je to zp\u016fsob, jak se d\u011bti u\u010d\u00ed, bav\u00ed a vyu\u017e\u00edvaj\u00ed svou p\u0159edstavivost najednou! <\/p>\n<ul>\n<li>Tla\u010den\u00ed, tah\u00e1n\u00ed, uchopov\u00e1n\u00ed nebo ot\u00e1\u010den\u00ed r\u016fzn\u00fdch \u010d\u00e1st\u00ed pom\u00e1h\u00e1 zlep\u0161ovat dovednosti prst\u016f a rukou, koordinaci ruka-oko a jemnou motoriku.<\/li>\n<li>Oto\u010dte str\u00e1nky a zahrajte si hru &#8222;najdi zv\u00ed\u0159e&#8220;, kter\u00e1 pom\u00e1h\u00e1 rozv\u00edjet logick\u00e9 my\u0161len\u00ed a schopnost \u0159e\u0161it probl\u00e9my.<\/li>\n<li>Hra\u010dka nab\u00edz\u00ed \u0161irokou \u0161k\u00e1lu interaktivn\u00edch funkc\u00ed, moar\u00e9 vzor\u016f a her, kter\u00e9 pom\u00e1haj\u00ed stimulovat p\u0159edstavivost a kreativitu va\u0161eho d\u00edt\u011bte.<\/li>\n<li>Vestav\u011bn\u00e9 p\u00edsni\u010dky a zvukov\u00e9 efekty jsou navr\u017eeny tak, aby podn\u011bcovaly zv\u011bdavost va\u0161eho d\u011b\u0165\u00e1tka.<\/li>\n<\/ul>\n","protected":false},"excerpt":{"rendered":"<p>P\u0159edstavujeme pyramidu Activity Jungle &#8211; z\u00e1bavnou hra\u010dku, kter\u00e1 pom\u00e1h\u00e1 d\u011btem u\u010dit se a z\u00e1rove\u0148 si hr\u00e1t! Tato barevn\u00e1 pyramida m\u00e1 spoustu \u00fakol\u016f, kter\u00e9 jsou skv\u011bl\u00e9 pro mal\u00e9 ru\u010di\u010dky. <\/p>\n","protected":false},"featured_media":66867,"comment_status":"closed","ping_status":"closed","template":"","meta":{"_lmt_disableupdate":"","_lmt_disable":""},"product_brand":[],"product_cat":[483,605,608,471],"product_tag":[],"woo-feed-brand":[],"class_list":{"0":"post-43828","1":"product","2":"type-product","3":"status-publish","4":"has-post-thumbnail","6":"product_cat-barevne-hracky","7":"product_cat-hracky-pro-aktivity","8":"product_cat-hudebni-hracky","9":"product_cat-playtime-cs","11":"first","12":"instock","13":"taxable","14":"shipping-taxable","15":"purchasable","16":"product-type-simple"},"_links":{"self":[{"href":"https:\/\/www.bojungle.eu\/cs\/wp-json\/wp\/v2\/product\/43828","targetHints":{"allow":["GET"]}}],"collection":[{"href":"https:\/\/www.bojungle.eu\/cs\/wp-json\/wp\/v2\/product"}],"about":[{"href":"https:\/\/www.bojungle.eu\/cs\/wp-json\/wp\/v2\/types\/product"}],"replies":[{"embeddable":true,"href":"https:\/\/www.bojungle.eu\/cs\/wp-json\/wp\/v2\/comments?post=43828"}],"version-history":[{"count":1,"href":"https:\/\/www.bojungle.eu\/cs\/wp-json\/wp\/v2\/product\/43828\/revisions"}],"predecessor-version":[{"id":66926,"href":"https:\/\/www.bojungle.eu\/cs\/wp-json\/wp\/v2\/product\/43828\/revisions\/66926"}],"wp:featuredmedia":[{"embeddable":true,"href":"https:\/\/www.bojungle.eu\/cs\/wp-json\/wp\/v2\/media\/66867"}],"wp:attachment":[{"href":"https:\/\/www.bojungle.eu\/cs\/wp-json\/wp\/v2\/media?parent=43828"}],"wp:term":[{"taxonomy":"product_brand","embeddable":true,"href":"https:\/\/www.bojungle.eu\/cs\/wp-json\/wp\/v2\/product_brand?post=43828"},{"taxonomy":"product_cat","embeddable":true,"href":"https:\/\/www.bojungle.eu\/cs\/wp-json\/wp\/v2\/product_cat?post=43828"},{"taxonomy":"product_tag","embeddable":true,"href":"https:\/\/www.bojungle.eu\/cs\/wp-json\/wp\/v2\/product_tag?post=43828"},{"taxonomy":"woo-feed-brand","embeddable":true,"href":"https:\/\/www.bojungle.eu\/cs\/wp-json\/wp\/v2\/woo-feed-brand?post=43828"}],"curies":[{"name":"wp","href":"https:\/\/api.w.org\/{rel}","templated":true}]}}