{"id":43843,"date":"2022-05-29T10:22:18","date_gmt":"2022-05-29T08:22:18","guid":{"rendered":"https:\/\/bojungle.eu\/shop\/product\/dalkove-ovladani-b-baby\/"},"modified":"2022-05-29T10:22:18","modified_gmt":"2022-05-29T10:22:18","slug":"b-babys-remote-control","status":"publish","type":"product","link":"https:\/\/www.bojungle.eu\/cs\/produkt\/b-babys-remote-control\/","title":{"rendered":"D\u00e1lkov\u00e9 ovl\u00e1d\u00e1n\u00ed B-Baby"},"content":{"rendered":"<ul>\n<li>P\u0159ehr\u00e1v\u00e1 hudbu, zvukov\u00e9 efekty a dokonce m\u00e1 z\u00e1bavn\u00e1 blikaj\u00edc\u00ed sv\u011btla!<\/li>\n<li>P\u0159ep\u00ednejte kan\u00e1ly a u\u010dte se anglick\u00e1 slov\u00ed\u010dka.<\/li>\n<li>Nau\u010dte se \u010d\u00edsla, tvary a dokonce i z\u00e1kladn\u00ed fr\u00e1ze v angli\u010dtin\u011b. Zvukov\u00e9 a sv\u011bteln\u00e9 efekty stimuluj\u00ed smysly a udr\u017euj\u00ed pozornost d\u00edt\u011bte.<\/li>\n<\/ul>\n","protected":false},"excerpt":{"rendered":"<p>P\u0159ehr\u00e1v\u00e1 hudbu, zvukov\u00e9 efekty a dokonce m\u00e1 z\u00e1bavn\u00e1 blikaj\u00edc\u00ed sv\u011btla!<\/p>\n","protected":false},"featured_media":71481,"comment_status":"closed","ping_status":"closed","template":"","meta":{"_lmt_disableupdate":"","_lmt_disable":""},"product_brand":[],"product_cat":[483,605,608,471],"product_tag":[],"woo-feed-brand":[],"class_list":{"0":"post-43843","1":"product","2":"type-product","3":"status-publish","4":"has-post-thumbnail","6":"product_cat-barevne-hracky","7":"product_cat-hracky-pro-aktivity","8":"product_cat-hudebni-hracky","9":"product_cat-playtime-cs","11":"first","12":"instock","13":"taxable","14":"shipping-taxable","15":"purchasable","16":"product-type-simple"},"_links":{"self":[{"href":"https:\/\/www.bojungle.eu\/cs\/wp-json\/wp\/v2\/product\/43843","targetHints":{"allow":["GET"]}}],"collection":[{"href":"https:\/\/www.bojungle.eu\/cs\/wp-json\/wp\/v2\/product"}],"about":[{"href":"https:\/\/www.bojungle.eu\/cs\/wp-json\/wp\/v2\/types\/product"}],"replies":[{"embeddable":true,"href":"https:\/\/www.bojungle.eu\/cs\/wp-json\/wp\/v2\/comments?post=43843"}],"version-history":[{"count":0,"href":"https:\/\/www.bojungle.eu\/cs\/wp-json\/wp\/v2\/product\/43843\/revisions"}],"wp:featuredmedia":[{"embeddable":true,"href":"https:\/\/www.bojungle.eu\/cs\/wp-json\/wp\/v2\/media\/71481"}],"wp:attachment":[{"href":"https:\/\/www.bojungle.eu\/cs\/wp-json\/wp\/v2\/media?parent=43843"}],"wp:term":[{"taxonomy":"product_brand","embeddable":true,"href":"https:\/\/www.bojungle.eu\/cs\/wp-json\/wp\/v2\/product_brand?post=43843"},{"taxonomy":"product_cat","embeddable":true,"href":"https:\/\/www.bojungle.eu\/cs\/wp-json\/wp\/v2\/product_cat?post=43843"},{"taxonomy":"product_tag","embeddable":true,"href":"https:\/\/www.bojungle.eu\/cs\/wp-json\/wp\/v2\/product_tag?post=43843"},{"taxonomy":"woo-feed-brand","embeddable":true,"href":"https:\/\/www.bojungle.eu\/cs\/wp-json\/wp\/v2\/woo-feed-brand?post=43843"}],"curies":[{"name":"wp","href":"https:\/\/api.w.org\/{rel}","templated":true}]}}