{"id":43855,"date":"2022-05-29T10:22:18","date_gmt":"2022-05-29T08:22:18","guid":{"rendered":"https:\/\/bojungle.eu\/shop\/product\/b-zvireci-puzzle-3-ks-tygr-nosorozec-zaba\/"},"modified":"2024-02-12T10:40:29","modified_gmt":"2024-02-12T09:40:29","slug":"b-animal-puzzle-3-pcs-tijger-nijlpaard-kikker","status":"publish","type":"product","link":"https:\/\/www.bojungle.eu\/cs\/produkt\/b-animal-puzzle-3-pcs-tijger-nijlpaard-kikker\/","title":{"rendered":"B-zv\u00ed\u0159ec\u00ed puzzle (3 ks) Tygr &#8211; nosoro\u017eec &#8211; \u017e\u00e1ba"},"content":{"rendered":"<p>Kreativn\u00ed a pestrobarevn\u00e9 tvary t\u011bchto hra\u010dek do koupele podn\u00edt\u00ed p\u0159edstavivost va\u0161eho d\u00edt\u011bte a zp\u0159\u00edjemn\u00ed mu \u010das str\u00e1ven\u00fd ve van\u011b.<\/p>\n<ul>\n<li>Z\u00e1bavn\u00e9 zv\u00ed\u0159ec\u00ed puzzle pro nejmen\u0161\u00ed<\/li>\n<li>Lze nalepit na obklady nebo vanu<\/li>\n<li>Ka\u017ed\u00e9 zv\u00ed\u0159e m\u00e1 4 velk\u00e9 sestaviteln\u00e9 d\u00edly<\/li>\n<li>3 zv\u00ed\u0159ata v ka\u017ed\u00e9m balen\u00ed<\/li>\n<li>Vyrobeno z p\u011bny<\/li>\n<li>Spl\u0148uje nejp\u0159\u00edsn\u011bj\u0161\u00ed evropsk\u00e9 normy pro bezpe\u010dnost a kvalitu.<\/li>\n<li>V\u011bk: 36m+<\/li>\n<\/ul>\n","protected":false},"excerpt":{"rendered":"<p>Objevte na\u0161e fanstick\u00e9 p\u011bnov\u00e9 hra\u010dky do koupele zv\u00ed\u0159ec\u00ed puzzle ! Tyto okouzluj\u00edc\u00ed tvary rozproud\u00ed fantazii va\u0161eho d\u00edt\u011bte a prom\u011bn\u00ed \u010das koup\u00e1n\u00ed ve vzru\u0161uj\u00edc\u00ed dobrodru\u017estv\u00ed. Tyto hra\u010dky jsou navr\u017eeny s vesel\u00fdmi zv\u00ed\u0159ec\u00edmi skl\u00e1da\u010dkami a jsou ide\u00e1ln\u00ed pro mal\u00e9 d\u011bti, kter\u00e9 r\u00e1dy zkoumaj\u00ed a u\u010d\u00ed se p\u0159i h\u0159e. Ka\u017ed\u00fd d\u00edlek skl\u00e1da\u010dky je vyroben s ohledem na bezpe\u010dnost a z\u00e1bavu a je vyroben z m\u011bkk\u00e9ho p\u011bnov\u00e9ho materi\u00e1lu, kter\u00fd zaji\u0161\u0165uje \u0161etrn\u00e9 a pohodln\u00e9 hran\u00ed. Tyto skl\u00e1da\u010dky jsou nejen z\u00e1bavn\u00e9, ale tak\u00e9 vzd\u011bl\u00e1vac\u00ed a podporuj\u00ed kognitivn\u00ed rozvoj a jemnou motoriku d\u011bt\u00ed p\u0159i skl\u00e1d\u00e1n\u00ed d\u00edlk\u016f. M\u016f\u017eete je tak\u00e9 nalepit na st\u011bny koupelny. Ka\u017ed\u00e9 zv\u00ed\u0159\u00e1tko obsahuje \u010dty\u0159i velk\u00e9 skl\u00e1dac\u00ed d\u00edlky, d\u00edky nim\u017e s nimi mohou mal\u00e9 ruce snadno manipulovat a skl\u00e1dat je. Nav\u00edc jsou v ka\u017ed\u00e9m balen\u00ed t\u0159i r\u016fzn\u00e1 zv\u00ed\u0159\u00e1tka, tak\u017ee je zde dostatek rozmanitosti, kter\u00e1 va\u0161e d\u00edt\u011b zaujme. Bu\u010fte si jisti, \u017ee na\u0161e p\u011bnov\u00e9 hra\u010dky do koupele se zv\u00ed\u0159\u00e1tky spl\u0148uj\u00ed nejp\u0159\u00edsn\u011bj\u0161\u00ed evropsk\u00e9 normy pro bezpe\u010dnost a kvalitu, a poskytuj\u00ed tak rodi\u010d\u016fm klid na du\u0161i. Tyto hra\u010dky do koupele jsou vhodn\u00e9 pro d\u011bti od 36 m\u011bs\u00edc\u016f v\u011bku a jist\u011b zp\u0159\u00edjemn\u00ed a obohat\u00ed \u010das str\u00e1ven\u00fd s va\u0161\u00edm d\u011b\u0165\u00e1tkem.  <\/p>\n","protected":false},"featured_media":65611,"comment_status":"closed","ping_status":"closed","template":"","meta":{"_lmt_disableupdate":"","_lmt_disable":""},"product_brand":[],"product_cat":[507,506,471],"product_tag":[],"woo-feed-brand":[],"class_list":{"0":"post-43855","1":"product","2":"type-product","3":"status-publish","4":"has-post-thumbnail","6":"product_cat-hracky-do-koupele","7":"product_cat-pece-o-telo","8":"product_cat-playtime-cs","10":"first","11":"instock","12":"taxable","13":"shipping-taxable","14":"purchasable","15":"product-type-simple"},"_links":{"self":[{"href":"https:\/\/www.bojungle.eu\/cs\/wp-json\/wp\/v2\/product\/43855","targetHints":{"allow":["GET"]}}],"collection":[{"href":"https:\/\/www.bojungle.eu\/cs\/wp-json\/wp\/v2\/product"}],"about":[{"href":"https:\/\/www.bojungle.eu\/cs\/wp-json\/wp\/v2\/types\/product"}],"replies":[{"embeddable":true,"href":"https:\/\/www.bojungle.eu\/cs\/wp-json\/wp\/v2\/comments?post=43855"}],"version-history":[{"count":1,"href":"https:\/\/www.bojungle.eu\/cs\/wp-json\/wp\/v2\/product\/43855\/revisions"}],"predecessor-version":[{"id":65670,"href":"https:\/\/www.bojungle.eu\/cs\/wp-json\/wp\/v2\/product\/43855\/revisions\/65670"}],"wp:featuredmedia":[{"embeddable":true,"href":"https:\/\/www.bojungle.eu\/cs\/wp-json\/wp\/v2\/media\/65611"}],"wp:attachment":[{"href":"https:\/\/www.bojungle.eu\/cs\/wp-json\/wp\/v2\/media?parent=43855"}],"wp:term":[{"taxonomy":"product_brand","embeddable":true,"href":"https:\/\/www.bojungle.eu\/cs\/wp-json\/wp\/v2\/product_brand?post=43855"},{"taxonomy":"product_cat","embeddable":true,"href":"https:\/\/www.bojungle.eu\/cs\/wp-json\/wp\/v2\/product_cat?post=43855"},{"taxonomy":"product_tag","embeddable":true,"href":"https:\/\/www.bojungle.eu\/cs\/wp-json\/wp\/v2\/product_tag?post=43855"},{"taxonomy":"woo-feed-brand","embeddable":true,"href":"https:\/\/www.bojungle.eu\/cs\/wp-json\/wp\/v2\/woo-feed-brand?post=43855"}],"curies":[{"name":"wp","href":"https:\/\/api.w.org\/{rel}","templated":true}]}}