{"id":43874,"date":"2022-05-29T10:18:08","date_gmt":"2022-05-29T08:18:08","guid":{"rendered":"https:\/\/bojungle.eu\/shop\/product\/b-multisenzoricky-krouzek\/"},"modified":"2024-02-27T16:52:39","modified_gmt":"2024-02-27T15:52:39","slug":"b-multi-sensory-ring","status":"publish","type":"product","link":"https:\/\/www.bojungle.eu\/cs\/produkt\/b-multi-sensory-ring\/","title":{"rendered":"B- multisenzorick\u00fd krou\u017eek"},"content":{"rendered":"<div class=\"flex-1 overflow-hidden\">\n<div class=\"react-scroll-to-bottom--css-enznj-79elbk h-full\">\n<div class=\"react-scroll-to-bottom--css-enznj-1n7m0yu\">\n<div class=\"flex flex-col text-sm pb-9\">\n<div class=\"w-full text-token-text-primary\" data-testid=\"conversation-turn-3\">\n<div class=\"px-4 py-2 justify-center text-base md:gap-6 m-auto\">\n<div class=\"flex flex-1 text-base mx-auto gap-3 md:px-5 lg:px-1 xl:px-5 md:max-w-3xl lg:max-w-[40rem] xl:max-w-[48rem] group final-completion\">\n<div class=\"relative flex w-full flex-col agent-turn\">\n<div class=\"flex-col gap-1 md:gap-3\">\n<div class=\"flex flex-grow flex-col max-w-full\">\n<div class=\"min-h-[20px] text-message flex flex-col items-start gap-3 whitespace-pre-wrap break-words [.text-message+&amp;]:mt-5 overflow-x-auto\" data-message-author-role=\"assistant\" data-message-id=\"f9d6a576-9720-45fc-a945-c7ebe391709e\">\n<div class=\"markdown prose w-full break-words dark:prose-invert light\">\n<p>Objevte multisenzorick\u00fd krou\u017eek Bo Jungle, rozko\u0161nou variaci na obl\u00edbenou klasiku, navr\u017eenou speci\u00e1ln\u011b pro pot\u011b\u0161en\u00ed a pohodl\u00ed va\u0161eho d\u011b\u0165\u00e1tka. Toto kousac\u00ed chrast\u00edtko, vyroben\u00e9 z bezpe\u010dn\u00e9ho a odoln\u00e9ho silikonu a d\u0159eva, je ide\u00e1ln\u00ed pro uklidn\u011bn\u00ed bolest\u00ed p\u0159i pro\u0159ez\u00e1v\u00e1n\u00ed zoubk\u016f a z\u00e1rove\u0148 poskytuje hodiny z\u00e1bavy. Silikonov\u00e1 \u010d\u00e1st krou\u017eku m\u00e1 r\u016fzn\u00e9 textury a tvary, kter\u00e9 poskytuj\u00ed \u00falevu citliv\u00fdm d\u00e1sn\u00edm va\u0161eho d\u00edt\u011bte a stimuluj\u00ed jeho smysly p\u0159i zkoum\u00e1n\u00ed. A d\u00edky jednoduch\u00e9mu, ale stylov\u00e9mu designu a \u0161k\u00e1le jemn\u00fdch, p\u0159\u00edjemn\u00fdch barev se n\u00e1\u0161 multismyslov\u00fd krou\u017eek jist\u011b zal\u00edb\u00ed jak d\u011btem, tak rodi\u010d\u016fm. S na\u0161\u00edm multismyslov\u00fdm krou\u017ekem, kter\u00fd je dokonal\u00fdm spole\u010dn\u00edkem pro prvn\u00ed dobrodru\u017estv\u00ed va\u0161eho d\u00edt\u011bte, bude hran\u00ed hra\u010dkou. <\/p>\n<\/div>\n<\/div>\n<\/div>\n<\/div>\n<\/div>\n<\/div>\n<\/div>\n<\/div>\n<\/div>\n<\/div>\n<\/div>\n<\/div>\n<ul>\n<li>Skv\u011bl\u00e1 klasika s nov\u00fdm n\u00e1dechem: \u017ev\u00fdkac\u00ed chrast\u00edtko ze silikonu a d\u0159eva pro zdravou a odolnou hra\u010dku!<\/li>\n<li>Toto chrast\u00edtko pom\u00e1h\u00e1 ulevit d\u00edt\u011bti od bolesti p\u0159i pro\u0159ez\u00e1v\u00e1n\u00ed zoubk\u016f d\u00edky r\u016fzn\u00fdm textur\u00e1m a tvar\u016fm silikonov\u00e9 \u010d\u00e1sti.<\/li>\n<li>Designov\u00e9 chrast\u00edtko a m\u00f3dn\u00ed barvy pot\u011b\u0161\u00ed d\u00edt\u011b i rodi\u010de.<\/li>\n<\/ul>\n","protected":false},"excerpt":{"rendered":"<p>Multisenzorick\u00fd krou\u017eek: bezpe\u010dn\u00e1, odoln\u00e1 a uklid\u0148uj\u00edc\u00ed hra\u010dka pro va\u0161e d\u011b\u0165\u00e1tko. D\u00edky r\u016fzn\u00fdm textur\u00e1m a tvar\u016fm poskytuje toto kousac\u00ed chrast\u00edtko \u00falevu a stimulaci a z\u00e1rove\u0148 nab\u00edz\u00ed jednoduch\u00fd, ale stylov\u00fd design v m\u00f3dn\u00edch barv\u00e1ch. Ide\u00e1ln\u00ed pro udr\u017een\u00ed spokojenosti va\u0161eho d\u00edt\u011bte b\u011bhem hran\u00ed!  <\/p>\n","protected":false},"featured_media":66769,"comment_status":"closed","ping_status":"closed","template":"","meta":{"_lmt_disableupdate":"","_lmt_disable":""},"product_brand":[],"product_cat":[471,489],"product_tag":[],"woo-feed-brand":[],"class_list":{"0":"post-43874","1":"product","2":"type-product","3":"status-publish","4":"has-post-thumbnail","6":"product_cat-playtime-cs","7":"product_cat-silikonove-hracky","9":"first","10":"outofstock","11":"taxable","12":"shipping-taxable","13":"purchasable","14":"product-type-simple"},"_links":{"self":[{"href":"https:\/\/www.bojungle.eu\/cs\/wp-json\/wp\/v2\/product\/43874","targetHints":{"allow":["GET"]}}],"collection":[{"href":"https:\/\/www.bojungle.eu\/cs\/wp-json\/wp\/v2\/product"}],"about":[{"href":"https:\/\/www.bojungle.eu\/cs\/wp-json\/wp\/v2\/types\/product"}],"replies":[{"embeddable":true,"href":"https:\/\/www.bojungle.eu\/cs\/wp-json\/wp\/v2\/comments?post=43874"}],"version-history":[{"count":1,"href":"https:\/\/www.bojungle.eu\/cs\/wp-json\/wp\/v2\/product\/43874\/revisions"}],"predecessor-version":[{"id":66820,"href":"https:\/\/www.bojungle.eu\/cs\/wp-json\/wp\/v2\/product\/43874\/revisions\/66820"}],"wp:featuredmedia":[{"embeddable":true,"href":"https:\/\/www.bojungle.eu\/cs\/wp-json\/wp\/v2\/media\/66769"}],"wp:attachment":[{"href":"https:\/\/www.bojungle.eu\/cs\/wp-json\/wp\/v2\/media?parent=43874"}],"wp:term":[{"taxonomy":"product_brand","embeddable":true,"href":"https:\/\/www.bojungle.eu\/cs\/wp-json\/wp\/v2\/product_brand?post=43874"},{"taxonomy":"product_cat","embeddable":true,"href":"https:\/\/www.bojungle.eu\/cs\/wp-json\/wp\/v2\/product_cat?post=43874"},{"taxonomy":"product_tag","embeddable":true,"href":"https:\/\/www.bojungle.eu\/cs\/wp-json\/wp\/v2\/product_tag?post=43874"},{"taxonomy":"woo-feed-brand","embeddable":true,"href":"https:\/\/www.bojungle.eu\/cs\/wp-json\/wp\/v2\/woo-feed-brand?post=43874"}],"curies":[{"name":"wp","href":"https:\/\/api.w.org\/{rel}","templated":true}]}}