{"id":44310,"date":"2023-05-02T12:54:21","date_gmt":"2023-05-02T10:54:21","guid":{"rendered":"https:\/\/bojungle.eu\/shop\/product\/b-cuchara-2-piezas-terracota\/"},"modified":"2023-05-02T12:54:21","modified_gmt":"2023-05-02T12:54:21","slug":"b-spoon-shape-set-2-pcs-terracotta","status":"publish","type":"product","link":"https:\/\/www.bojungle.eu\/cs\/produkt\/b-spoon-shape-set-2-pcs-terracotta\/","title":{"rendered":"B-Cuchara 2 piezas Terracota"},"content":{"rendered":"<p style=\"font-weight: 400;\">Tvar l\u017ei\u010dky B je speci\u00e1ln\u011b navr\u017een pro p\u0159echod d\u00edt\u011bte z dudl\u00edku na l\u017ei\u010dku.<\/p>\n<ul style=\"font-weight: 400;\">\n<li>Snadn\u00e9 dr\u017een\u00ed<\/li>\n<li>Vyrobeno ze silikonu<\/li>\n<li>Snadn\u00e9 \u010di\u0161t\u011bn\u00ed<\/li>\n<li>M\u011bkk\u00e1 l\u017ei\u010dka: bezpe\u010dn\u00e1 pro kous\u00e1n\u00ed<\/li>\n<li>M\u00fdt ru\u010dn\u011b nebo v my\u010dce n\u00e1dob\u00ed<\/li>\n<\/ul>\n","protected":false},"excerpt":{"rendered":"<p style=\"font-weight: 400;\">Tvar l\u017ei\u010dky B je speci\u00e1ln\u011b navr\u017een pro p\u0159echod d\u00edt\u011bte z dudl\u00edku na l\u017ei\u010dku.<\/p>\n","protected":false},"featured_media":73654,"comment_status":"closed","ping_status":"closed","template":"","meta":{"_lmt_disableupdate":"","_lmt_disable":""},"product_brand":[],"product_cat":[561,429,431],"product_tag":[],"woo-feed-brand":[],"class_list":{"0":"post-44310","1":"product","2":"type-product","3":"status-publish","4":"has-post-thumbnail","6":"product_cat-cas-vecere","7":"product_cat-jidlo-a-piti","8":"product_cat-silikonova-rada","10":"first","11":"instock","12":"taxable","13":"shipping-taxable","14":"purchasable","15":"product-type-simple"},"_links":{"self":[{"href":"https:\/\/www.bojungle.eu\/cs\/wp-json\/wp\/v2\/product\/44310","targetHints":{"allow":["GET"]}}],"collection":[{"href":"https:\/\/www.bojungle.eu\/cs\/wp-json\/wp\/v2\/product"}],"about":[{"href":"https:\/\/www.bojungle.eu\/cs\/wp-json\/wp\/v2\/types\/product"}],"replies":[{"embeddable":true,"href":"https:\/\/www.bojungle.eu\/cs\/wp-json\/wp\/v2\/comments?post=44310"}],"version-history":[{"count":0,"href":"https:\/\/www.bojungle.eu\/cs\/wp-json\/wp\/v2\/product\/44310\/revisions"}],"wp:featuredmedia":[{"embeddable":true,"href":"https:\/\/www.bojungle.eu\/cs\/wp-json\/wp\/v2\/media\/73654"}],"wp:attachment":[{"href":"https:\/\/www.bojungle.eu\/cs\/wp-json\/wp\/v2\/media?parent=44310"}],"wp:term":[{"taxonomy":"product_brand","embeddable":true,"href":"https:\/\/www.bojungle.eu\/cs\/wp-json\/wp\/v2\/product_brand?post=44310"},{"taxonomy":"product_cat","embeddable":true,"href":"https:\/\/www.bojungle.eu\/cs\/wp-json\/wp\/v2\/product_cat?post=44310"},{"taxonomy":"product_tag","embeddable":true,"href":"https:\/\/www.bojungle.eu\/cs\/wp-json\/wp\/v2\/product_tag?post=44310"},{"taxonomy":"woo-feed-brand","embeddable":true,"href":"https:\/\/www.bojungle.eu\/cs\/wp-json\/wp\/v2\/woo-feed-brand?post=44310"}],"curies":[{"name":"wp","href":"https:\/\/api.w.org\/{rel}","templated":true}]}}