{"id":44395,"date":"2023-05-03T07:40:53","date_gmt":"2023-05-03T05:40:53","guid":{"rendered":"https:\/\/bojungle.eu\/shop\/product\/b-watermat-pratele-more\/"},"modified":"2024-02-09T11:32:34","modified_gmt":"2024-02-09T10:32:34","slug":"b-watermat-sea-friends","status":"publish","type":"product","link":"https:\/\/www.bojungle.eu\/cs\/produkt\/b-watermat-sea-friends\/","title":{"rendered":"Watermat Sea Friends"},"content":{"rendered":"<p>Watermat sea friends, hrac\u00ed podlo\u017eka, kterou m\u016f\u017eete naplnit vodou! Vodn\u00ed podlo\u017eka pom\u00e1h\u00e1 rozv\u00edjet vizu\u00e1ln\u00ed a hmatov\u00e9 schopnosti va\u0161eho d\u00edt\u011bte.<\/p>\n<ul>\n<li>Snadn\u00e9 pln\u011bn\u00ed\/vyprazd\u0148ov\u00e1n\u00ed<\/li>\n<li>Ide\u00e1ln\u00ed na b\u0159\u00ed\u0161ko<\/li>\n<li>Z\u00e1bavn\u00e9 barvy a mo\u0159\u0161t\u00ed \u017eivo\u010dichov\u00e9 pro stimulaci smyslov\u00e9ho v\u00fdvoje<\/li>\n<\/ul>\n","protected":false},"excerpt":{"rendered":"<div class=\"flex-1 overflow-hidden\">\n<div class=\"react-scroll-to-bottom--css-nliuc-79elbk h-full\">\n<div class=\"react-scroll-to-bottom--css-nliuc-1n7m0yu\">\n<div class=\"flex flex-col pb-9 text-sm\">\n<div class=\"w-full text-token-text-primary\" data-testid=\"conversation-turn-5\">\n<div class=\"px-4 py-2 justify-center text-base md:gap-6 m-auto\">\n<div class=\"flex flex-1 text-base mx-auto gap-3 md:px-5 lg:px-1 xl:px-5 md:max-w-3xl lg:max-w-[40rem] xl:max-w-[48rem] group final-completion\">\n<div class=\"relative flex w-full flex-col lg:w-[calc(100%-115px)] agent-turn\">\n<div class=\"flex-col gap-1 md:gap-3\">\n<div class=\"flex flex-grow flex-col max-w-full\">\n<div class=\"min-h-[20px] text-message flex flex-col items-start gap-3 whitespace-pre-wrap break-words [.text-message+&amp;]:mt-5 overflow-x-auto\" data-message-author-role=\"assistant\" data-message-id=\"5cf64b2b-889e-4b95-b80a-3f166b221381\">\n<div class=\"markdown prose w-full break-words dark:prose-invert light\">\n<p>Objevte podlo\u017eku Watermat Sea Friends, inovativn\u00ed hrac\u00ed podlo\u017eku, kter\u00e1 p\u0159in\u00e1\u0161\u00ed vodn\u00ed dobrodru\u017estv\u00ed p\u0159\u00edmo do va\u0161eho ob\u00fdvac\u00edho pokoje! Napl\u0148te ji vodou a z\u00edskejte pohlcuj\u00edc\u00ed smyslov\u00fd z\u00e1\u017eitek, kter\u00fd od sam\u00e9ho za\u010d\u00e1tku zapoj\u00ed vizu\u00e1ln\u00ed a hmatov\u00e9 dovednosti va\u0161eho d\u00edt\u011bte. Tuto podlo\u017eku lze snadno naplnit i vypr\u00e1zdnit, je ide\u00e1ln\u00ed pro \u010das str\u00e1ven\u00fd na b\u0159\u00ed\u0161ku a d\u00edky sv\u00fdm z\u00e1\u0159iv\u00fdm barv\u00e1m a okouzluj\u00edc\u00edm mo\u0159sk\u00fdm tvor\u016fm poskytuje nekone\u010dnou z\u00e1bavu a stimulaci.   Sledujte, jak s ka\u017ed\u00fdm \u0161plouchnut\u00edm a hran\u00edm vzkv\u00e9t\u00e1 smyslov\u00fd v\u00fdvoj va\u0161eho d\u00edt\u011bte!<\/p>\n<\/div>\n<\/div>\n<\/div>\n<\/div>\n<\/div>\n<\/div>\n<\/div>\n<\/div>\n<\/div>\n<\/div>\n<\/div>\n<\/div>\n<div class=\"w-full pt-2 md:pt-0 dark:border-white\/20 md:border-transparent md:dark:border-transparent md:w-[calc(100%-.5rem)]\">\n<form class=\"stretch mx-2 flex flex-row gap-3 last:mb-2 md:mx-4 md:last:mb-6 lg:mx-auto lg:max-w-2xl xl:max-w-3xl\">\n<div class=\"relative flex h-full flex-1 items-stretch md:flex-col\">\n<div class=\"flex w-full items-center\"><\/div>\n<\/div>\n<\/form>\n<\/div>\n<p>&nbsp;<\/p>\n","protected":false},"featured_media":65425,"comment_status":"closed","ping_status":"closed","template":"","meta":{"_lmt_disableupdate":"","_lmt_disable":""},"product_brand":[],"product_cat":[507,506,471],"product_tag":[],"woo-feed-brand":[],"class_list":{"0":"post-44395","1":"product","2":"type-product","3":"status-publish","4":"has-post-thumbnail","6":"product_cat-hracky-do-koupele","7":"product_cat-pece-o-telo","8":"product_cat-playtime-cs","10":"first","11":"outofstock","12":"taxable","13":"shipping-taxable","14":"purchasable","15":"product-type-simple"},"_links":{"self":[{"href":"https:\/\/www.bojungle.eu\/cs\/wp-json\/wp\/v2\/product\/44395","targetHints":{"allow":["GET"]}}],"collection":[{"href":"https:\/\/www.bojungle.eu\/cs\/wp-json\/wp\/v2\/product"}],"about":[{"href":"https:\/\/www.bojungle.eu\/cs\/wp-json\/wp\/v2\/types\/product"}],"replies":[{"embeddable":true,"href":"https:\/\/www.bojungle.eu\/cs\/wp-json\/wp\/v2\/comments?post=44395"}],"version-history":[{"count":1,"href":"https:\/\/www.bojungle.eu\/cs\/wp-json\/wp\/v2\/product\/44395\/revisions"}],"predecessor-version":[{"id":65487,"href":"https:\/\/www.bojungle.eu\/cs\/wp-json\/wp\/v2\/product\/44395\/revisions\/65487"}],"wp:featuredmedia":[{"embeddable":true,"href":"https:\/\/www.bojungle.eu\/cs\/wp-json\/wp\/v2\/media\/65425"}],"wp:attachment":[{"href":"https:\/\/www.bojungle.eu\/cs\/wp-json\/wp\/v2\/media?parent=44395"}],"wp:term":[{"taxonomy":"product_brand","embeddable":true,"href":"https:\/\/www.bojungle.eu\/cs\/wp-json\/wp\/v2\/product_brand?post=44395"},{"taxonomy":"product_cat","embeddable":true,"href":"https:\/\/www.bojungle.eu\/cs\/wp-json\/wp\/v2\/product_cat?post=44395"},{"taxonomy":"product_tag","embeddable":true,"href":"https:\/\/www.bojungle.eu\/cs\/wp-json\/wp\/v2\/product_tag?post=44395"},{"taxonomy":"woo-feed-brand","embeddable":true,"href":"https:\/\/www.bojungle.eu\/cs\/wp-json\/wp\/v2\/woo-feed-brand?post=44395"}],"curies":[{"name":"wp","href":"https:\/\/api.w.org\/{rel}","templated":true}]}}