{"id":46461,"date":"2022-05-29T10:19:47","date_gmt":"2022-05-29T10:19:47","guid":{"rendered":"https:\/\/www.bojungle.eu\/product\/b-play-nest-pop-up-bed-grey-stars\/"},"modified":"2025-05-14T16:31:28","modified_gmt":"2025-05-14T14:31:28","slug":"b-play-nest-pop-up-bed-grey-stars","status":"publish","type":"product","link":"https:\/\/www.bojungle.eu\/cs\/produkt\/b-play-nest-pop-up-bed-grey-stars\/","title":{"rendered":"B-Play Nest Pop up Bed Grey Stars"},"content":{"rendered":"<p>Objevte pohodl\u00ed a komfort vysouvac\u00ed postele B-Play Nest Pop-up Bed Grey Stars! Toto l\u016f\u017eko je ur\u010deno pro vnit\u0159n\u00ed i venkovn\u00ed pou\u017eit\u00ed, tak\u017ee je ide\u00e1ln\u00ed pro pou\u017eit\u00ed doma i venku. <\/p>\n<p>Post\u00fdlka je vybavena pohodlnou odn\u00edmatelnou matrac\u00ed, tak\u017ee va\u0161e d\u00edt\u011b m\u016f\u017ee v\u017edy pohodln\u011b sp\u00e1t nebo si hr\u00e1t. Horn\u00ed \u010d\u00e1st postele lze odklopit a je opat\u0159ena anti-UV 50+ vrstvou, kter\u00e1 chr\u00e1n\u00ed va\u0161e d\u00edt\u011b p\u0159ed sluncem b\u011bhem venkovn\u00edch dobrodru\u017estv\u00ed. Nav\u00edc byla p\u0159id\u00e1na dal\u0161\u00ed poutka pro zav\u011b\u0161en\u00ed hra\u010dek, d\u00edky nim\u017e bude hran\u00ed je\u0161t\u011b z\u00e1bavn\u011bj\u0161\u00ed.  <\/p>\n<p>D\u00edky praktick\u00e9mu v\u00fdsuvn\u00e9mu syst\u00e9mu lze postel snadno postavit a zase sundat. U\u017e \u017e\u00e1dn\u00e9 slo\u017eit\u00e9 konstrukce! Sou\u010d\u00e1st\u00ed balen\u00ed jsou nav\u00edc 3 odn\u00edmateln\u00e9 hra\u010dky, kter\u00e9 va\u0161e d\u011b\u0165\u00e1tko zabav\u00ed.  <\/p>\n<p>D\u00edky praktick\u00e9mu v\u00fdsuvn\u00e9mu syst\u00e9mu lze postel snadno sestavit i rozlo\u017eit. U\u017e \u017e\u00e1dn\u00e1 slo\u017eit\u00e1 konstrukce! Sou\u010d\u00e1st\u00ed balen\u00ed jsou tak\u00e9 3 odn\u00edmateln\u00e9 hra\u010dky, kter\u00e9 va\u0161e d\u00edt\u011b zabav\u00ed. <\/p>\n<p>Stru\u010dn\u011b \u0159e\u010deno, B-Play Nest Pop-up Bed Grey Stars nab\u00edz\u00ed maxim\u00e1ln\u00ed pohodl\u00ed a komfort pro vnit\u0159n\u00ed i venkovn\u00ed pou\u017eit\u00ed. Dop\u0159ejte sv\u00e9mu d\u011b\u0165\u00e1tku pohodov\u00e9 span\u00ed a z\u00e1bavu p\u0159i hran\u00ed, a\u0165 jste kdekoli! <\/p>\n<ul>\n<li>Pohodln\u00e1 odn\u00edmateln\u00e1 matrace<\/li>\n<li>Top lze ohrnout a pro\u0161el anti-UV 50+ \u00fapravou, s extra poutky na hra\u010dky<\/li>\n<li>Gemakkelijk (de)monteren: pop-up systeem<\/li>\n<li>V\u010detn\u011b 3 odn\u00edmateln\u00fdch hra\u010dek<\/li>\n<li>S odn\u00edmatelnou moskyti\u00e9rou<\/li>\n<li>V\u010detn\u011b \u00falo\u017en\u00e9ho vaku<\/li>\n<\/ul>\n<p>&nbsp;<\/p>\n<table border=\"1\">\n<tbody>\n<tr>\n<td>Ru\u010dn\u011b<\/td>\n<td><a href=\"https:\/\/www.bojungle.eu\/wp-content\/uploads\/2025\/05\/B-Bedrail-Manual.pdf\" target=\"_blank\" rel=\"noopener\">Klikn\u011bte zde<\/a><\/td>\n<\/tr>\n<\/tbody>\n<\/table>\n","protected":false},"excerpt":{"rendered":"<p>Objevte pohodl\u00ed vyskakovac\u00ed postele B-Play Nest Grey Stars! Pohodln\u00e1 matrace, UV ochrana, hra\u010dky a moskyti\u00e9ra v cen\u011b.  Snadn\u00e9 nastaven\u00ed a ulo\u017een\u00ed. Ide\u00e1ln\u00ed do interi\u00e9ru i exteri\u00e9ru!<\/p>\n","protected":false},"featured_media":67367,"comment_status":"closed","ping_status":"closed","template":"","meta":{"_lmt_disableupdate":"","_lmt_disable":""},"product_brand":[],"product_cat":[806],"product_tag":[],"woo-feed-brand":[],"class_list":{"0":"post-46461","1":"product","2":"type-product","3":"status-publish","4":"has-post-thumbnail","6":"product_cat-v-zahrade","8":"first","9":"instock","10":"taxable","11":"shipping-taxable","12":"purchasable","13":"product-type-simple"},"_links":{"self":[{"href":"https:\/\/www.bojungle.eu\/cs\/wp-json\/wp\/v2\/product\/46461","targetHints":{"allow":["GET"]}}],"collection":[{"href":"https:\/\/www.bojungle.eu\/cs\/wp-json\/wp\/v2\/product"}],"about":[{"href":"https:\/\/www.bojungle.eu\/cs\/wp-json\/wp\/v2\/types\/product"}],"replies":[{"embeddable":true,"href":"https:\/\/www.bojungle.eu\/cs\/wp-json\/wp\/v2\/comments?post=46461"}],"version-history":[{"count":2,"href":"https:\/\/www.bojungle.eu\/cs\/wp-json\/wp\/v2\/product\/46461\/revisions"}],"predecessor-version":[{"id":79729,"href":"https:\/\/www.bojungle.eu\/cs\/wp-json\/wp\/v2\/product\/46461\/revisions\/79729"}],"wp:featuredmedia":[{"embeddable":true,"href":"https:\/\/www.bojungle.eu\/cs\/wp-json\/wp\/v2\/media\/67367"}],"wp:attachment":[{"href":"https:\/\/www.bojungle.eu\/cs\/wp-json\/wp\/v2\/media?parent=46461"}],"wp:term":[{"taxonomy":"product_brand","embeddable":true,"href":"https:\/\/www.bojungle.eu\/cs\/wp-json\/wp\/v2\/product_brand?post=46461"},{"taxonomy":"product_cat","embeddable":true,"href":"https:\/\/www.bojungle.eu\/cs\/wp-json\/wp\/v2\/product_cat?post=46461"},{"taxonomy":"product_tag","embeddable":true,"href":"https:\/\/www.bojungle.eu\/cs\/wp-json\/wp\/v2\/product_tag?post=46461"},{"taxonomy":"woo-feed-brand","embeddable":true,"href":"https:\/\/www.bojungle.eu\/cs\/wp-json\/wp\/v2\/woo-feed-brand?post=46461"}],"curies":[{"name":"wp","href":"https:\/\/api.w.org\/{rel}","templated":true}]}}