{"id":46797,"date":"2023-08-17T09:17:37","date_gmt":"2023-08-17T07:17:37","guid":{"rendered":"https:\/\/www.bojungle.eu\/?post_type=product&#038;p=46797"},"modified":"2025-06-17T16:32:27","modified_gmt":"2025-06-17T14:32:27","slug":"ciste-bila-houpacka-swinging-2-en-1","status":"publish","type":"product","link":"https:\/\/www.bojungle.eu\/cs\/produkt\/ciste-bila-houpacka-swinging-2-en-1\/","title":{"rendered":"\u010cist\u011b b\u00edl\u00e9 houpac\u00ed leh\u00e1tko 2 v 1"},"content":{"rendered":"<p>P\u0159edstavujeme houpac\u00ed kol\u00e9bku Pure White 2 v 1: va\u0161e dokonal\u00e9 \u0159e\u0161en\u00ed pro uklidn\u011bn\u00ed d\u00edt\u011bte<\/p>\n<p>Vylep\u0161ete sv\u016fj z\u00e1\u017eitek z uklid\u0148ov\u00e1n\u00ed d\u00edt\u011bte s na\u0161\u00edm houpac\u00edm leh\u00e1tkem Pure White 2 v 1, kter\u00e9 je navr\u017eeno tak, aby poskytovalo bezkonkuren\u010dn\u00ed komfort, bezpe\u010dnost a pohodl\u00ed v\u00e1m i va\u0161emu d\u011b\u0165\u00e1tku.<\/p>\n<p><strong>Dvoj\u00ed funk\u010dnost:<\/strong> Tento inovativn\u00ed v\u00fdrobek plynule p\u0159ech\u00e1z\u00ed z uklid\u0148uj\u00edc\u00edho houp\u00e1tka do pohodln\u00e9ho hopsadla a nab\u00edz\u00ed tak v\u0161estrannost, kter\u00e1 v ka\u017ed\u00e9m okam\u017eiku vyhovuje pot\u0159eb\u00e1m va\u0161eho d\u00edt\u011bte. A\u0165 u\u017e je \u010das na span\u00ed, nebo na hran\u00ed, toto \u0159e\u0161en\u00ed 2 v 1 se o v\u00e1s postar\u00e1.<\/p>\n<p><strong>Bezpe\u010dnost na prvn\u00edm m\u00edst\u011b:<\/strong> D\u00edky vestav\u011bn\u00e9mu 5bodov\u00e9mu syst\u00e9mu p\u00e1s\u016f si m\u016f\u017eete b\u00fdt jisti, \u017ee va\u0161e d\u00edt\u011b je bezpe\u010dn\u011b p\u0159ipout\u00e1no a m\u016f\u017ee si u\u017e\u00edvat bez starost\u00ed. V\u00e1\u0161 klid je na\u0161\u00ed nejvy\u0161\u0161\u00ed prioritou. <\/p>\n<p><strong>Interaktivn\u00ed hra:<\/strong> Nastaviteln\u00fd hern\u00ed oblouk naho\u0159e poskytuje va\u0161emu d\u00edt\u011bti poutavou z\u00e1bavu, stimuluje jeho smysly a povzbuzuje k prozkoum\u00e1n\u00ed. Sledujte, jak va\u0161e d\u00edt\u011b s pot\u011b\u0161en\u00edm dosahuje, uchopuje a objevuje nov\u00e9 pohledy a zvuky. <\/p>\n<p><strong>Hudebn\u00ed pot\u011b\u0161en\u00ed:<\/strong> Pot\u0159ebujete trochu pomoci nav\u00edc p\u0159i ukol\u00e9b\u00e1v\u00e1n\u00ed va\u0161eho d\u00edt\u011bte ke sp\u00e1nku? Pouh\u00fdm stisknut\u00edm tla\u010d\u00edtka aktivujete uklid\u0148uj\u00edc\u00ed melodie a vytvo\u0159\u00edte uklid\u0148uj\u00edc\u00ed atmosf\u00e9ru, kter\u00e1 napom\u00e1h\u00e1 relaxaci a podporuje klidn\u00fd sp\u00e1nek va\u0161eho mal\u00e9ho uzl\u00ed\u010dku radosti. <\/p>\n<p><strong>Pohodln\u00e9 funkce:<\/strong><\/p>\n<ul>\n<li>Odn\u00edmateln\u00e9 odr\u00e1\u017eedlo pro samostatn\u00e9 pou\u017eit\u00ed.<\/li>\n<li>Pro v\u011bt\u0161\u00ed flexibilitu si m\u016f\u017eete vybrat mezi houpac\u00edmi a pevn\u00fdmi funkcemi.<\/li>\n<li>U\u017eijte si 360\u00b0 ot\u00e1\u010den\u00ed seda\u010dky pro snadnou interakci s d\u00edt\u011btem z jak\u00e9hokoli \u00fahlu.<\/li>\n<li>Nastaviteln\u00e9 op\u011bradlo se t\u0159emi v\u00fd\u0161kov\u00fdmi stupni pro optim\u00e1ln\u00ed pohodl\u00ed.<\/li>\n<li>Houpa\u010dku m\u016f\u017eete snadno ovl\u00e1dat pomoc\u00ed panelu nebo d\u00e1lkov\u00e9ho ovlada\u010de, kter\u00fd je sou\u010d\u00e1st\u00ed balen\u00ed.<\/li>\n<li>Sou\u010d\u00e1st\u00ed balen\u00ed je adapt\u00e9r pro pohodln\u00e9 zapojen\u00ed do z\u00e1suvky, nebo m\u016f\u017eete pou\u017e\u00edt 4 baterie C pro p\u0159en\u00e1\u0161en\u00ed.<\/li>\n<li>Select from 7 different movement options and 5 swing speeds to customize the experience according to your baby&#8217;s preferences.<\/li>\n<\/ul>\n<p>Vyzkou\u0161ejte houpac\u00ed kol\u00e9bku Pure White 2 v 1 a objevte dokonalou kombinaci komfortu, pohodl\u00ed a bezpe\u010dnosti pro v\u00e1s a va\u0161e milovan\u00e9 d\u00edt\u011b. S ka\u017ed\u00fdm pou\u017eit\u00edm se rozlu\u010dte s roztr\u017eitost\u00ed a p\u0159iv\u00edtejte klidnou bla\u017eenost.<\/p>\n<table border=\"1\">\n<tbody>\n<tr>\n<td>Manu\u00e1ln\u00ed\n<\/td>\n<td><a href=\"https:\/\/www.bojungle.eu\/wp-content\/uploads\/2025\/06\/B-Swinging-Rocker-Manual.pdf\" target=\"_blank\" rel=\"noopener\">Klikn\u011bte zde<\/a><\/td>\n<\/tr>\n<\/tbody>\n<\/table>\n","protected":false},"excerpt":{"rendered":"<p>P\u0159edstavujeme houpac\u00ed houpac\u00ed k\u0159eslo 2 v 1 Pure White: dokonal\u00fd spole\u010dn\u00edk pro pohodl\u00ed va\u0161eho d\u00edt\u011bte! Snadno m\u016f\u017eete p\u0159ep\u00ednat mezi uklid\u0148uj\u00edc\u00ed houpa\u010dkou a \u00fatuln\u00fdm odr\u00e1\u017eedlem. Je vybaven 5bodov\u00fdm bezpe\u010dnostn\u00edm p\u00e1sem, nastaviteln\u00fdm hern\u00edm obloukem pro interaktivn\u00ed z\u00e1bavu a uklid\u0148uj\u00edc\u00ed hudbou pouh\u00fdm stisknut\u00edm tla\u010d\u00edtka. S 360\u00b0 ot\u00e1\u010den\u00edm sedadla, 7 mo\u017enostmi pohybu a 5 rychlostmi houp\u00e1n\u00ed je to perfektn\u00ed \u0159e\u0161en\u00ed pro zanepr\u00e1zdn\u011bn\u00e9 rodi\u010de i spokojen\u00e1 miminka.   <\/p>\n","protected":false},"featured_media":67066,"comment_status":"closed","ping_status":"closed","template":"","meta":{"_lmt_disableupdate":"","_lmt_disable":""},"product_brand":[],"product_cat":[533],"product_tag":[1083,1084,1086,1089],"woo-feed-brand":[],"class_list":{"0":"post-46797","1":"product","2":"type-product","3":"status-publish","4":"has-post-thumbnail","6":"product_cat-houpacky-a-houpadla","7":"product_tag-automaticka","8":"product_tag-ciste-bila","9":"product_tag-houpacka","10":"product_tag-relaxacni","12":"first","13":"instock","14":"featured","15":"taxable","16":"shipping-taxable","17":"purchasable","18":"product-type-simple"},"_links":{"self":[{"href":"https:\/\/www.bojungle.eu\/cs\/wp-json\/wp\/v2\/product\/46797","targetHints":{"allow":["GET"]}}],"collection":[{"href":"https:\/\/www.bojungle.eu\/cs\/wp-json\/wp\/v2\/product"}],"about":[{"href":"https:\/\/www.bojungle.eu\/cs\/wp-json\/wp\/v2\/types\/product"}],"replies":[{"embeddable":true,"href":"https:\/\/www.bojungle.eu\/cs\/wp-json\/wp\/v2\/comments?post=46797"}],"version-history":[{"count":2,"href":"https:\/\/www.bojungle.eu\/cs\/wp-json\/wp\/v2\/product\/46797\/revisions"}],"predecessor-version":[{"id":80323,"href":"https:\/\/www.bojungle.eu\/cs\/wp-json\/wp\/v2\/product\/46797\/revisions\/80323"}],"wp:featuredmedia":[{"embeddable":true,"href":"https:\/\/www.bojungle.eu\/cs\/wp-json\/wp\/v2\/media\/67066"}],"wp:attachment":[{"href":"https:\/\/www.bojungle.eu\/cs\/wp-json\/wp\/v2\/media?parent=46797"}],"wp:term":[{"taxonomy":"product_brand","embeddable":true,"href":"https:\/\/www.bojungle.eu\/cs\/wp-json\/wp\/v2\/product_brand?post=46797"},{"taxonomy":"product_cat","embeddable":true,"href":"https:\/\/www.bojungle.eu\/cs\/wp-json\/wp\/v2\/product_cat?post=46797"},{"taxonomy":"product_tag","embeddable":true,"href":"https:\/\/www.bojungle.eu\/cs\/wp-json\/wp\/v2\/product_tag?post=46797"},{"taxonomy":"woo-feed-brand","embeddable":true,"href":"https:\/\/www.bojungle.eu\/cs\/wp-json\/wp\/v2\/woo-feed-brand?post=46797"}],"curies":[{"name":"wp","href":"https:\/\/api.w.org\/{rel}","templated":true}]}}