{"id":47140,"date":"2023-08-22T14:44:15","date_gmt":"2023-08-22T12:44:15","guid":{"rendered":"https:\/\/www.bojungle.eu\/product\/tropical-discovery-skladaci-micova-herna\/"},"modified":"2024-02-14T09:24:37","modified_gmt":"2024-02-14T08:24:37","slug":"tropical-discovery-skladaci-micova-herna","status":"publish","type":"product","link":"https:\/\/www.bojungle.eu\/cs\/produkt\/tropical-discovery-skladaci-micova-herna\/","title":{"rendered":"Tropical Discovery Skl\u00e1dac\u00ed m\u00ed\u010dov\u00e1 herna"},"content":{"rendered":"<ul>\n<li><span class=\"OYPEnA text-decoration-none text-strikethrough-none\">Barevn\u00fd design<\/span><\/li>\n<li><span class=\"OYPEnA text-decoration-none text-strikethrough-none\">P\u00edskac\u00ed kn\u00ed\u017eka s p\u00edsk\u00e1tkem<\/span><\/li>\n<li><span class=\"OYPEnA text-decoration-none text-strikethrough-none\">20 barevn\u00fdch m\u00ed\u010dk\u016f<\/span><\/li>\n<li><span class=\"OYPEnA text-decoration-none text-strikethrough-none\">R\u016fzn\u00e1 chrast\u00edtka<\/span><\/li>\n<li><span class=\"OYPEnA text-decoration-none text-strikethrough-none\">Zrc\u00e1tko<\/span><\/li>\n<li><span class=\"OYPEnA text-decoration-none text-strikethrough-none\">B\u0159i\u0161n\u00ed pol\u0161t\u00e1\u0159<\/span><\/li>\n<li><span class=\"OYPEnA text-decoration-none text-strikethrough-none\">P\u0159estaviteln\u00fd na m\u00ed\u010dovou j\u00e1mu<\/span><\/li>\n<li><span class=\"OYPEnA text-decoration-none text-strikethrough-none\">4 hern\u00ed polohy (na b\u0159\u00ed\u0161ku, na z\u00e1dech, p\u0159i plazen\u00ed a vsed\u011b)<\/span><\/li>\n<li><span class=\"OYPEnA text-decoration-none text-strikethrough-none\">R\u016fzn\u00e9 melodie<\/span><\/li>\n<li><span class=\"OYPEnA text-decoration-none text-strikethrough-none\">Ovl\u00e1d\u00e1n\u00ed hlasitosti<\/span><\/li>\n<li><span class=\"OYPEnA text-decoration-none text-strikethrough-none\">Sv\u00edt\u00edc\u00ed hrac\u00ed oblouk<\/span><\/li>\n<li><span class=\"OYPEnA text-decoration-none text-strikethrough-none\">3x baterie AAA (nejsou sou\u010d\u00e1st\u00ed balen\u00ed)<\/span><\/li>\n<\/ul>\n","protected":false},"excerpt":{"rendered":"<div class=\"w-full text-token-text-primary\" data-testid=\"conversation-turn-3\">\n<div class=\"px-4 py-2 justify-center text-base md:gap-6 m-auto\">\n<div class=\"flex flex-1 text-base mx-auto gap-3 md:px-5 lg:px-1 xl:px-5 md:max-w-3xl lg:max-w-[40rem] xl:max-w-[48rem] group final-completion\">\n<div class=\"relative flex w-full flex-col agent-turn\">\n<div class=\"flex-col gap-1 md:gap-3\">\n<div class=\"flex flex-grow flex-col max-w-full\">\n<div class=\"min-h-[20px] text-message flex flex-col items-start gap-3 whitespace-pre-wrap break-words [.text-message+&amp;]:mt-5 overflow-x-auto\" data-message-author-role=\"assistant\" data-message-id=\"82db606c-0594-41f5-8ade-70aa18437775\">\n<div class=\"markdown prose w-full break-words dark:prose-invert light\">\n<p>Objevte skl\u00e1dac\u00ed h\u0159i\u0161t\u011b Tropical Discovery Ball Pit Play Gym, dokonalou dobrodru\u017enou z\u00f3nu pro va\u0161eho mal\u00e9ho objevitele! Tato z\u00e1\u0159iv\u00e1 hrac\u00ed podlo\u017eka slou\u017e\u00ed jako n\u00e1dhern\u00e9 m\u00ed\u010dov\u00e9 h\u0159i\u0161t\u011b a nab\u00edz\u00ed nekone\u010dn\u00e9 mo\u017enosti z\u00e1bavy a rozvoje. Je vybavena poutav\u00fdmi funkcemi, jako je p\u00edskac\u00ed kn\u00ed\u017eka s p\u00edsk\u00e1tkem, chrast\u00edtka, zrc\u00e1tko a pohodln\u00fd pol\u0161t\u00e1\u0159ek na b\u0159i\u0161e, a podporuje zkoum\u00e1n\u00ed a smyslovou stimulaci ve \u010dty\u0159ech univerz\u00e1ln\u00edch poloh\u00e1ch pro hran\u00ed. Rozko\u0161n\u00e9 melodie a blikaj\u00edc\u00ed sv\u011bt\u00fdlka podman\u00ed p\u0159edstavivost va\u0161eho d\u00edt\u011bte, zat\u00edmco sv\u00edt\u00edc\u00ed hrac\u00ed oblouk dod\u00e1 va\u0161emu d\u00edt\u011bti dal\u0161\u00ed kouzlo. D\u00edky barevn\u00e9mu designu, pohodln\u00e9 skl\u00e1datelnosti a ovl\u00e1d\u00e1n\u00ed hlasitosti pro klid rodi\u010d\u016f je tato hern\u00ed t\u011blocvi\u010dna nezbytn\u00fdm dopl\u0148kem pro radostn\u00e9 z\u00e1\u017eitky z hran\u00ed.    <\/p>\n<\/div>\n<\/div>\n<\/div>\n<div class=\"mt-1 flex justify-start gap-3 empty:hidden\">\n<div class=\"text-gray-400 flex self-end lg:self-center justify-center lg:justify-start mt-0 -ml-1 visible\">\n<p>&nbsp;<\/p>\n<div class=\"flex\"><\/div>\n<\/div>\n<\/div>\n<\/div>\n<\/div>\n<\/div>\n<\/div>\n<\/div>\n<div class=\"mx-auto\">\n<div data-projection-id=\"43\">\n<div class=\"mx-auto mt-2 inline-flex rounded-xl border border-gray-100 dark:border-gray-700\"><\/div>\n<\/div>\n<\/div>\n","protected":false},"featured_media":66003,"comment_status":"closed","ping_status":"closed","template":"","meta":{"_lmt_disableupdate":"","_lmt_disable":""},"product_brand":[],"product_cat":[471],"product_tag":[1217],"woo-feed-brand":[],"class_list":{"0":"post-47140","1":"product","2":"type-product","3":"status-publish","4":"has-post-thumbnail","6":"product_cat-playtime-cs","7":"product_tag-hraci-podlozka","9":"first","10":"outofstock","11":"featured","12":"taxable","13":"shipping-taxable","14":"purchasable","15":"product-type-simple"},"_links":{"self":[{"href":"https:\/\/www.bojungle.eu\/cs\/wp-json\/wp\/v2\/product\/47140","targetHints":{"allow":["GET"]}}],"collection":[{"href":"https:\/\/www.bojungle.eu\/cs\/wp-json\/wp\/v2\/product"}],"about":[{"href":"https:\/\/www.bojungle.eu\/cs\/wp-json\/wp\/v2\/types\/product"}],"replies":[{"embeddable":true,"href":"https:\/\/www.bojungle.eu\/cs\/wp-json\/wp\/v2\/comments?post=47140"}],"version-history":[{"count":1,"href":"https:\/\/www.bojungle.eu\/cs\/wp-json\/wp\/v2\/product\/47140\/revisions"}],"predecessor-version":[{"id":66062,"href":"https:\/\/www.bojungle.eu\/cs\/wp-json\/wp\/v2\/product\/47140\/revisions\/66062"}],"wp:featuredmedia":[{"embeddable":true,"href":"https:\/\/www.bojungle.eu\/cs\/wp-json\/wp\/v2\/media\/66003"}],"wp:attachment":[{"href":"https:\/\/www.bojungle.eu\/cs\/wp-json\/wp\/v2\/media?parent=47140"}],"wp:term":[{"taxonomy":"product_brand","embeddable":true,"href":"https:\/\/www.bojungle.eu\/cs\/wp-json\/wp\/v2\/product_brand?post=47140"},{"taxonomy":"product_cat","embeddable":true,"href":"https:\/\/www.bojungle.eu\/cs\/wp-json\/wp\/v2\/product_cat?post=47140"},{"taxonomy":"product_tag","embeddable":true,"href":"https:\/\/www.bojungle.eu\/cs\/wp-json\/wp\/v2\/product_tag?post=47140"},{"taxonomy":"woo-feed-brand","embeddable":true,"href":"https:\/\/www.bojungle.eu\/cs\/wp-json\/wp\/v2\/woo-feed-brand?post=47140"}],"curies":[{"name":"wp","href":"https:\/\/api.w.org\/{rel}","templated":true}]}}