{"id":47491,"date":"2023-08-28T14:37:49","date_gmt":"2023-08-28T12:37:49","guid":{"rendered":"https:\/\/www.bojungle.eu\/product\/tryskajici-vodni-clun-toby\/"},"modified":"2023-08-28T14:45:57","modified_gmt":"2023-08-28T12:45:57","slug":"tryskajici-vodni-clun-toby","status":"publish","type":"product","link":"https:\/\/www.bojungle.eu\/cs\/produkt\/tryskajici-vodni-clun-toby\/","title":{"rendered":"Tryskaj\u00edc\u00ed vodn\u00ed \u010dlun Toby"},"content":{"rendered":"<ul>\n<li><span class=\"OYPEnA text-decoration-none text-strikethrough-none\">Kreativn\u00ed, o 360\u00b0 rotuj\u00edc\u00ed funkce st\u0159\u00edk\u00e1n\u00ed vody<\/span><\/li>\n<li><span class=\"OYPEnA text-decoration-none text-strikethrough-none\">Pluje automaticky, jakmile naraz\u00ed na vodu<\/span><\/li>\n<li><span class=\"OYPEnA text-decoration-none text-strikethrough-none\">Vodn\u00ed z\u00e1bava v\u0161ude kolem<\/span><\/li>\n<li><span class=\"OYPEnA text-decoration-none text-strikethrough-none\">Stimuluje kognitivn\u00ed dovednosti<\/span><\/li>\n<li><span class=\"OYPEnA text-decoration-none text-strikethrough-none\">Stimuluje motorick\u00e9 dovednosti<\/span><\/li>\n<li><span class=\"OYPEnA text-decoration-none text-strikethrough-none\">Vodot\u011bsn\u00e9 proveden\u00ed<\/span><\/li>\n<li><span class=\"OYPEnA text-decoration-none text-strikethrough-none\">3x AA baterie (nejsou sou\u010d\u00e1st\u00ed balen\u00ed)<\/span><\/li>\n<li>Barvy se mohou li\u0161it<\/li>\n<\/ul>\n<p>&nbsp;<\/p>\n","protected":false},"excerpt":{"rendered":"<p><span class=\"OYPEnA text-decoration-none text-strikethrough-none\">Vodn\u00ed tryskov\u00fd \u010dlun Toby je p\u0159ipraven vyrazit na misi! Um\u00edst\u011bte ho do vody a z\u00e1bava okam\u017eit\u011b za\u010d\u00edn\u00e1. Jeho trysku m\u016f\u017eete nasm\u011brovat na cokoli a na cokoli a on se rozjede rychlost\u00ed.  <\/span><\/p>\n","protected":false},"featured_media":74365,"comment_status":"closed","ping_status":"closed","template":"","meta":{"_lmt_disableupdate":"","_lmt_disable":""},"product_brand":[],"product_cat":[507,471],"product_tag":[],"woo-feed-brand":[],"class_list":{"0":"post-47491","1":"product","2":"type-product","3":"status-publish","4":"has-post-thumbnail","6":"product_cat-hracky-do-koupele","7":"product_cat-playtime-cs","9":"first","10":"instock","11":"taxable","12":"shipping-taxable","13":"purchasable","14":"product-type-simple"},"_links":{"self":[{"href":"https:\/\/www.bojungle.eu\/cs\/wp-json\/wp\/v2\/product\/47491","targetHints":{"allow":["GET"]}}],"collection":[{"href":"https:\/\/www.bojungle.eu\/cs\/wp-json\/wp\/v2\/product"}],"about":[{"href":"https:\/\/www.bojungle.eu\/cs\/wp-json\/wp\/v2\/types\/product"}],"replies":[{"embeddable":true,"href":"https:\/\/www.bojungle.eu\/cs\/wp-json\/wp\/v2\/comments?post=47491"}],"version-history":[{"count":0,"href":"https:\/\/www.bojungle.eu\/cs\/wp-json\/wp\/v2\/product\/47491\/revisions"}],"wp:featuredmedia":[{"embeddable":true,"href":"https:\/\/www.bojungle.eu\/cs\/wp-json\/wp\/v2\/media\/74365"}],"wp:attachment":[{"href":"https:\/\/www.bojungle.eu\/cs\/wp-json\/wp\/v2\/media?parent=47491"}],"wp:term":[{"taxonomy":"product_brand","embeddable":true,"href":"https:\/\/www.bojungle.eu\/cs\/wp-json\/wp\/v2\/product_brand?post=47491"},{"taxonomy":"product_cat","embeddable":true,"href":"https:\/\/www.bojungle.eu\/cs\/wp-json\/wp\/v2\/product_cat?post=47491"},{"taxonomy":"product_tag","embeddable":true,"href":"https:\/\/www.bojungle.eu\/cs\/wp-json\/wp\/v2\/product_tag?post=47491"},{"taxonomy":"woo-feed-brand","embeddable":true,"href":"https:\/\/www.bojungle.eu\/cs\/wp-json\/wp\/v2\/woo-feed-brand?post=47491"}],"curies":[{"name":"wp","href":"https:\/\/api.w.org\/{rel}","templated":true}]}}