{"id":47975,"date":"2023-09-06T15:42:25","date_gmt":"2023-09-06T13:42:25","guid":{"rendered":"https:\/\/www.bojungle.eu\/?post_type=product&#038;p=47975"},"modified":"2025-05-26T15:12:47","modified_gmt":"2025-05-26T13:12:47","slug":"koupelnovy-medved-terakota","status":"publish","type":"product","link":"https:\/\/www.bojungle.eu\/cs\/produkt\/koupelnovy-medved-terakota\/","title":{"rendered":"Koupelnov\u00fd medv\u011bd terakota"},"content":{"rendered":"<p>Objevte Bath Bear Terracotta \u2013 nov\u00e9ho obl\u00edben\u00e9ho par\u0165\u00e1ka do koupele va\u0161eho d\u00edt\u011bte! D\u00edky roztomil\u00e9mu designu medv\u011bd\u00edho ucha a pohodln\u00e9mu tvaru je koup\u00e1n\u00ed mnohem z\u00e1bavn\u011bj\u0161\u00ed.<\/p>\n<p>Tato d\u011btsk\u00e1 vani\u010dka je dod\u00e1v\u00e1na s praktickou redukc\u00ed do vany, kter\u00e1 je ide\u00e1ln\u00ed pro novorozence a udr\u017euje je v bezpe\u010d\u00ed pomoc\u00ed p\u0159\u00edsavek. A kdy\u017e je \u010das vypustit vodu, sta\u010d\u00ed otev\u0159\u00edt odtokov\u00fd uz\u00e1v\u011br pro rychl\u00e9 a snadn\u00e9 vy\u010di\u0161t\u011bn\u00ed. <\/p>\n<p>P\u0159ilo\u017eili jsme tak\u00e9 odn\u00edmatelnou misku na m\u00fddlo z ekologick\u00e9ho silikonu, tak\u017ee m\u016f\u017eete m\u00edt v\u0161echny pot\u0159eby do koupele po ruce bez zbyte\u010dn\u00fdch starost\u00ed. Nav\u00edc si m\u016f\u017eete b\u00fdt jisti, \u017ee Bath Bear Terracotta neobsahuje BPA, tak\u017ee va\u0161e d\u011b\u0165\u00e1tko z\u016fstane v bezpe\u010d\u00ed b\u011bhem jeho dobrodru\u017estv\u00ed s rozst\u0159ikem.<\/p>\n<table border=\"1\">\n<tbody>\n<tr>\n<td>Manu\u00e1ln\u00ed\n<\/td>\n<td><a href=\"https:\/\/www.bojungle.eu\/wp-content\/uploads\/2025\/05\/Manual-Bath-Bear.pdf\">Klikn\u011bte zde<\/a><\/td>\n<\/tr>\n<\/tbody>\n<\/table>\n","protected":false},"excerpt":{"rendered":"<div class=\"elementor-element elementor-element-80cf67d elementor-widget elementor-widget-jet-single-excerpt\" data-id=\"80cf67d\" data-element_type=\"widget\" data-widget_type=\"jet-single-excerpt.default\">\n<div class=\"elementor-widget-container\">\n<div class=\"elementor-jet-single-excerpt jet-woo-builder\">\n<div class=\"woocommerce-product-details__short-description\">\n<p>Seznamte se s Bath Bear Terracotta \u2013 dokonal\u00fdm spole\u010dn\u00edkem pro koup\u00e1n\u00ed va\u0161eho miminka! D\u00edky roztomil\u00fdm medv\u011bd\u00edm u\u0161\u00edm a ergonomick\u00e9mu designu je koup\u00e1n\u00ed mnohem roztomilej\u0161\u00ed a pohodln\u011bj\u0161\u00ed. Je dopln\u011bna redukc\u00ed pro novorozence, uz\u00e1v\u011brem pro snadn\u00e9 vypou\u0161t\u011bn\u00ed vody a ekologickou m\u00fddlenkou a p\u0159edstavuje dokonalou kombinaci z\u00e1bavy a funk\u010dnosti. Nav\u00edc pro v\u00e1\u0161 klid neobsahuje BPA.   P\u0159ipravte se na \u010dist\u00e1 dobrodru\u017estv\u00ed s Bath Bear Terracotta!<\/p>\n<\/div>\n<\/div>\n<\/div>\n<\/div>\n<div class=\"elementor-element elementor-element-c5d7d93 elementor-widget elementor-widget-spacer\" data-id=\"c5d7d93\" data-element_type=\"widget\" data-widget_type=\"spacer.default\">\n<div class=\"elementor-widget-container\">\n<div class=\"elementor-spacer\"><\/div>\n<\/div>\n<\/div>\n<p>&nbsp;<\/p>\n","protected":false},"featured_media":69217,"comment_status":"closed","ping_status":"closed","template":"","meta":{"_lmt_disableupdate":"","_lmt_disable":""},"product_brand":[],"product_cat":[578,506],"product_tag":[],"woo-feed-brand":[],"class_list":{"0":"post-47975","1":"product","2":"type-product","3":"status-publish","4":"has-post-thumbnail","6":"product_cat-dite-ve-vane","7":"product_cat-pece-o-telo","9":"first","10":"instock","11":"taxable","12":"shipping-taxable","13":"purchasable","14":"product-type-simple"},"_links":{"self":[{"href":"https:\/\/www.bojungle.eu\/cs\/wp-json\/wp\/v2\/product\/47975","targetHints":{"allow":["GET"]}}],"collection":[{"href":"https:\/\/www.bojungle.eu\/cs\/wp-json\/wp\/v2\/product"}],"about":[{"href":"https:\/\/www.bojungle.eu\/cs\/wp-json\/wp\/v2\/types\/product"}],"replies":[{"embeddable":true,"href":"https:\/\/www.bojungle.eu\/cs\/wp-json\/wp\/v2\/comments?post=47975"}],"version-history":[{"count":2,"href":"https:\/\/www.bojungle.eu\/cs\/wp-json\/wp\/v2\/product\/47975\/revisions"}],"predecessor-version":[{"id":79905,"href":"https:\/\/www.bojungle.eu\/cs\/wp-json\/wp\/v2\/product\/47975\/revisions\/79905"}],"wp:featuredmedia":[{"embeddable":true,"href":"https:\/\/www.bojungle.eu\/cs\/wp-json\/wp\/v2\/media\/69217"}],"wp:attachment":[{"href":"https:\/\/www.bojungle.eu\/cs\/wp-json\/wp\/v2\/media?parent=47975"}],"wp:term":[{"taxonomy":"product_brand","embeddable":true,"href":"https:\/\/www.bojungle.eu\/cs\/wp-json\/wp\/v2\/product_brand?post=47975"},{"taxonomy":"product_cat","embeddable":true,"href":"https:\/\/www.bojungle.eu\/cs\/wp-json\/wp\/v2\/product_cat?post=47975"},{"taxonomy":"product_tag","embeddable":true,"href":"https:\/\/www.bojungle.eu\/cs\/wp-json\/wp\/v2\/product_tag?post=47975"},{"taxonomy":"woo-feed-brand","embeddable":true,"href":"https:\/\/www.bojungle.eu\/cs\/wp-json\/wp\/v2\/woo-feed-brand?post=47975"}],"curies":[{"name":"wp","href":"https:\/\/api.w.org\/{rel}","templated":true}]}}