{"id":48236,"date":"2023-09-07T11:06:32","date_gmt":"2023-09-07T09:06:32","guid":{"rendered":"https:\/\/www.bojungle.eu\/?post_type=product&#038;p=48236"},"modified":"2024-02-22T15:14:33","modified_gmt":"2024-02-22T14:14:33","slug":"velryba-rucni-teplomer-do-vany","status":"publish","type":"product","link":"https:\/\/www.bojungle.eu\/cs\/produkt\/velryba-rucni-teplomer-do-vany\/","title":{"rendered":"Velryba &#8211; Ru\u010dn\u00ed teplom\u011br do vany"},"content":{"rendered":"<p>Tento rozko\u0161n\u00fd teplom\u011br ve tvaru ponorky, kter\u00fd je vyroben s ohledem na pot\u011b\u0161en\u00ed z koup\u00e1n\u00ed, nab\u00edz\u00ed p\u0159esn\u00e9 m\u011b\u0159en\u00ed teploty a zaji\u0161\u0165uje, \u017ee voda ve van\u011b va\u0161eho d\u00edt\u011bte bude v\u017edy tak akor\u00e1t. U\u017e \u017e\u00e1dn\u00e9 odhady nebo ru\u010dn\u00ed zkou\u0161en\u00ed &#8211; sta\u010d\u00ed se pod\u00edvat na displej a hned m\u00e1te jistotu. T\u00edm v\u0161ak z\u00e1bava nekon\u010d\u00ed! Teplom\u011br do vany Velryba nen\u00ed jen praktick\u00fd, ale tak\u00e9 hrav\u00fd. Jeho okouzluj\u00edc\u00ed design dod\u00e1 va\u0161\u00ed koupeln\u011b n\u00e1dech rozmarnosti a zp\u0159\u00edjemn\u00ed \u010das koup\u00e1n\u00ed. S velrybou &#8211; ru\u010dn\u00edm teplom\u011brem do koupele m\u016f\u017eete prom\u011bnit oby\u010dejnou koupel v neoby\u010dejn\u00e9 dobrodru\u017estv\u00ed. Pozdravte \u0161\u0165astn\u00e9 c\u00e1k\u00e1n\u00ed a nezapomenuteln\u00e9 okam\u017eiky s t\u00edmto nezbytn\u00fdm dopl\u0148kem va\u0161\u00ed koupelnov\u00e9 rutiny. <\/p>\n<ul>\n<li><span class=\"OYPEnA text-decoration-none text-strikethrough-none\">Zobrazen\u00ed teploty<\/span><\/li>\n<li><span class=\"OYPEnA text-decoration-none text-strikethrough-none\">Roztomil\u00fd, hrav\u00fd tvar<\/span><\/li>\n<\/ul>\n","protected":false},"excerpt":{"rendered":"<p>Bavte se s velrybou &#8211; ru\u010dn\u00edm teplom\u011brem do koupele, n\u00e1dhern\u00fdm dopl\u0148kem z\u00e1bavy p\u0159i koup\u00e1n\u00ed pro va\u0161e d\u011b\u0165\u00e1tko! Dejte sbohem nejistot\u011b ohledn\u011b teploty vody a p\u0159iv\u00edtejte bezprobl\u00e9mov\u00e9 koup\u00e1n\u00ed s t\u00edmto okouzluj\u00edc\u00edm teplom\u011brem. <\/p>\n","protected":false},"featured_media":66546,"comment_status":"closed","ping_status":"closed","template":"","meta":{"_lmt_disableupdate":"","_lmt_disable":""},"product_brand":[],"product_cat":[578,579,506],"product_tag":[],"woo-feed-brand":[],"class_list":{"0":"post-48236","1":"product","2":"type-product","3":"status-publish","4":"has-post-thumbnail","6":"product_cat-dite-ve-vane","7":"product_cat-krasa-a-zdravi-ditete","8":"product_cat-pece-o-telo","10":"first","11":"instock","12":"taxable","13":"shipping-taxable","14":"purchasable","15":"product-type-simple"},"_links":{"self":[{"href":"https:\/\/www.bojungle.eu\/cs\/wp-json\/wp\/v2\/product\/48236","targetHints":{"allow":["GET"]}}],"collection":[{"href":"https:\/\/www.bojungle.eu\/cs\/wp-json\/wp\/v2\/product"}],"about":[{"href":"https:\/\/www.bojungle.eu\/cs\/wp-json\/wp\/v2\/types\/product"}],"replies":[{"embeddable":true,"href":"https:\/\/www.bojungle.eu\/cs\/wp-json\/wp\/v2\/comments?post=48236"}],"version-history":[{"count":1,"href":"https:\/\/www.bojungle.eu\/cs\/wp-json\/wp\/v2\/product\/48236\/revisions"}],"predecessor-version":[{"id":66556,"href":"https:\/\/www.bojungle.eu\/cs\/wp-json\/wp\/v2\/product\/48236\/revisions\/66556"}],"wp:featuredmedia":[{"embeddable":true,"href":"https:\/\/www.bojungle.eu\/cs\/wp-json\/wp\/v2\/media\/66546"}],"wp:attachment":[{"href":"https:\/\/www.bojungle.eu\/cs\/wp-json\/wp\/v2\/media?parent=48236"}],"wp:term":[{"taxonomy":"product_brand","embeddable":true,"href":"https:\/\/www.bojungle.eu\/cs\/wp-json\/wp\/v2\/product_brand?post=48236"},{"taxonomy":"product_cat","embeddable":true,"href":"https:\/\/www.bojungle.eu\/cs\/wp-json\/wp\/v2\/product_cat?post=48236"},{"taxonomy":"product_tag","embeddable":true,"href":"https:\/\/www.bojungle.eu\/cs\/wp-json\/wp\/v2\/product_tag?post=48236"},{"taxonomy":"woo-feed-brand","embeddable":true,"href":"https:\/\/www.bojungle.eu\/cs\/wp-json\/wp\/v2\/woo-feed-brand?post=48236"}],"curies":[{"name":"wp","href":"https:\/\/api.w.org\/{rel}","templated":true}]}}