{"id":48448,"date":"2023-09-07T14:05:40","date_gmt":"2023-09-07T12:05:40","guid":{"rendered":"https:\/\/www.bojungle.eu\/product\/ohrivaci-stanice-shady-grey\/"},"modified":"2025-06-06T12:53:44","modified_gmt":"2025-06-06T10:53:44","slug":"ohrivaci-stanice-shady-grey","status":"publish","type":"product","link":"https:\/\/www.bojungle.eu\/cs\/produkt\/ohrivaci-stanice-shady-grey\/","title":{"rendered":"Oh\u0159\u00edvac\u00ed stanice Shady Grey"},"content":{"rendered":"<p>P\u0159edstavujeme oh\u0159\u00edvac\u00ed stanici Shady Grey, dokonal\u00e9 \u0159e\u0161en\u00ed pro snadn\u00e9 udr\u017eov\u00e1n\u00ed ide\u00e1ln\u00ed teploty vody pro r\u016fzn\u00e9 n\u00e1poje a pot\u0159eby. Tento elegantn\u00ed a modern\u00ed spot\u0159ebi\u010d je navr\u017een tak, aby v\u00e1m usnadnil ka\u017edodenn\u00ed rutinu a byl pohodln\u011bj\u0161\u00ed ne\u017e kdykoli p\u0159edt\u00edm. <\/p>\n<p>Oh\u0159\u00edvac\u00ed stanice Shady Grey s velkorysou n\u00e1dr\u017ekou na vodu z nerezov\u00e9 oceli o objemu 1250 ml umo\u017e\u0148uje snadn\u00e9 pln\u011bn\u00ed v\u00edce lahv\u00ed, tak\u017ee m\u00e1te v\u017edy po ruce st\u00e1l\u00fd p\u0159\u00edsun tepl\u00e9 vody. Rozlu\u010dte se s neust\u00e1l\u00fdm oh\u0159\u00edv\u00e1n\u00edm vody nebo \u010dek\u00e1n\u00edm, a\u017e dos\u00e1hne po\u017eadovan\u00e9 teploty. <\/p>\n<p>D\u00edky p\u0159ednastaven\u00fdm regul\u00e1tor\u016fm teploty, v\u010detn\u011b mo\u017enost\u00ed, jako je 37 \u00b0C pro oh\u0159ev ml\u00e9ka, 45 \u00b0C pro pol\u00e9vky nebo 85 \u00b0C pro \u010daj, si m\u016f\u017eete snadno p\u0159izp\u016fsobit teplotu vody podle sv\u00fdch preferenc\u00ed. M\u016f\u017eete tak\u00e9 pln\u011b ovl\u00e1dat ru\u010dn\u00ed nastaven\u00ed teploty a p\u0159izp\u016fsobit se tak specifick\u00fdm po\u017eadavk\u016fm. <\/p>\n<p>M\u016f\u017eete si nastavit nejen teplotu, ale tak\u00e9 objem vyd\u00e1van\u00e9 vody, a to v rozmez\u00ed od 30 ml do 330 ml v praktick\u00fdch 30ml kroc\u00edch. A\u0165 u\u017e pot\u0159ebujete mal\u00e9 mno\u017estv\u00ed na rychl\u00e9 pit\u00ed nebo v\u011bt\u0161\u00ed mno\u017estv\u00ed na va\u0159en\u00ed, oh\u0159\u00edvac\u00ed stanice Shady Grey v\u00e1m vyhov\u00ed. <\/p>\n<p>Pokud pot\u0159ebujete vodu rychle zchladit, jednodu\u0161e pou\u017eijte funkci chlazen\u00ed a snadno sni\u017ete jej\u00ed teplotu.<\/p>\n<p>Udr\u017eov\u00e1n\u00ed hygieny je snadn\u00e9 d\u00edky funkci sterilizace a vyva\u0159ov\u00e1n\u00ed, kter\u00e1 dosahuje teploty 100 \u00b0C a zaji\u0161\u0165uje d\u016fkladn\u00e9 \u010di\u0161t\u011bn\u00ed a sterilizaci spot\u0159ebi\u010de. Udr\u017eujte svou vodn\u00ed stanici bezvadnou a bezpe\u010dnou pro ka\u017edodenn\u00ed pou\u017eit\u00ed s minim\u00e1ln\u00edm \u00fasil\u00edm. <\/p>\n<p>Oh\u0159\u00edvac\u00ed stanice Shady Grey je navr\u017eena s ohledem na funk\u010dnost i styl a vyzna\u010duje se modern\u00edm designem, kter\u00fd dopln\u00ed ka\u017edou kuchy\u0148 nebo pracovn\u00ed prostor. Pozdravte pohodl\u00ed a efektivitu s touto v\u0161estrannou a inovativn\u00ed oh\u0159\u00edvac\u00ed stanic\u00ed na vodu. <\/p>\n<p>&nbsp;<\/p>\n<table border=\"1\">\n<tbody>\n<tr>\n<td>Manu\u00e1ln\u00ed\n<\/td>\n<td><a href=\"https:\/\/www.bojungle.eu\/wp-content\/uploads\/2025\/06\/B553000-Warming-Station-2024.pdf\" target=\"_blank\" rel=\"noopener\">Klikn\u011bte zde<\/a><\/td>\n<\/tr>\n<\/tbody>\n<\/table>\n","protected":false},"excerpt":{"rendered":"<p>S touto oh\u0159\u00edvac\u00ed stanic\u00ed budete m\u00edt vodu o spr\u00e1vn\u00e9 teplot\u011b b\u011bhem okam\u017eiku. D\u00edky velk\u00e9 n\u00e1dr\u017ei na vodu z nerezov\u00e9 oceli m\u016f\u017eete snadno naplnit n\u011bkolik lahv\u00ed a voda z\u016fstane v po\u017eadovan\u00e9 teplot\u011b. K dispozici jsou p\u0159ednastaven\u00e9 teploty, nap\u0159\u00edklad 37 \u00b0C pro ml\u00e9ko, 45 \u00b0C pro pol\u00e9vku nebo 85 \u00b0C pro \u010daj. Nastavit lze nejen teplotu, ale tak\u00e9 mno\u017estv\u00ed vody. To se pohybuje od 30 ml do 330 ml a zvy\u0161uje se po 30ml kroc\u00edch. Pokud chcete teplotu sn\u00ed\u017eit rychleji, m\u016f\u017eete vyu\u017e\u00edt funkci chlazen\u00ed spot\u0159ebi\u010de. Sterilizace spot\u0159ebi\u010de je tak\u00e9 hra\u010dka.      <\/p>\n","protected":false},"featured_media":62468,"comment_status":"closed","ping_status":"closed","template":"","meta":{"_lmt_disableupdate":"","_lmt_disable":""},"product_brand":[],"product_cat":[433,429],"product_tag":[],"woo-feed-brand":[],"class_list":{"0":"post-48448","1":"product","2":"type-product","3":"status-publish","4":"has-post-thumbnail","6":"product_cat-priprava-jidla","7":"product_cat-jidlo-a-piti","9":"first","10":"outofstock","11":"taxable","12":"shipping-taxable","13":"purchasable","14":"product-type-simple"},"_links":{"self":[{"href":"https:\/\/www.bojungle.eu\/cs\/wp-json\/wp\/v2\/product\/48448","targetHints":{"allow":["GET"]}}],"collection":[{"href":"https:\/\/www.bojungle.eu\/cs\/wp-json\/wp\/v2\/product"}],"about":[{"href":"https:\/\/www.bojungle.eu\/cs\/wp-json\/wp\/v2\/types\/product"}],"replies":[{"embeddable":true,"href":"https:\/\/www.bojungle.eu\/cs\/wp-json\/wp\/v2\/comments?post=48448"}],"version-history":[{"count":2,"href":"https:\/\/www.bojungle.eu\/cs\/wp-json\/wp\/v2\/product\/48448\/revisions"}],"predecessor-version":[{"id":80139,"href":"https:\/\/www.bojungle.eu\/cs\/wp-json\/wp\/v2\/product\/48448\/revisions\/80139"}],"wp:featuredmedia":[{"embeddable":true,"href":"https:\/\/www.bojungle.eu\/cs\/wp-json\/wp\/v2\/media\/62468"}],"wp:attachment":[{"href":"https:\/\/www.bojungle.eu\/cs\/wp-json\/wp\/v2\/media?parent=48448"}],"wp:term":[{"taxonomy":"product_brand","embeddable":true,"href":"https:\/\/www.bojungle.eu\/cs\/wp-json\/wp\/v2\/product_brand?post=48448"},{"taxonomy":"product_cat","embeddable":true,"href":"https:\/\/www.bojungle.eu\/cs\/wp-json\/wp\/v2\/product_cat?post=48448"},{"taxonomy":"product_tag","embeddable":true,"href":"https:\/\/www.bojungle.eu\/cs\/wp-json\/wp\/v2\/product_tag?post=48448"},{"taxonomy":"woo-feed-brand","embeddable":true,"href":"https:\/\/www.bojungle.eu\/cs\/wp-json\/wp\/v2\/woo-feed-brand?post=48448"}],"curies":[{"name":"wp","href":"https:\/\/api.w.org\/{rel}","templated":true}]}}