{"id":48538,"date":"2023-09-07T14:56:37","date_gmt":"2023-09-07T12:56:37","guid":{"rendered":"https:\/\/www.bojungle.eu\/product\/kartacky-pro-peci-o-dite-3-ks\/"},"modified":"2025-02-13T14:17:16","modified_gmt":"2025-02-13T13:17:16","slug":"kartacky-pro-peci-o-dite-3-ks","status":"publish","type":"product","link":"https:\/\/www.bojungle.eu\/cs\/produkt\/kartacky-pro-peci-o-dite-3-ks\/","title":{"rendered":"Kart\u00e1\u010dky pro p\u00e9\u010di o d\u00edt\u011b (3 ks)"},"content":{"rendered":"<p>Na\u0161e sada kart\u00e1\u010d\u016f pro p\u00e9\u010di o d\u011bti je vyrobena tak, aby jemn\u011b pe\u010dovala o jemnou poko\u017eku hlavy a vlasy va\u0161eho d\u00edt\u011bte. Tato sada, vyroben\u00e1 z p\u0159\u00edrodn\u00edch materi\u00e1l\u016f a ve vysok\u00e9 kvalit\u011b, obsahuje t\u0159i r\u016fzn\u00e9 kart\u00e1\u010de pro ka\u017ed\u00fd typ d\u011btsk\u00fdch vlas\u016f, od jemn\u00fdch a hebk\u00fdch a\u017e po hust\u0161\u00ed. <\/p>\n<ul>\n<li><strong>Snadn\u00e9 dr\u017een\u00ed:<\/strong> Ka\u017ed\u00fd kart\u00e1\u010dek m\u00e1 hladkou rukoje\u0165 z hru\u0161kov\u00e9ho d\u0159eva, tak\u017ee se rodi\u010d\u016fm pohodln\u011b dr\u017e\u00ed a snadno pou\u017e\u00edv\u00e1.<\/li>\n<li><strong>Zaoblen\u00e9 zuby a \u0161t\u011btiny:<\/strong> D\u00edky zaoblen\u00fdm \u0161pi\u010dk\u00e1m a m\u011bkk\u00fdm \u0161t\u011btin\u00e1m z osl\u00ed srsti jsou tyto kart\u00e1\u010de \u0161etrn\u00e9 k poko\u017ece hlavy a zabra\u0148uj\u00ed jej\u00edmu tah\u00e1n\u00ed nebo podr\u00e1\u017ed\u011bn\u00ed.<\/li>\n<li><strong>Ide\u00e1ln\u00ed pro citlivou ple\u0165:<\/strong> Tyto kart\u00e1\u010de jsou ide\u00e1ln\u00ed pro citlivou d\u011btskou poko\u017eku, proto\u017ee pom\u00e1haj\u00ed udr\u017eovat vlasy jemn\u00e9 a hladk\u00e9 a z\u00e1rove\u0148 jsou velmi \u0161etrn\u00e9.<\/li>\n<\/ul>\n<div class=\"flex max-w-full flex-col flex-grow\">\n<div class=\"min-h-8 text-message flex w-full flex-col items-end gap-2 whitespace-normal break-words [.text-message+&amp;]:mt-5\" dir=\"auto\" data-message-author-role=\"assistant\" data-message-id=\"534e1b46-fdf7-4e15-9a16-42cce9b45815\" data-message-model-slug=\"gpt-4o\">\n<div class=\"flex w-full flex-col gap-1 empty:hidden first:pt-[3px]\">\n<div class=\"markdown prose w-full break-words dark:prose-invert light\">\n<p>Tato t\u0159\u00edd\u00edln\u00e1 sada v\u00e1m poskytne v\u0161e, co pot\u0159ebujete, aby se vlasy va\u0161eho d\u00edt\u011bte nezamot\u00e1valy a bylo o n\u011b dob\u0159e postar\u00e1no &#8211; a to v\u0161e s jemn\u00fdm dotykem p\u0159\u00edrodn\u00edch materi\u00e1l\u016f.<\/p>\n<\/div>\n<\/div>\n<\/div>\n<\/div>\n<div class=\"mb-2 flex gap-3 empty:hidden -ml-2\">\n<div class=\"items-center justify-start rounded-xl p-1 flex\">\n<div class=\"flex items-center\">\n<p>&nbsp;<\/p>\n<div class=\"flex\"><\/div>\n<div class=\"flex items-center pb-0\"><\/div>\n<\/div>\n<\/div>\n<\/div>\n","protected":false},"excerpt":{"rendered":"<p>Tato p\u0159\u00edrodn\u00ed t\u0159\u00edd\u00edln\u00e1 sada kart\u00e1\u010d\u016f pro p\u00e9\u010di o vlasy je ide\u00e1ln\u00ed pro \u0161etrnou p\u00e9\u010di o vlasy va\u0161eho d\u00edt\u011bte. Ka\u017ed\u00fd kart\u00e1\u010d je vyroben z hladk\u00fdch rukojet\u00ed z hru\u0161kov\u00e9ho d\u0159eva a m\u011bkk\u00fdch \u0161t\u011btin z osl\u00edch chlup\u016f, tak\u017ee je \u0161etrn\u00fd k citliv\u00e9 poko\u017ece hlavy a snadno se dr\u017e\u00ed. Tato sada je ide\u00e1ln\u00ed pro v\u0161echny typy vlas\u016f a udr\u017euje vlasy va\u0161eho d\u00edt\u011bte hladk\u00e9 a nezamotan\u00e9.  <\/p>\n","protected":false},"featured_media":68777,"comment_status":"closed","ping_status":"closed","template":"","meta":{"_lmt_disableupdate":"","_lmt_disable":""},"product_brand":[],"product_cat":[579,506],"product_tag":[],"woo-feed-brand":[],"class_list":{"0":"post-48538","1":"product","2":"type-product","3":"status-publish","4":"has-post-thumbnail","6":"product_cat-krasa-a-zdravi-ditete","7":"product_cat-pece-o-telo","9":"first","10":"instock","11":"taxable","12":"shipping-taxable","13":"purchasable","14":"product-type-simple"},"_links":{"self":[{"href":"https:\/\/www.bojungle.eu\/cs\/wp-json\/wp\/v2\/product\/48538","targetHints":{"allow":["GET"]}}],"collection":[{"href":"https:\/\/www.bojungle.eu\/cs\/wp-json\/wp\/v2\/product"}],"about":[{"href":"https:\/\/www.bojungle.eu\/cs\/wp-json\/wp\/v2\/types\/product"}],"replies":[{"embeddable":true,"href":"https:\/\/www.bojungle.eu\/cs\/wp-json\/wp\/v2\/comments?post=48538"}],"version-history":[{"count":2,"href":"https:\/\/www.bojungle.eu\/cs\/wp-json\/wp\/v2\/product\/48538\/revisions"}],"predecessor-version":[{"id":79085,"href":"https:\/\/www.bojungle.eu\/cs\/wp-json\/wp\/v2\/product\/48538\/revisions\/79085"}],"wp:featuredmedia":[{"embeddable":true,"href":"https:\/\/www.bojungle.eu\/cs\/wp-json\/wp\/v2\/media\/68777"}],"wp:attachment":[{"href":"https:\/\/www.bojungle.eu\/cs\/wp-json\/wp\/v2\/media?parent=48538"}],"wp:term":[{"taxonomy":"product_brand","embeddable":true,"href":"https:\/\/www.bojungle.eu\/cs\/wp-json\/wp\/v2\/product_brand?post=48538"},{"taxonomy":"product_cat","embeddable":true,"href":"https:\/\/www.bojungle.eu\/cs\/wp-json\/wp\/v2\/product_cat?post=48538"},{"taxonomy":"product_tag","embeddable":true,"href":"https:\/\/www.bojungle.eu\/cs\/wp-json\/wp\/v2\/product_tag?post=48538"},{"taxonomy":"woo-feed-brand","embeddable":true,"href":"https:\/\/www.bojungle.eu\/cs\/wp-json\/wp\/v2\/woo-feed-brand?post=48538"}],"curies":[{"name":"wp","href":"https:\/\/api.w.org\/{rel}","templated":true}]}}