{"id":48559,"date":"2023-09-08T09:46:10","date_gmt":"2023-09-08T07:46:10","guid":{"rendered":"https:\/\/www.bojungle.eu\/product\/houbicky-z-prirodni-drevni-hmoty-3ks\/"},"modified":"2024-04-02T16:08:54","modified_gmt":"2024-04-02T14:08:54","slug":"houbicky-z-prirodniho-dreva-3ks","status":"publish","type":"product","link":"https:\/\/www.bojungle.eu\/cs\/produkt\/houbicky-z-prirodniho-dreva-3ks\/","title":{"rendered":"Houbi\u010dky z p\u0159\u00edrodn\u00ed d\u0159evn\u00ed hmoty (3ks)"},"content":{"rendered":"<p>P\u0159edstavujeme v\u00e1m na\u0161e houbi\u010dky z p\u0159\u00edrodn\u00ed d\u0159evn\u00ed hmoty &#8211; ekologick\u00e9 \u0159e\u0161en\u00ed pro va\u0161i p\u00e9\u010di o ple\u0165! Tyto houbi\u010dky jsou vyrobeny z \u010dist\u00e9 d\u0159evn\u00ed hmoty a jsou \u0161etrn\u00e9 nejen k va\u0161\u00ed poko\u017ece, ale tak\u00e9 k \u017eivotn\u00edmu prost\u0159ed\u00ed, proto\u017ee jsou zcela biologicky odbourateln\u00e9. D\u00edky v\u00fdjime\u010dn\u00e9 savosti a m\u011bkk\u00e9, ply\u0161ov\u00e9 struktu\u0159e jsou na\u0161e houbi\u010dky ide\u00e1ln\u00ed pro jemnou poko\u017eku va\u0161eho d\u00edt\u011bte. D\u00edky jejich jemn\u00e9mu doteku je koup\u00e1n\u00ed hra\u010dkou a zajist\u00ed va\u0161emu d\u011b\u0165\u00e1tku pe\u010duj\u00edc\u00ed a pohodln\u00fd z\u00e1\u017eitek. Ka\u017ed\u00e1 houbi\u010dka m\u00e1 jedine\u010dn\u00fd tvar, kter\u00fd dod\u00e1 va\u0161\u00ed ka\u017edodenn\u00ed p\u00e9\u010di o poko\u017eku n\u00e1dech rozmarnosti. Tyto houbi\u010dky jsou k dispozici v sad\u011b t\u0159\u00ed hrav\u00fdch barev a p\u0159in\u00e1\u0161ej\u00ed z\u00e1bavn\u00fd prvek do va\u0161ich koupelnov\u00fdch pot\u0159eb. Na\u0161e p\u0159\u00edrodn\u00ed houbi\u010dky jsou ide\u00e1ln\u00ed na obli\u010dej i t\u011blo a zaji\u0161\u0165uj\u00ed d\u016fkladn\u00e9 \u010di\u0161t\u011bn\u00ed, ani\u017e by dr\u00e1\u017edily citliv\u00e9 typy poko\u017eky. Rozlu\u010dte se s drsn\u00fdmi chemik\u00e1liemi a p\u0159iv\u00edtejte \u010distou dobrotu d\u0159evn\u00ed hmoty. Vylep\u0161ete svou rutinn\u00ed p\u00e9\u010di o ple\u0165 na\u0161imi p\u0159\u00edrodn\u00edmi houbi\u010dkami z d\u0159evn\u00ed buni\u010diny &#8211; proto\u017ee p\u00e9\u010de o va\u0161i ple\u0165 a planetu by m\u011bla j\u00edt v\u017edy ruku v ruce. <\/p>\n<ul>\n<li>Z\u00e1bavn\u00e9, hrav\u00e9 tvary a barvy<\/li>\n<li>Vyrobeno z d\u0159evn\u00ed buni\u010diny<\/li>\n<li>Sada 3 ks<\/li>\n<li>Ide\u00e1ln\u00ed na obli\u010dej a t\u011blo<\/li>\n<li>Vhodn\u00e9 pro citliv\u00e9 typy poko\u017eky<\/li>\n<\/ul>\n","protected":false},"excerpt":{"rendered":"<p><span class=\"OYPEnA text-decoration-none text-strikethrough-none\">P\u0159\u00edrodn\u00ed d\u0159evit\u00e9 houby jsou vyrobeny z d\u0159evit\u00e9 buni\u010diny a jsou biologicky odbourateln\u00e9. Maj\u00ed skv\u011blou savost a m\u011bkkou strukturu, a proto jsou ide\u00e1ln\u00edmi faktory pro poko\u017eku va\u0161eho d\u00edt\u011bte. Ka\u017ed\u00e1 houbi\u010dka m\u00e1 jedine\u010dn\u00fd tvar. P\u0159\u00edrodn\u00ed houbi\u010dky jsou ide\u00e1ln\u00ed pro \u010di\u0161t\u011bn\u00ed obli\u010deje a t\u011bla a nav\u00edc jsou vhodn\u00e9 pro citliv\u00e9 typy poko\u017eky.   <\/span><\/p>\n","protected":false},"featured_media":68837,"comment_status":"closed","ping_status":"closed","template":"","meta":{"_lmt_disableupdate":"","_lmt_disable":""},"product_brand":[],"product_cat":[578,506],"product_tag":[],"woo-feed-brand":[],"class_list":{"0":"post-48559","1":"product","2":"type-product","3":"status-publish","4":"has-post-thumbnail","6":"product_cat-dite-ve-vane","7":"product_cat-pece-o-telo","9":"first","10":"instock","11":"taxable","12":"shipping-taxable","13":"purchasable","14":"product-type-simple"},"_links":{"self":[{"href":"https:\/\/www.bojungle.eu\/cs\/wp-json\/wp\/v2\/product\/48559","targetHints":{"allow":["GET"]}}],"collection":[{"href":"https:\/\/www.bojungle.eu\/cs\/wp-json\/wp\/v2\/product"}],"about":[{"href":"https:\/\/www.bojungle.eu\/cs\/wp-json\/wp\/v2\/types\/product"}],"replies":[{"embeddable":true,"href":"https:\/\/www.bojungle.eu\/cs\/wp-json\/wp\/v2\/comments?post=48559"}],"version-history":[{"count":1,"href":"https:\/\/www.bojungle.eu\/cs\/wp-json\/wp\/v2\/product\/48559\/revisions"}],"predecessor-version":[{"id":71909,"href":"https:\/\/www.bojungle.eu\/cs\/wp-json\/wp\/v2\/product\/48559\/revisions\/71909"}],"wp:featuredmedia":[{"embeddable":true,"href":"https:\/\/www.bojungle.eu\/cs\/wp-json\/wp\/v2\/media\/68837"}],"wp:attachment":[{"href":"https:\/\/www.bojungle.eu\/cs\/wp-json\/wp\/v2\/media?parent=48559"}],"wp:term":[{"taxonomy":"product_brand","embeddable":true,"href":"https:\/\/www.bojungle.eu\/cs\/wp-json\/wp\/v2\/product_brand?post=48559"},{"taxonomy":"product_cat","embeddable":true,"href":"https:\/\/www.bojungle.eu\/cs\/wp-json\/wp\/v2\/product_cat?post=48559"},{"taxonomy":"product_tag","embeddable":true,"href":"https:\/\/www.bojungle.eu\/cs\/wp-json\/wp\/v2\/product_tag?post=48559"},{"taxonomy":"woo-feed-brand","embeddable":true,"href":"https:\/\/www.bojungle.eu\/cs\/wp-json\/wp\/v2\/woo-feed-brand?post=48559"}],"curies":[{"name":"wp","href":"https:\/\/api.w.org\/{rel}","templated":true}]}}