{"id":48599,"date":"2023-09-08T11:50:16","date_gmt":"2023-09-08T09:50:16","guid":{"rendered":"https:\/\/www.bojungle.eu\/product\/detsky-cistic-nosu\/"},"modified":"2024-11-21T10:11:40","modified_gmt":"2024-11-21T09:11:40","slug":"detsky-cistic-nosu","status":"publish","type":"product","link":"https:\/\/www.bojungle.eu\/cs\/produkt\/detsky-cistic-nosu\/","title":{"rendered":"D\u011btsk\u00fd \u010disti\u010d nosu"},"content":{"rendered":"<p>Pomozte sv\u00e9mu d\u011b\u0165\u00e1tku l\u00e9pe d\u00fdchat s na\u0161\u00edm \u010disti\u010dem d\u011btsk\u00e9ho nosu. Rychle a \u0161etrn\u011b odstra\u0148uje hleny, co\u017e je ide\u00e1ln\u00ed p\u0159i ucpan\u00e9m nose nebo nachlazen\u00ed. Je bezpe\u010dn\u00fd pro pou\u017eit\u00ed od narozen\u00ed, snadno se \u010dist\u00ed a jednodu\u0161e se pou\u017e\u00edv\u00e1.  <\/p>\n<ul>\n<li><strong>Kompaktn\u00ed velikost: <\/strong>Skv\u011ble se hod\u00ed dom\u016f i na cesty.<\/li>\n<li><strong>Odn\u00edmateln\u00fd n\u00e1stavec: <\/strong>Umo\u017e\u0148uje rychl\u00e9 a snadn\u00e9 \u010di\u0161t\u011bn\u00ed.<\/li>\n<li><strong>Bezpe\u010dn\u00fd novorozenec: <\/strong>\u0160etrn\u00e9 a bezpe\u010dn\u00e9 pro mal\u00e9 nosy.<\/li>\n<\/ul>\n<p>Keep your baby comfy and clear with this handy nose cleaner!<\/p>\n","protected":false},"excerpt":{"rendered":"<p><span class=\"OYPEnA text-decoration-none text-strikethrough-none\">Tento \u010disti\u010d d\u011btsk\u00e9ho nosu snadno a rychle odstran\u00ed hleny va\u0161eho d\u011b\u0165\u00e1tka. K pou\u017eit\u00ed od narozen\u00ed a ide\u00e1ln\u00ed p\u0159i ucpan\u00e9m nose nebo r\u00fdm\u011b. Nav\u00edc ji lze d\u00edky odn\u00edmateln\u00e9mu n\u00e1stavci snadno vy\u010distit i uvnit\u0159.  <\/span><\/p>\n","protected":false},"featured_media":79490,"comment_status":"closed","ping_status":"closed","template":"","meta":{"_lmt_disableupdate":"","_lmt_disable":""},"product_brand":[],"product_cat":[579,506],"product_tag":[],"woo-feed-brand":[],"class_list":{"0":"post-48599","1":"product","2":"type-product","3":"status-publish","4":"has-post-thumbnail","6":"product_cat-krasa-a-zdravi-ditete","7":"product_cat-pece-o-telo","9":"first","10":"instock","11":"taxable","12":"shipping-taxable","13":"purchasable","14":"product-type-simple"},"_links":{"self":[{"href":"https:\/\/www.bojungle.eu\/cs\/wp-json\/wp\/v2\/product\/48599","targetHints":{"allow":["GET"]}}],"collection":[{"href":"https:\/\/www.bojungle.eu\/cs\/wp-json\/wp\/v2\/product"}],"about":[{"href":"https:\/\/www.bojungle.eu\/cs\/wp-json\/wp\/v2\/types\/product"}],"replies":[{"embeddable":true,"href":"https:\/\/www.bojungle.eu\/cs\/wp-json\/wp\/v2\/comments?post=48599"}],"version-history":[{"count":2,"href":"https:\/\/www.bojungle.eu\/cs\/wp-json\/wp\/v2\/product\/48599\/revisions"}],"predecessor-version":[{"id":78436,"href":"https:\/\/www.bojungle.eu\/cs\/wp-json\/wp\/v2\/product\/48599\/revisions\/78436"}],"wp:featuredmedia":[{"embeddable":true,"href":"https:\/\/www.bojungle.eu\/cs\/wp-json\/wp\/v2\/media\/79490"}],"wp:attachment":[{"href":"https:\/\/www.bojungle.eu\/cs\/wp-json\/wp\/v2\/media?parent=48599"}],"wp:term":[{"taxonomy":"product_brand","embeddable":true,"href":"https:\/\/www.bojungle.eu\/cs\/wp-json\/wp\/v2\/product_brand?post=48599"},{"taxonomy":"product_cat","embeddable":true,"href":"https:\/\/www.bojungle.eu\/cs\/wp-json\/wp\/v2\/product_cat?post=48599"},{"taxonomy":"product_tag","embeddable":true,"href":"https:\/\/www.bojungle.eu\/cs\/wp-json\/wp\/v2\/product_tag?post=48599"},{"taxonomy":"woo-feed-brand","embeddable":true,"href":"https:\/\/www.bojungle.eu\/cs\/wp-json\/wp\/v2\/woo-feed-brand?post=48599"}],"curies":[{"name":"wp","href":"https:\/\/api.w.org\/{rel}","templated":true}]}}