{"id":49075,"date":"2023-10-11T14:08:01","date_gmt":"2023-10-11T12:08:01","guid":{"rendered":"https:\/\/www.bojungle.eu\/product\/plysovy-pohar-na-piti-koaly-360\/"},"modified":"2024-04-16T14:58:50","modified_gmt":"2024-04-16T12:58:50","slug":"plysovy-koala-pitny-pohar-360","status":"publish","type":"product","link":"https:\/\/www.bojungle.eu\/cs\/produkt\/plysovy-koala-pitny-pohar-360\/","title":{"rendered":"Ply\u0161ov\u00fd poh\u00e1r na pit\u00ed koaly 360\u00b0"},"content":{"rendered":"<div class=\"w-full text-token-text-primary\" dir=\"auto\" data-testid=\"conversation-turn-5\">\n<div class=\"px-4 py-2 justify-center text-base md:gap-6 m-auto\">\n<div class=\"flex flex-1 text-base mx-auto gap-3 juice:gap-4 juice:md:gap-6 md:px-5 lg:px-1 xl:px-5 md:max-w-3xl lg:max-w-[40rem] xl:max-w-[48rem]\">\n<div class=\"relative flex w-full flex-col agent-turn\">\n<div class=\"flex-col gap-1 md:gap-3\">\n<div class=\"flex flex-grow flex-col max-w-full\">\n<div class=\"min-h-[20px] text-message flex flex-col items-start gap-3 whitespace-pre-wrap break-words [.text-message+&amp;]:mt-5 overflow-x-auto\" dir=\"auto\" data-message-author-role=\"assistant\" data-message-id=\"a5c48557-a76e-4d79-b8ea-5b87861ef68f\">\n<div class=\"markdown prose w-full break-words dark:prose-invert light\">\n<p>P\u0159edstavujeme hrne\u010dek na pit\u00ed Cuddly Koala 360\u00b0, dokonal\u00e9ho spole\u010dn\u00edka pro pitn\u00e1 dobrodru\u017estv\u00ed va\u0161eho d\u011b\u0165\u00e1tka! Tento inovativn\u00ed tr\u00e9ninkov\u00fd hrne\u010dek, navr\u017een\u00fd s ohledem na z\u00e1bavu i funk\u010dnost, je vytvo\u0159en tak, aby p\u0159echod k samostatn\u00e9mu pit\u00ed byl hra\u010dkou. Tento hrne\u010dek s hrav\u00fdm 360\u00b0 designem povzbuzuje va\u0161e d\u00edt\u011b, aby pilo a zkoumalo z jak\u00e9hokoli \u00fahlu, podporuje z\u00e1kladn\u00ed dovednosti pit\u00ed a z\u00e1rove\u0148 omezuje nepo\u0159\u00e1dek na minimum. Integrovan\u00fd silikonov\u00fd okraj zaji\u0161\u0165uje, \u017ee tekutina vyt\u00e9k\u00e1 pouze tehdy, kdy\u017e va\u0161e d\u00edt\u011b vyv\u00edj\u00ed tlak, co\u017e omezuje rozlit\u00ed a umo\u017e\u0148uje kontrolovan\u011bj\u0161\u00ed pit\u00ed. Tento hrne\u010dek zdoben\u00fd rozko\u0161n\u00fdm designem koaly, dopln\u011bn\u00fd p\u016fvabn\u00fdmi dr\u017eadly pro snadn\u00e9 uchopen\u00ed a praktick\u00fdm uz\u00e1v\u011brem, kter\u00fd udr\u017euje obsah \u010derstv\u00fd mezi jednotliv\u00fdmi dou\u0161ky, v sob\u011b spojuje prakti\u010dnost s neodolatelnou roztomilost\u00ed. Rozlu\u010dte se s \u00faniky a rozlit\u00edm d\u00edky na\u0161\u00ed technologii proti vyte\u010den\u00ed, kter\u00e1 v\u00e1m zajist\u00ed klid p\u0159i ka\u017ed\u00e9m dou\u0161ku. S velkorys\u00fdm objemem 240 ml je ide\u00e1ln\u00ed pro uha\u0161en\u00ed \u017e\u00edzn\u011b va\u0161eho d\u00edt\u011bte b\u011bhem hran\u00ed nebo dobrodru\u017estv\u00ed na cest\u00e1ch. A a\u017e p\u0159ijde \u010das na \u00faklid, jednodu\u0161e ji vho\u010fte do my\u010dky n\u00e1dob\u00ed, abyste ji mohli bez n\u00e1mahy udr\u017eovat, a vy tak budete m\u00edt v\u00edce \u010dasu na vychutn\u00e1v\u00e1n\u00ed vz\u00e1cn\u00fdch chvil s va\u0161\u00edm mal\u00fdm d\u00edt\u011btem. S hrn\u00ed\u010dkem na pit\u00ed Cuddly Koala 360\u00b0 se pit\u00ed stane z\u00e1bavou bez nepo\u0159\u00e1dku &#8211; proto\u017ee ka\u017ed\u00fd dou\u0161ek by m\u011bl b\u00fdt dobrodru\u017estv\u00edm! <\/p>\n<\/div>\n<\/div>\n<\/div>\n<\/div>\n<\/div>\n<\/div>\n<\/div>\n<\/div>\n","protected":false},"excerpt":{"rendered":"<p>Objevte hrne\u010dek na pit\u00ed Cuddly Koala 360\u00b0! Je to hrav\u00fd zp\u016fsob, jak se va\u0161e d\u011b\u0165\u00e1tko nau\u010d\u00ed samostatn\u011b p\u00edt. D\u00edky silikonov\u00e9mu okraji se omezuje rozl\u00e9v\u00e1n\u00ed, tak\u017ee je to z\u00e1bava bez nepo\u0159\u00e1dku. D\u00edky roztomil\u00e9mu designu koaly, dr\u017eadl\u016fm pro snadn\u00e9 dr\u017een\u00ed a v\u00ed\u010dku, kter\u00e9 udr\u017euje n\u00e1poje \u010derstv\u00e9, je rozko\u0161n\u00fd a praktick\u00fd z\u00e1rove\u0148. Nav\u00edc je odoln\u00e1 proti vyte\u010den\u00ed a pro snadn\u00e9 \u010di\u0161t\u011bn\u00ed ji lze m\u00fdt v my\u010dce n\u00e1dob\u00ed. S objemem 240 ml je ide\u00e1ln\u00ed pro \u017e\u00edze\u0148 va\u0161eho d\u00edt\u011bte. Pozdravte bezprobl\u00e9mov\u00e9 pop\u00edjen\u00ed s hrnkem na pit\u00ed Cuddly Koala 360\u00b0!      <\/p>\n","protected":false},"featured_media":73813,"comment_status":"closed","ping_status":"closed","template":"","meta":{"_lmt_disableupdate":"","_lmt_disable":""},"product_brand":[],"product_cat":[429,433],"product_tag":[],"woo-feed-brand":[],"class_list":{"0":"post-49075","1":"product","2":"type-product","3":"status-publish","4":"has-post-thumbnail","6":"product_cat-jidlo-a-piti","7":"product_cat-priprava-jidla","9":"first","10":"instock","11":"taxable","12":"shipping-taxable","13":"purchasable","14":"product-type-simple"},"_links":{"self":[{"href":"https:\/\/www.bojungle.eu\/cs\/wp-json\/wp\/v2\/product\/49075","targetHints":{"allow":["GET"]}}],"collection":[{"href":"https:\/\/www.bojungle.eu\/cs\/wp-json\/wp\/v2\/product"}],"about":[{"href":"https:\/\/www.bojungle.eu\/cs\/wp-json\/wp\/v2\/types\/product"}],"replies":[{"embeddable":true,"href":"https:\/\/www.bojungle.eu\/cs\/wp-json\/wp\/v2\/comments?post=49075"}],"version-history":[{"count":1,"href":"https:\/\/www.bojungle.eu\/cs\/wp-json\/wp\/v2\/product\/49075\/revisions"}],"predecessor-version":[{"id":73872,"href":"https:\/\/www.bojungle.eu\/cs\/wp-json\/wp\/v2\/product\/49075\/revisions\/73872"}],"wp:featuredmedia":[{"embeddable":true,"href":"https:\/\/www.bojungle.eu\/cs\/wp-json\/wp\/v2\/media\/73813"}],"wp:attachment":[{"href":"https:\/\/www.bojungle.eu\/cs\/wp-json\/wp\/v2\/media?parent=49075"}],"wp:term":[{"taxonomy":"product_brand","embeddable":true,"href":"https:\/\/www.bojungle.eu\/cs\/wp-json\/wp\/v2\/product_brand?post=49075"},{"taxonomy":"product_cat","embeddable":true,"href":"https:\/\/www.bojungle.eu\/cs\/wp-json\/wp\/v2\/product_cat?post=49075"},{"taxonomy":"product_tag","embeddable":true,"href":"https:\/\/www.bojungle.eu\/cs\/wp-json\/wp\/v2\/product_tag?post=49075"},{"taxonomy":"woo-feed-brand","embeddable":true,"href":"https:\/\/www.bojungle.eu\/cs\/wp-json\/wp\/v2\/woo-feed-brand?post=49075"}],"curies":[{"name":"wp","href":"https:\/\/api.w.org\/{rel}","templated":true}]}}